{"id":13405,"date":"2025-12-06T10:23:35","date_gmt":"2025-12-06T10:23:35","guid":{"rendered":"https:\/\/europesstore.com\/?post_type=product&#038;p=13405"},"modified":"2026-01-12T07:40:10","modified_gmt":"2026-01-12T07:40:10","slug":"lancome-la-nuit-tresor-intense-eau-de-kadin-tester-parfum-75-ml","status":"publish","type":"product","link":"https:\/\/www.europesstore.com\/en\/product\/lancome-la-nuit-tresor-intense-eau-de-kadin-tester-parfum-75-ml\/","title":{"rendered":"Lancome La Nu\u0131t Tresor Intense- Eau de Kad\u0131n Tester Parf\u00fcm 75 ML"},"content":{"rendered":"<p data-start=\"0\" data-end=\"115\">En tutkulu a\u015fk\u0131 ya\u015famaya haz\u0131r m\u0131s\u0131n? La Nuit Tr\u00e9sor Intense\u2019in ihti\u015faml\u0131 kokusuyla en yo\u011fun a\u015fk hikayesini hisset.<\/p>\n<p data-start=\"117\" data-end=\"243\">\u25cf BA\u011eIMLILIK YARATAN B\u0130R FLOR\u0130ENTAL KOKU<br \/>\u25cf ZAR\u0130F B\u0130R YAKUT \u015e\u0130\u015eE<br \/>\u25cf S\u00dcRD\u00dcR\u00dcLEB\u0130L\u0130R KAYNAKLARDAN ELDE ED\u0130LEN DAMASCENA G\u00dcL\u00dc<\/p>\n<p data-start=\"245\" data-end=\"429\" data-is-last-node=\"\" data-is-only-node=\"\">Fark\u0131 ne?<br \/>Tek bir f\u0131sla duyular\u0131n\u0131n patlamas\u0131na kap\u0131l: Damascena g\u00fcl\u00fcn\u00fcn ba\u015ftan \u00e7\u0131kar\u0131c\u0131 kalbi, sulu bir siyah kirazla i\u00e7 i\u00e7e ge\u00e7erken, badem s\u00fct\u00fcn\u00fcn yumu\u015fakl\u0131\u011f\u0131yla nazik\u00e7e dengelenir.<\/p>","protected":false},"excerpt":{"rendered":"<p>En tutkulu a\u015fk\u0131 ya\u015famaya haz\u0131r m\u0131s\u0131n? La Nuit Tr\u00e9sor Intense\u2019in ihti\u015faml\u0131 kokusuyla en yo\u011fun a\u015fk hikayesini hisset. \u25cf BA\u011eIMLILIK YARATAN B\u0130R FLOR\u0130ENTAL KOKU\u25cf ZAR\u0130F B\u0130R YAKUT \u015e\u0130\u015eE\u25cf S\u00dcRD\u00dcR\u00dcLEB\u0130L\u0130R KAYNAKLARDAN ELDE ED\u0130LEN DAMASCENA G\u00dcL\u00dc Fark\u0131 ne?Tek bir f\u0131sla duyular\u0131n\u0131n patlamas\u0131na kap\u0131l: Damascena g\u00fcl\u00fcn\u00fcn ba\u015ftan \u00e7\u0131kar\u0131c\u0131 kalbi, sulu bir siyah kirazla i\u00e7 i\u00e7e ge\u00e7erken, badem s\u00fct\u00fcn\u00fcn yumu\u015fakl\u0131\u011f\u0131yla [&hellip;]<\/p>","protected":false},"featured_media":13457,"comment_status":"open","ping_status":"closed","template":"","meta":[],"product_brand":[],"product_cat":[144,112],"product_tag":[],"class_list":{"0":"post-13405","1":"product","2":"type-product","3":"status-publish","4":"has-post-thumbnail","6":"product_cat-ithal-kadin-parfum","7":"product_cat-ithal-parfum","9":"first","10":"onbackorder","11":"sale","12":"shipping-taxable","13":"purchasable","14":"product-type-simple"},"jetpack_sharing_enabled":true,"_links":{"self":[{"href":"https:\/\/www.europesstore.com\/en\/wp-json\/wp\/v2\/product\/13405","targetHints":{"allow":["GET"]}}],"collection":[{"href":"https:\/\/www.europesstore.com\/en\/wp-json\/wp\/v2\/product"}],"about":[{"href":"https:\/\/www.europesstore.com\/en\/wp-json\/wp\/v2\/types\/product"}],"replies":[{"embeddable":true,"href":"https:\/\/www.europesstore.com\/en\/wp-json\/wp\/v2\/comments?post=13405"}],"wp:featuredmedia":[{"embeddable":true,"href":"https:\/\/www.europesstore.com\/en\/wp-json\/wp\/v2\/media\/13457"}],"wp:attachment":[{"href":"https:\/\/www.europesstore.com\/en\/wp-json\/wp\/v2\/media?parent=13405"}],"wp:term":[{"taxonomy":"product_brand","embeddable":true,"href":"https:\/\/www.europesstore.com\/en\/wp-json\/wp\/v2\/product_brand?post=13405"},{"taxonomy":"product_cat","embeddable":true,"href":"https:\/\/www.europesstore.com\/en\/wp-json\/wp\/v2\/product_cat?post=13405"},{"taxonomy":"product_tag","embeddable":true,"href":"https:\/\/www.europesstore.com\/en\/wp-json\/wp\/v2\/product_tag?post=13405"}],"curies":[{"name":"wp","href":"https:\/\/api.w.org\/{rel}","templated":true}]}}