{"id":13406,"date":"2025-12-06T10:23:35","date_gmt":"2025-12-06T10:23:35","guid":{"rendered":"https:\/\/europesstore.com\/?post_type=product&#038;p=13406"},"modified":"2025-12-06T10:23:35","modified_gmt":"2025-12-06T10:23:35","slug":"diesel-spirit-of-the-brave-eau-de-erkek-tester-parfum-125-ml","status":"publish","type":"product","link":"https:\/\/www.europesstore.com\/en\/product\/diesel-spirit-of-the-brave-eau-de-erkek-tester-parfum-125-ml\/","title":{"rendered":"Diesel Spirit Of The Brave- Eau de Erkek Tester Parf\u00fcm 125 ML"},"content":{"rendered":"<h3 data-start=\"87\" data-end=\"122\">\u00dcst Nota :&nbsp;<\/h3>\n<ul data-start=\"145\" data-end=\"170\">\n<li data-start=\"145\" data-end=\"157\">\n<p data-start=\"147\" data-end=\"157\">Bergamot<\/p>\n<\/li>\n<li data-start=\"158\" data-end=\"170\">\n<p data-start=\"160\" data-end=\"170\">Galbanum<\/p>\n<\/li>\n<\/ul>\n<h3 data-start=\"172\" data-end=\"193\">Orta Nota :&nbsp;<\/h3>\n<ul data-start=\"194\" data-end=\"229\">\n<li data-start=\"194\" data-end=\"209\">\n<p data-start=\"196\" data-end=\"209\">Sedir a\u011fac\u0131<\/p>\n<\/li>\n<li data-start=\"210\" data-end=\"229\">\n<p data-start=\"212\" data-end=\"229\">S\u0131cak re\u00e7ineler<\/p>\n<\/li>\n<\/ul>\n<h3 data-start=\"231\" data-end=\"251\">Alt Nota :&nbsp;<\/h3>\n<ul data-start=\"252\" data-end=\"284\">\n<li data-start=\"252\" data-end=\"271\">\n<p data-start=\"254\" data-end=\"271\">Tonka fasulyesi<\/p>\n<\/li>\n<li data-start=\"272\" data-end=\"284\">\n<p data-start=\"274\" data-end=\"284\">Labdanum<\/p>\n<\/li>\n<\/ul>\n<p data-start=\"286\" data-end=\"451\">Bu parf\u00fcm, modern, cesur ve erkeksi bir imaj yaratmay\u0131 hedefler. A\u00e7\u0131l\u0131\u015f\u0131 ferah ve enerjik, orta notalar\u0131 mask\u00fclen ve karizmatik, dip notalar\u0131 ise s\u0131cak ve kal\u0131c\u0131d\u0131r.<\/p>","protected":false},"excerpt":{"rendered":"<p>\u00dcst Nota :&nbsp; Bergamot Galbanum Orta Nota :&nbsp; Sedir a\u011fac\u0131 S\u0131cak re\u00e7ineler Alt Nota :&nbsp; Tonka fasulyesi Labdanum Bu parf\u00fcm, modern, cesur ve erkeksi bir imaj yaratmay\u0131 hedefler. A\u00e7\u0131l\u0131\u015f\u0131 ferah ve enerjik, orta notalar\u0131 mask\u00fclen ve karizmatik, dip notalar\u0131 ise s\u0131cak ve kal\u0131c\u0131d\u0131r.<\/p>","protected":false},"featured_media":13458,"comment_status":"open","ping_status":"closed","template":"","meta":[],"product_brand":[],"product_cat":[146,112],"product_tag":[],"class_list":{"0":"post-13406","1":"product","2":"type-product","3":"status-publish","4":"has-post-thumbnail","6":"product_cat-ithal-erkek-parfum","7":"product_cat-ithal-parfum","9":"first","10":"instock","11":"sale","12":"shipping-taxable","13":"purchasable","14":"product-type-simple"},"jetpack_sharing_enabled":true,"_links":{"self":[{"href":"https:\/\/www.europesstore.com\/en\/wp-json\/wp\/v2\/product\/13406","targetHints":{"allow":["GET"]}}],"collection":[{"href":"https:\/\/www.europesstore.com\/en\/wp-json\/wp\/v2\/product"}],"about":[{"href":"https:\/\/www.europesstore.com\/en\/wp-json\/wp\/v2\/types\/product"}],"replies":[{"embeddable":true,"href":"https:\/\/www.europesstore.com\/en\/wp-json\/wp\/v2\/comments?post=13406"}],"wp:featuredmedia":[{"embeddable":true,"href":"https:\/\/www.europesstore.com\/en\/wp-json\/wp\/v2\/media\/13458"}],"wp:attachment":[{"href":"https:\/\/www.europesstore.com\/en\/wp-json\/wp\/v2\/media?parent=13406"}],"wp:term":[{"taxonomy":"product_brand","embeddable":true,"href":"https:\/\/www.europesstore.com\/en\/wp-json\/wp\/v2\/product_brand?post=13406"},{"taxonomy":"product_cat","embeddable":true,"href":"https:\/\/www.europesstore.com\/en\/wp-json\/wp\/v2\/product_cat?post=13406"},{"taxonomy":"product_tag","embeddable":true,"href":"https:\/\/www.europesstore.com\/en\/wp-json\/wp\/v2\/product_tag?post=13406"}],"curies":[{"name":"wp","href":"https:\/\/api.w.org\/{rel}","templated":true}]}}