{"id":13407,"date":"2025-12-06T10:23:35","date_gmt":"2025-12-06T10:23:35","guid":{"rendered":"https:\/\/europesstore.com\/?post_type=product&#038;p=13407"},"modified":"2025-12-06T10:23:35","modified_gmt":"2025-12-06T10:23:35","slug":"diesel-only-the-brave-eau-de-erkek-tester-parfum-125-ml","status":"publish","type":"product","link":"https:\/\/www.europesstore.com\/en\/product\/diesel-only-the-brave-eau-de-erkek-tester-parfum-125-ml\/","title":{"rendered":"Diesel Only The Brave- Eau de Erkek Tester Parf\u00fcm 125 ML"},"content":{"rendered":"<div style=\"--tw-blur:;--tw-border-opacity:1;--tw-brightness:;--tw-contrast:;--tw-drop-shadow:;--tw-filter:;--tw-grayscale:;--tw-hue-rotate:;--tw-invert:;--tw-ring-offset-shadow:0 0 #0000;--tw-ring-shadow:0 0 #0000;--tw-rotate:0;--tw-saturate:;--tw-scale-x:1;--tw-scale-y:1;--tw-sepia:;--tw-shadow:0 0 #0000;--tw-skew-x:0;--tw-skew-y:0;--tw-translate-x:0;--tw-translate-y:0;, Arial, sans-serif;font-size:13px;font-style:normal;font-weight:400;letter-spacing:normal;margin:0px;padding:0px;text-align:start;text-indent:0px;text-transform:none\"><span style=\"font-family:TTNormsPro;font-size:15px\"><span style=\"float:none;font-style:normal;font-weight:400;letter-spacing:0.3px;text-align:start;text-indent:0px;text-transform:none\">G\u00fcnl\u00fck kullan\u0131ma uygundur<\/span><\/span><br \/><span style=\"font-family:TTNormsPro;font-size:15px\"><span style=\"float:none;font-style:normal;font-weight:400;letter-spacing:0.3px;text-align:start;text-indent:0px;text-transform:none\">\u00fcr\u00fcn kullan\u0131m\u0131 temiz tene ve k\u0131yafete istenilen s\u0131kl\u0131kta kullan\u0131l\u0131r<\/span><\/span><\/p>\n<p><span style=\"font-family:TTNormsPro;font-size:15px\"><span style=\"float:none;font-style:normal;font-weight:400;letter-spacing:0.3px;text-align:start;text-indent:0px;text-transform:none\">Parf\u00fcm\u00fcn \u00fcst notalar\u0131n\u0131, limon, mandalina, kisni\u015f yapraklar\u0131<\/span><\/span><br \/><span style=\"font-family:TTNormsPro;font-size:15px\"><span style=\"float:none;font-style:normal;font-weight:400;letter-spacing:0.3px;text-align:start;text-indent:0px;text-transform:none\">Kalp notalar\u0131:Laden a\u011fac\u0131, siyah g\u00fcl, lavanta ya\u011f\u0131<\/span><\/span><br \/><span style=\"font-family:TTNormsPro;font-size:15px\"><span style=\"float:none;font-style:normal;font-weight:400;letter-spacing:0.3px;text-align:start;text-indent:0px;text-transform:none\">Dip notalar\u0131:Amber, pelesenk ya\u011f\u0131 ve abanoz a\u011fac\u0131 olu\u015fturmaktad\u0131r<\/span><\/span><\/div>","protected":false},"excerpt":{"rendered":"<p>G\u00fcnl\u00fck kullan\u0131ma uygundur\u00fcr\u00fcn kullan\u0131m\u0131 temiz tene ve k\u0131yafete istenilen s\u0131kl\u0131kta kullan\u0131l\u0131r Parf\u00fcm\u00fcn \u00fcst notalar\u0131n\u0131, limon, mandalina, kisni\u015f yapraklar\u0131Kalp notalar\u0131:Laden a\u011fac\u0131, siyah g\u00fcl, lavanta ya\u011f\u0131Dip notalar\u0131:Amber, pelesenk ya\u011f\u0131 ve abanoz a\u011fac\u0131 olu\u015fturmaktad\u0131r<\/p>","protected":false},"featured_media":13466,"comment_status":"open","ping_status":"closed","template":"","meta":[],"product_brand":[],"product_cat":[146,112],"product_tag":[],"class_list":{"0":"post-13407","1":"product","2":"type-product","3":"status-publish","4":"has-post-thumbnail","6":"product_cat-ithal-erkek-parfum","7":"product_cat-ithal-parfum","9":"first","10":"instock","11":"sale","12":"shipping-taxable","13":"purchasable","14":"product-type-simple"},"jetpack_sharing_enabled":true,"_links":{"self":[{"href":"https:\/\/www.europesstore.com\/en\/wp-json\/wp\/v2\/product\/13407","targetHints":{"allow":["GET"]}}],"collection":[{"href":"https:\/\/www.europesstore.com\/en\/wp-json\/wp\/v2\/product"}],"about":[{"href":"https:\/\/www.europesstore.com\/en\/wp-json\/wp\/v2\/types\/product"}],"replies":[{"embeddable":true,"href":"https:\/\/www.europesstore.com\/en\/wp-json\/wp\/v2\/comments?post=13407"}],"wp:featuredmedia":[{"embeddable":true,"href":"https:\/\/www.europesstore.com\/en\/wp-json\/wp\/v2\/media\/13466"}],"wp:attachment":[{"href":"https:\/\/www.europesstore.com\/en\/wp-json\/wp\/v2\/media?parent=13407"}],"wp:term":[{"taxonomy":"product_brand","embeddable":true,"href":"https:\/\/www.europesstore.com\/en\/wp-json\/wp\/v2\/product_brand?post=13407"},{"taxonomy":"product_cat","embeddable":true,"href":"https:\/\/www.europesstore.com\/en\/wp-json\/wp\/v2\/product_cat?post=13407"},{"taxonomy":"product_tag","embeddable":true,"href":"https:\/\/www.europesstore.com\/en\/wp-json\/wp\/v2\/product_tag?post=13407"}],"curies":[{"name":"wp","href":"https:\/\/api.w.org\/{rel}","templated":true}]}}