{"id":13415,"date":"2025-12-06T10:23:35","date_gmt":"2025-12-06T10:23:35","guid":{"rendered":"https:\/\/europesstore.com\/?post_type=product&#038;p=13415"},"modified":"2025-12-06T10:23:35","modified_gmt":"2025-12-06T10:23:35","slug":"rabanne-lady-million-royal-eau-de-kadin-tester-parfum-80-ml","status":"publish","type":"product","link":"https:\/\/www.europesstore.com\/en\/product\/rabanne-lady-million-royal-eau-de-kadin-tester-parfum-80-ml\/","title":{"rendered":"Rabanne Lady Million Royal- Eau de Kad\u0131n Tester Parf\u00fcm 80 ML"},"content":{"rendered":"<p><span style=\"font-family:Jost;font-size:16px\"><span style=\"float:none;font-style:normal;font-weight:400;letter-spacing:0.32px;text-align:start;text-indent:0px;text-transform:none\">Narin b\u00fcy\u00fcleyici kokusu, ba\u015ftan \u00e7\u0131kar\u0131c\u0131 bir \u00e7i\u00e7ek buketiyle bulu\u015farak, en b\u00fcy\u00fcleyici halinizi ortaya \u00e7\u0131karacak ve size duyusal deneyim ya\u015fatacak.<\/span><\/span><\/p>","protected":false},"excerpt":{"rendered":"<p>Narin b\u00fcy\u00fcleyici kokusu, ba\u015ftan \u00e7\u0131kar\u0131c\u0131 bir \u00e7i\u00e7ek buketiyle bulu\u015farak, en b\u00fcy\u00fcleyici halinizi ortaya \u00e7\u0131karacak ve size duyusal deneyim ya\u015fatacak.<\/p>","protected":false},"featured_media":13467,"comment_status":"open","ping_status":"closed","template":"","meta":[],"product_brand":[],"product_cat":[144,112],"product_tag":[],"class_list":{"0":"post-13415","1":"product","2":"type-product","3":"status-publish","4":"has-post-thumbnail","6":"product_cat-ithal-kadin-parfum","7":"product_cat-ithal-parfum","9":"first","10":"instock","11":"sale","12":"shipping-taxable","13":"purchasable","14":"product-type-simple"},"jetpack_sharing_enabled":true,"_links":{"self":[{"href":"https:\/\/www.europesstore.com\/en\/wp-json\/wp\/v2\/product\/13415","targetHints":{"allow":["GET"]}}],"collection":[{"href":"https:\/\/www.europesstore.com\/en\/wp-json\/wp\/v2\/product"}],"about":[{"href":"https:\/\/www.europesstore.com\/en\/wp-json\/wp\/v2\/types\/product"}],"replies":[{"embeddable":true,"href":"https:\/\/www.europesstore.com\/en\/wp-json\/wp\/v2\/comments?post=13415"}],"wp:featuredmedia":[{"embeddable":true,"href":"https:\/\/www.europesstore.com\/en\/wp-json\/wp\/v2\/media\/13467"}],"wp:attachment":[{"href":"https:\/\/www.europesstore.com\/en\/wp-json\/wp\/v2\/media?parent=13415"}],"wp:term":[{"taxonomy":"product_brand","embeddable":true,"href":"https:\/\/www.europesstore.com\/en\/wp-json\/wp\/v2\/product_brand?post=13415"},{"taxonomy":"product_cat","embeddable":true,"href":"https:\/\/www.europesstore.com\/en\/wp-json\/wp\/v2\/product_cat?post=13415"},{"taxonomy":"product_tag","embeddable":true,"href":"https:\/\/www.europesstore.com\/en\/wp-json\/wp\/v2\/product_tag?post=13415"}],"curies":[{"name":"wp","href":"https:\/\/api.w.org\/{rel}","templated":true}]}}