{"id":13416,"date":"2025-12-06T10:23:35","date_gmt":"2025-12-06T10:23:35","guid":{"rendered":"https:\/\/europesstore.com\/?post_type=product&#038;p=13416"},"modified":"2025-12-12T09:01:44","modified_gmt":"2025-12-12T09:01:44","slug":"dior-fahrenheit-eau-de-kadin-parfum-75-ml","status":"publish","type":"product","link":"https:\/\/www.europesstore.com\/en\/product\/dior-fahrenheit-eau-de-kadin-parfum-75-ml\/","title":{"rendered":"Dior Fahrenhe\u0131t &#8211; Eau de Kad\u0131n Parf\u00fcm 75 ML"},"content":{"rendered":"<p><span style=\"font-size:16px\"><span style=\"float:none;font-style:normal;font-weight:400;letter-spacing:normal;text-align:start;text-indent:0px;text-transform:none\">E\u015fsizli\u011fin ve \u00e7arp\u0131c\u0131l\u0131\u011f\u0131n yeni tan\u0131m\u0131! Z\u0131tlar\u0131n bu harmonisi g\u00fcc\u00fc ve \u015f\u0131kl\u0131\u011f\u0131 birle\u015ftiriyor. Menek\u015fe ve deri notalar\u0131 birle\u015ftirilerek, Bourbon vanilya ile zenginle\u015ftirilmi\u015f canl\u0131, duyusal ve kar\u015f\u0131 konulamaz bir koku.<\/span><\/span><\/p>","protected":false},"excerpt":{"rendered":"<p>E\u015fsizli\u011fin ve \u00e7arp\u0131c\u0131l\u0131\u011f\u0131n yeni tan\u0131m\u0131! Z\u0131tlar\u0131n bu harmonisi g\u00fcc\u00fc ve \u015f\u0131kl\u0131\u011f\u0131 birle\u015ftiriyor. Menek\u015fe ve deri notalar\u0131 birle\u015ftirilerek, Bourbon vanilya ile zenginle\u015ftirilmi\u015f canl\u0131, duyusal ve kar\u015f\u0131 konulamaz bir koku.<\/p>","protected":false},"featured_media":13468,"comment_status":"open","ping_status":"closed","template":"","meta":[],"product_brand":[39],"product_cat":[144,112],"product_tag":[],"class_list":{"0":"post-13416","1":"product","2":"type-product","3":"status-publish","4":"has-post-thumbnail","6":"product_brand-dior","7":"product_cat-ithal-kadin-parfum","8":"product_cat-ithal-parfum","10":"first","11":"instock","12":"sale","13":"shipping-taxable","14":"purchasable","15":"product-type-simple"},"jetpack_sharing_enabled":true,"_links":{"self":[{"href":"https:\/\/www.europesstore.com\/en\/wp-json\/wp\/v2\/product\/13416","targetHints":{"allow":["GET"]}}],"collection":[{"href":"https:\/\/www.europesstore.com\/en\/wp-json\/wp\/v2\/product"}],"about":[{"href":"https:\/\/www.europesstore.com\/en\/wp-json\/wp\/v2\/types\/product"}],"replies":[{"embeddable":true,"href":"https:\/\/www.europesstore.com\/en\/wp-json\/wp\/v2\/comments?post=13416"}],"wp:featuredmedia":[{"embeddable":true,"href":"https:\/\/www.europesstore.com\/en\/wp-json\/wp\/v2\/media\/13468"}],"wp:attachment":[{"href":"https:\/\/www.europesstore.com\/en\/wp-json\/wp\/v2\/media?parent=13416"}],"wp:term":[{"taxonomy":"product_brand","embeddable":true,"href":"https:\/\/www.europesstore.com\/en\/wp-json\/wp\/v2\/product_brand?post=13416"},{"taxonomy":"product_cat","embeddable":true,"href":"https:\/\/www.europesstore.com\/en\/wp-json\/wp\/v2\/product_cat?post=13416"},{"taxonomy":"product_tag","embeddable":true,"href":"https:\/\/www.europesstore.com\/en\/wp-json\/wp\/v2\/product_tag?post=13416"}],"curies":[{"name":"wp","href":"https:\/\/api.w.org\/{rel}","templated":true}]}}