{"id":13417,"date":"2025-12-06T10:23:34","date_gmt":"2025-12-06T10:23:34","guid":{"rendered":"https:\/\/europesstore.com\/?post_type=product&#038;p=13417"},"modified":"2025-12-12T09:01:44","modified_gmt":"2025-12-12T09:01:44","slug":"dior-fahrenheit-eau-de-toilette-erkek-tester-parfum-100-ml","status":"publish","type":"product","link":"https:\/\/www.europesstore.com\/en\/product\/dior-fahrenheit-eau-de-toilette-erkek-tester-parfum-100-ml\/","title":{"rendered":"Dior Fahrenhe\u0131t Eau De TOILETTE Erkek Tester Parf\u00fcm &#8211; 100 ML"},"content":{"rendered":"<p><span style=\"font-size:16px\"><span style=\"float:none;font-style:normal;font-weight:400;letter-spacing:normal;text-align:start;text-indent:0px;text-transform:none\">Sicilya&#8217;ya \u00f6zg\u00fc mandalina notalar\u0131 ile mask\u00fclen odunsu ve deri notalarla menek\u015fenin hayret verici kombinasyonuyla g\u00fc\u00e7l\u00fc ve b\u00fcy\u00fcleyici bir ize, e\u015fsiz bir imzaya sahip.<\/span><\/span><\/p>","protected":false},"excerpt":{"rendered":"<p>Sicilya&#8217;ya \u00f6zg\u00fc mandalina notalar\u0131 ile mask\u00fclen odunsu ve deri notalarla menek\u015fenin hayret verici kombinasyonuyla g\u00fc\u00e7l\u00fc ve b\u00fcy\u00fcleyici bir ize, e\u015fsiz bir imzaya sahip.<\/p>","protected":false},"featured_media":13469,"comment_status":"open","ping_status":"closed","template":"","meta":[],"product_brand":[39],"product_cat":[146,112],"product_tag":[],"class_list":{"0":"post-13417","1":"product","2":"type-product","3":"status-publish","4":"has-post-thumbnail","6":"product_brand-dior","7":"product_cat-ithal-erkek-parfum","8":"product_cat-ithal-parfum","10":"first","11":"instock","12":"sale","13":"shipping-taxable","14":"purchasable","15":"product-type-simple"},"jetpack_sharing_enabled":true,"_links":{"self":[{"href":"https:\/\/www.europesstore.com\/en\/wp-json\/wp\/v2\/product\/13417","targetHints":{"allow":["GET"]}}],"collection":[{"href":"https:\/\/www.europesstore.com\/en\/wp-json\/wp\/v2\/product"}],"about":[{"href":"https:\/\/www.europesstore.com\/en\/wp-json\/wp\/v2\/types\/product"}],"replies":[{"embeddable":true,"href":"https:\/\/www.europesstore.com\/en\/wp-json\/wp\/v2\/comments?post=13417"}],"wp:featuredmedia":[{"embeddable":true,"href":"https:\/\/www.europesstore.com\/en\/wp-json\/wp\/v2\/media\/13469"}],"wp:attachment":[{"href":"https:\/\/www.europesstore.com\/en\/wp-json\/wp\/v2\/media?parent=13417"}],"wp:term":[{"taxonomy":"product_brand","embeddable":true,"href":"https:\/\/www.europesstore.com\/en\/wp-json\/wp\/v2\/product_brand?post=13417"},{"taxonomy":"product_cat","embeddable":true,"href":"https:\/\/www.europesstore.com\/en\/wp-json\/wp\/v2\/product_cat?post=13417"},{"taxonomy":"product_tag","embeddable":true,"href":"https:\/\/www.europesstore.com\/en\/wp-json\/wp\/v2\/product_tag?post=13417"}],"curies":[{"name":"wp","href":"https:\/\/api.w.org\/{rel}","templated":true}]}}