{"id":13418,"date":"2025-12-06T10:23:34","date_gmt":"2025-12-06T10:23:34","guid":{"rendered":"https:\/\/europesstore.com\/?post_type=product&#038;p=13418"},"modified":"2025-12-06T10:23:34","modified_gmt":"2025-12-06T10:23:34","slug":"luna-rossa-black-eau-de-erkek-tester-parfum-100-ml","status":"publish","type":"product","link":"https:\/\/www.europesstore.com\/en\/product\/luna-rossa-black-eau-de-erkek-tester-parfum-100-ml\/","title":{"rendered":"Luna Rossa Black- Eau de Erkek Tester Parf\u00fcm 100 ML"},"content":{"rendered":"<p><span style=\"font-family:AvantGardeMedium, Arial, sans-serif;font-size:16px\"><span style=\"float:none;font-style:normal;font-weight:400;letter-spacing:0.4px;text-align:start;text-indent:0px;text-transform:none\">Siyah ultra-l\u00fcks\u00fcn sembol\u00fcd\u00fcr. Prada Luna Rossa Black \u00f6yle bir pafr\u00fcmd\u00fcr ki size ayr\u0131cal\u0131k\u0131 bir hayat\u0131n garantisini verecek. Prada Luna Rossa&#8217;lar\u0131n ilk Eau De Perfume&#8217;\u00fc olup, \u00e7ok yo\u011fun ve kar\u015f\u0131 konulamaz bir kokuyu sizlere sunmaktad\u0131r. ,Prada Luna Rossa Black Bergamot ve Melekotu&#8217;nun kar\u0131\u015f\u0131m\u0131yla odunsu bir f\u00fczyondur. Kalp notas\u0131ndaki Pa\u00e7uli ve Kumarin, dip notas\u0131ndaki Misk ve Esmeramber ile g\u00fc\u00e7lendirili\u015ftir.<\/span><\/span><\/p>","protected":false},"excerpt":{"rendered":"<p>Siyah ultra-l\u00fcks\u00fcn sembol\u00fcd\u00fcr. Prada Luna Rossa Black \u00f6yle bir pafr\u00fcmd\u00fcr ki size ayr\u0131cal\u0131k\u0131 bir hayat\u0131n garantisini verecek. Prada Luna Rossa&#8217;lar\u0131n ilk Eau De Perfume&#8217;\u00fc olup, \u00e7ok yo\u011fun ve kar\u015f\u0131 konulamaz bir kokuyu sizlere sunmaktad\u0131r. ,Prada Luna Rossa Black Bergamot ve Melekotu&#8217;nun kar\u0131\u015f\u0131m\u0131yla odunsu bir f\u00fczyondur. Kalp notas\u0131ndaki Pa\u00e7uli ve Kumarin, dip notas\u0131ndaki Misk ve Esmeramber [&hellip;]<\/p>","protected":false},"featured_media":13470,"comment_status":"open","ping_status":"closed","template":"","meta":[],"product_brand":[],"product_cat":[146,112],"product_tag":[],"class_list":{"0":"post-13418","1":"product","2":"type-product","3":"status-publish","4":"has-post-thumbnail","6":"product_cat-ithal-erkek-parfum","7":"product_cat-ithal-parfum","9":"first","10":"instock","11":"sale","12":"shipping-taxable","13":"purchasable","14":"product-type-simple"},"jetpack_sharing_enabled":true,"_links":{"self":[{"href":"https:\/\/www.europesstore.com\/en\/wp-json\/wp\/v2\/product\/13418","targetHints":{"allow":["GET"]}}],"collection":[{"href":"https:\/\/www.europesstore.com\/en\/wp-json\/wp\/v2\/product"}],"about":[{"href":"https:\/\/www.europesstore.com\/en\/wp-json\/wp\/v2\/types\/product"}],"replies":[{"embeddable":true,"href":"https:\/\/www.europesstore.com\/en\/wp-json\/wp\/v2\/comments?post=13418"}],"wp:featuredmedia":[{"embeddable":true,"href":"https:\/\/www.europesstore.com\/en\/wp-json\/wp\/v2\/media\/13470"}],"wp:attachment":[{"href":"https:\/\/www.europesstore.com\/en\/wp-json\/wp\/v2\/media?parent=13418"}],"wp:term":[{"taxonomy":"product_brand","embeddable":true,"href":"https:\/\/www.europesstore.com\/en\/wp-json\/wp\/v2\/product_brand?post=13418"},{"taxonomy":"product_cat","embeddable":true,"href":"https:\/\/www.europesstore.com\/en\/wp-json\/wp\/v2\/product_cat?post=13418"},{"taxonomy":"product_tag","embeddable":true,"href":"https:\/\/www.europesstore.com\/en\/wp-json\/wp\/v2\/product_tag?post=13418"}],"curies":[{"name":"wp","href":"https:\/\/api.w.org\/{rel}","templated":true}]}}