{"id":13419,"date":"2025-12-06T10:23:34","date_gmt":"2025-12-06T10:23:34","guid":{"rendered":"https:\/\/europesstore.com\/?post_type=product&#038;p=13419"},"modified":"2025-12-06T10:23:34","modified_gmt":"2025-12-06T10:23:34","slug":"luna-rossa-ocean-eau-de-erkek-tester-parfum-100-ml","status":"publish","type":"product","link":"https:\/\/www.europesstore.com\/en\/product\/luna-rossa-ocean-eau-de-erkek-tester-parfum-100-ml\/","title":{"rendered":"Luna Rossa Ocean Eau de -Erkek Tester Parf\u00fcm 100 ML"},"content":{"rendered":"<p><span style=\"font-family:GT-America, sans-serif;font-size:14px\"><span style=\"float:none;font-style:normal;font-weight:400;letter-spacing:normal;text-align:start;text-indent:0px;text-transform:none\">Rossa Ocean, sembolik foug\u00e8re ailesini yeniden ke\u015ffeden benzersiz ve b\u00fcy\u00fcleyici bir koku imzas\u0131na sahiptir. Bergamotun sofistike \u015fehvetiyle kar\u0131\u015ft\u0131r\u0131lan aromatik, ferahlat\u0131c\u0131 ve saf notalar, g\u00fcve otunun rafine \u00f6z\u00fcyle kontrast yarat\u0131r. Zarif bir s\u00fcsen ilavesiyle her \u015fey orta notalarda i\u00e7 i\u00e7e ge\u00e7er. Parf\u00fcm, ferah ve temiz bir hissiyat veren canland\u0131r\u0131c\u0131 lavanta ve ada\u00e7ay\u0131 ikilisiyle birlikte muhte\u015fem bir narenciye kokteyli sunar.&nbsp;<\/span><\/span><\/p>\n<p>&nbsp; &nbsp; &nbsp; &nbsp; \u00dcst notalar: Bergamot, Pembe Biber, Pelin Otu<\/p>\n<p>&nbsp; &nbsp; &nbsp; &nbsp; Orta Notalar: S\u00fcsen, Lavanta, Safran<\/p>\n<ul class=\"ml-sp-26 list-disc text-paragraph-medium lg:text-h3 font-normal\" style=\"--tw-backdrop-blur:;--tw-backdrop-brightness:;--tw-backdrop-contrast:;--tw-backdrop-grayscale:;--tw-backdrop-hue-rotate:;--tw-backdrop-invert:;--tw-backdrop-opacity:;--tw-backdrop-saturate:;--tw-backdrop-sepia:;--tw-blur:;--tw-border-spacing-x:0;--tw-border-spacing-y:0;--tw-brightness:;--tw-contain-layout:;--tw-contain-paint:;--tw-contain-size:;--tw-contain-style:;--tw-contrast:;--tw-drop-shadow:;--tw-gradient-from-position:;--tw-gradient-to-position:;--tw-gradient-via-position:;--tw-grayscale:;--tw-hue-rotate:;--tw-invert:;--tw-numeric-figure:;--tw-numeric-fraction:;--tw-numeric-spacing:;--tw-ordinal:;--tw-pan-x:;--tw-pan-y:;--tw-pinch-zoom:;--tw-ring-inset:;--tw-ring-offset-color:#fff;--tw-ring-offset-shadow:0 0 #0000;--tw-ring-offset-width:0px;--tw-ring-shadow:0 0 #0000;--tw-rotate:0;--tw-saturate:;--tw-scale-x:1;--tw-scale-y:1;--tw-scroll-snap-strictness:proximity;--tw-sepia:;--tw-shadow-colored:0 0 #0000;--tw-shadow:0 0 #0000;--tw-skew-x:0;--tw-skew-y:0;--tw-slashed-zero:;--tw-translate-x:0;--tw-translate-y:0;border-style:solid;border-width:0px;font-family:GT-America, sans-serif;font-size:14px;font-style:normal;font-weight:400;letter-spacing:normal;line-height:18px;margin-bottom:0px;margin-right:0px;margin-top:0px;padding:0px;text-align:start;text-indent:0px;text-transform:none\">\n<li style=\"--tw-backdrop-blur:;--tw-backdrop-brightness:;--tw-backdrop-contrast:;--tw-backdrop-grayscale:;--tw-backdrop-hue-rotate:;--tw-backdrop-invert:;--tw-backdrop-opacity:;--tw-backdrop-saturate:;--tw-backdrop-sepia:;--tw-blur:;--tw-border-spacing-x:0;--tw-border-spacing-y:0;--tw-brightness:;--tw-contain-layout:;--tw-contain-paint:;--tw-contain-size:;--tw-contain-style:;--tw-contrast:;--tw-drop-shadow:;--tw-gradient-from-position:;--tw-gradient-to-position:;--tw-gradient-via-position:;--tw-grayscale:;--tw-hue-rotate:;--tw-invert:;--tw-numeric-figure:;--tw-numeric-fraction:;--tw-numeric-spacing:;--tw-ordinal:;--tw-pan-x:;--tw-pan-y:;--tw-pinch-zoom:;--tw-ring-inset:;--tw-ring-offset-color:#fff;--tw-ring-offset-shadow:0 0 #0000;--tw-ring-offset-width:0px;--tw-ring-shadow:0 0 #0000;--tw-rotate:0;--tw-saturate:;--tw-scale-x:1;--tw-scale-y:1;--tw-scroll-snap-strictness:proximity;--tw-sepia:;--tw-shadow-colored:0 0 #0000;--tw-shadow:0 0 #0000;--tw-skew-x:0;--tw-skew-y:0;--tw-slashed-zero:;--tw-translate-x:0;--tw-translate-y:0;border-style:solid;border-width:0px\">\n<p style=\"margin-left:26px\">Alt Notalar: G\u00fcve Otu, Misk, Pa\u00e7uli<\/p>\n<\/li>\n<\/ul>","protected":false},"excerpt":{"rendered":"<p>Rossa Ocean, sembolik foug\u00e8re ailesini yeniden ke\u015ffeden benzersiz ve b\u00fcy\u00fcleyici bir koku imzas\u0131na sahiptir. Bergamotun sofistike \u015fehvetiyle kar\u0131\u015ft\u0131r\u0131lan aromatik, ferahlat\u0131c\u0131 ve saf notalar, g\u00fcve otunun rafine \u00f6z\u00fcyle kontrast yarat\u0131r. Zarif bir s\u00fcsen ilavesiyle her \u015fey orta notalarda i\u00e7 i\u00e7e ge\u00e7er. Parf\u00fcm, ferah ve temiz bir hissiyat veren canland\u0131r\u0131c\u0131 lavanta ve ada\u00e7ay\u0131 ikilisiyle birlikte muhte\u015fem bir [&hellip;]<\/p>","protected":false},"featured_media":13471,"comment_status":"open","ping_status":"closed","template":"","meta":[],"product_brand":[],"product_cat":[146,112],"product_tag":[],"class_list":{"0":"post-13419","1":"product","2":"type-product","3":"status-publish","4":"has-post-thumbnail","6":"product_cat-ithal-erkek-parfum","7":"product_cat-ithal-parfum","9":"first","10":"instock","11":"sale","12":"shipping-taxable","13":"purchasable","14":"product-type-simple"},"jetpack_sharing_enabled":true,"_links":{"self":[{"href":"https:\/\/www.europesstore.com\/en\/wp-json\/wp\/v2\/product\/13419","targetHints":{"allow":["GET"]}}],"collection":[{"href":"https:\/\/www.europesstore.com\/en\/wp-json\/wp\/v2\/product"}],"about":[{"href":"https:\/\/www.europesstore.com\/en\/wp-json\/wp\/v2\/types\/product"}],"replies":[{"embeddable":true,"href":"https:\/\/www.europesstore.com\/en\/wp-json\/wp\/v2\/comments?post=13419"}],"wp:featuredmedia":[{"embeddable":true,"href":"https:\/\/www.europesstore.com\/en\/wp-json\/wp\/v2\/media\/13471"}],"wp:attachment":[{"href":"https:\/\/www.europesstore.com\/en\/wp-json\/wp\/v2\/media?parent=13419"}],"wp:term":[{"taxonomy":"product_brand","embeddable":true,"href":"https:\/\/www.europesstore.com\/en\/wp-json\/wp\/v2\/product_brand?post=13419"},{"taxonomy":"product_cat","embeddable":true,"href":"https:\/\/www.europesstore.com\/en\/wp-json\/wp\/v2\/product_cat?post=13419"},{"taxonomy":"product_tag","embeddable":true,"href":"https:\/\/www.europesstore.com\/en\/wp-json\/wp\/v2\/product_tag?post=13419"}],"curies":[{"name":"wp","href":"https:\/\/api.w.org\/{rel}","templated":true}]}}