{"id":13420,"date":"2025-12-06T10:23:34","date_gmt":"2025-12-06T10:23:34","guid":{"rendered":"https:\/\/europesstore.com\/?post_type=product&#038;p=13420"},"modified":"2025-12-06T10:23:34","modified_gmt":"2025-12-06T10:23:34","slug":"gucci-flora-by-gucci-eau-de-kadin-tester-parfum-75-ml","status":"publish","type":"product","link":"https:\/\/www.europesstore.com\/en\/product\/gucci-flora-by-gucci-eau-de-kadin-tester-parfum-75-ml\/","title":{"rendered":"Gucci Flora By Gucci Eau de -Kad\u0131n Tester Parf\u00fcm 75 ML"},"content":{"rendered":"<p>\u00dcst notalar: \u0130talyan Mandalina \u00d6z\u00fc, Bergamot, Karabiber Orta notalar: \u0130spanyol Yasemini, Manolya, \u015eam G\u00fcl\u00fc Alt notalar:Benzoin, Avustralya Sandal A\u011fac\u0131, Pa\u00e7ulidir<span style=\", Arial, sans-serif;font-size:20px\"><span style=\"float:none;font-style:normal;font-weight:400;letter-spacing:normal;text-align:start;text-indent:0px;text-transform:none\">.<\/span><\/span><\/p>","protected":false},"excerpt":{"rendered":"<p>\u00dcst notalar: \u0130talyan Mandalina \u00d6z\u00fc, Bergamot, Karabiber Orta notalar: \u0130spanyol Yasemini, Manolya, \u015eam G\u00fcl\u00fc Alt notalar:Benzoin, Avustralya Sandal A\u011fac\u0131, Pa\u00e7ulidir.<\/p>","protected":false},"featured_media":13472,"comment_status":"open","ping_status":"closed","template":"","meta":[],"product_brand":[],"product_cat":[144,112],"product_tag":[],"class_list":{"0":"post-13420","1":"product","2":"type-product","3":"status-publish","4":"has-post-thumbnail","6":"product_cat-ithal-kadin-parfum","7":"product_cat-ithal-parfum","9":"first","10":"instock","11":"sale","12":"shipping-taxable","13":"purchasable","14":"product-type-simple"},"jetpack_sharing_enabled":true,"_links":{"self":[{"href":"https:\/\/www.europesstore.com\/en\/wp-json\/wp\/v2\/product\/13420","targetHints":{"allow":["GET"]}}],"collection":[{"href":"https:\/\/www.europesstore.com\/en\/wp-json\/wp\/v2\/product"}],"about":[{"href":"https:\/\/www.europesstore.com\/en\/wp-json\/wp\/v2\/types\/product"}],"replies":[{"embeddable":true,"href":"https:\/\/www.europesstore.com\/en\/wp-json\/wp\/v2\/comments?post=13420"}],"wp:featuredmedia":[{"embeddable":true,"href":"https:\/\/www.europesstore.com\/en\/wp-json\/wp\/v2\/media\/13472"}],"wp:attachment":[{"href":"https:\/\/www.europesstore.com\/en\/wp-json\/wp\/v2\/media?parent=13420"}],"wp:term":[{"taxonomy":"product_brand","embeddable":true,"href":"https:\/\/www.europesstore.com\/en\/wp-json\/wp\/v2\/product_brand?post=13420"},{"taxonomy":"product_cat","embeddable":true,"href":"https:\/\/www.europesstore.com\/en\/wp-json\/wp\/v2\/product_cat?post=13420"},{"taxonomy":"product_tag","embeddable":true,"href":"https:\/\/www.europesstore.com\/en\/wp-json\/wp\/v2\/product_tag?post=13420"}],"curies":[{"name":"wp","href":"https:\/\/api.w.org\/{rel}","templated":true}]}}