{"id":13429,"date":"2025-12-06T10:23:34","date_gmt":"2025-12-06T10:23:34","guid":{"rendered":"https:\/\/europesstore.com\/?post_type=product&#038;p=13429"},"modified":"2025-12-06T10:23:34","modified_gmt":"2025-12-06T10:23:34","slug":"zadig-voltaire-this-is-her-eau-de-erkek-tester-parfum-100-ml","status":"publish","type":"product","link":"https:\/\/www.europesstore.com\/en\/product\/zadig-voltaire-this-is-her-eau-de-erkek-tester-parfum-100-ml\/","title":{"rendered":"Zadig &amp; Voltaire This is Her! &#8211; Eau de Erkek Tester Parf\u00fcm 100 ML"},"content":{"rendered":"<p><span style=\"font-family:AvantGardeMedium, Arial, sans-serif;font-size:16px\"><span style=\"float:none;font-style:normal;font-weight:400;letter-spacing:0.4px;text-align:start;text-indent:0px;text-transform:none\">Vanilya ve kestane notas\u0131n\u0131n sandal a\u011fac\u0131 ile Rock stilindeki yeni yorumu. Cesur ve \u00f6zg\u00fcr kad\u0131nlar\u0131n vazge\u00e7ilmez parf\u00fcm\u00fc. \u00dcst Notalar; Rock stilinde yorumlanm\u0131\u015f yo\u011fun yasemin \u00e7i\u00e7e\u011fi Kalp Notas\u0131; Yumu\u015fak vanilya notas\u0131 ile a\u015fk\u0131n yeniden yorumu Dip Notalar; ZADIG&amp;VOLTAIRE&#8217;in imza i\u00e7eri\u011fi sandal a\u011fac\u0131<\/span><\/span><\/p>","protected":false},"excerpt":{"rendered":"<p>Vanilya ve kestane notas\u0131n\u0131n sandal a\u011fac\u0131 ile Rock stilindeki yeni yorumu. Cesur ve \u00f6zg\u00fcr kad\u0131nlar\u0131n vazge\u00e7ilmez parf\u00fcm\u00fc. \u00dcst Notalar; Rock stilinde yorumlanm\u0131\u015f yo\u011fun yasemin \u00e7i\u00e7e\u011fi Kalp Notas\u0131; Yumu\u015fak vanilya notas\u0131 ile a\u015fk\u0131n yeniden yorumu Dip Notalar; ZADIG&amp;VOLTAIRE&#8217;in imza i\u00e7eri\u011fi sandal a\u011fac\u0131<\/p>","protected":false},"featured_media":13481,"comment_status":"open","ping_status":"closed","template":"","meta":[],"product_brand":[],"product_cat":[146,112],"product_tag":[],"class_list":{"0":"post-13429","1":"product","2":"type-product","3":"status-publish","4":"has-post-thumbnail","6":"product_cat-ithal-erkek-parfum","7":"product_cat-ithal-parfum","9":"first","10":"instock","11":"sale","12":"shipping-taxable","13":"purchasable","14":"product-type-simple"},"jetpack_sharing_enabled":true,"_links":{"self":[{"href":"https:\/\/www.europesstore.com\/en\/wp-json\/wp\/v2\/product\/13429","targetHints":{"allow":["GET"]}}],"collection":[{"href":"https:\/\/www.europesstore.com\/en\/wp-json\/wp\/v2\/product"}],"about":[{"href":"https:\/\/www.europesstore.com\/en\/wp-json\/wp\/v2\/types\/product"}],"replies":[{"embeddable":true,"href":"https:\/\/www.europesstore.com\/en\/wp-json\/wp\/v2\/comments?post=13429"}],"wp:featuredmedia":[{"embeddable":true,"href":"https:\/\/www.europesstore.com\/en\/wp-json\/wp\/v2\/media\/13481"}],"wp:attachment":[{"href":"https:\/\/www.europesstore.com\/en\/wp-json\/wp\/v2\/media?parent=13429"}],"wp:term":[{"taxonomy":"product_brand","embeddable":true,"href":"https:\/\/www.europesstore.com\/en\/wp-json\/wp\/v2\/product_brand?post=13429"},{"taxonomy":"product_cat","embeddable":true,"href":"https:\/\/www.europesstore.com\/en\/wp-json\/wp\/v2\/product_cat?post=13429"},{"taxonomy":"product_tag","embeddable":true,"href":"https:\/\/www.europesstore.com\/en\/wp-json\/wp\/v2\/product_tag?post=13429"}],"curies":[{"name":"wp","href":"https:\/\/api.w.org\/{rel}","templated":true}]}}