{"id":13430,"date":"2025-12-06T10:23:34","date_gmt":"2025-12-06T10:23:34","guid":{"rendered":"https:\/\/europesstore.com\/?post_type=product&#038;p=13430"},"modified":"2025-12-06T10:23:34","modified_gmt":"2025-12-06T10:23:34","slug":"lacoste-essential-eau-de-erkek-tester-parfum-125-ml","status":"publish","type":"product","link":"https:\/\/www.europesstore.com\/en\/product\/lacoste-essential-eau-de-erkek-tester-parfum-125-ml\/","title":{"rendered":"Lacoste Essential- Eau de Erkek Tester Parf\u00fcm 125 ML"},"content":{"rendered":"<p><span style=\", Arial, sans-serif;font-size:16px\"><span style=\"float:none;font-style:normal;font-weight:400;letter-spacing:normal;text-align:start;text-indent:0px;text-transform:none\">Lacoste Essential, <\/span><\/span><b style=\"border-radius:4px;, Arial, sans-serif;font-size:16px;font-style:normal;font-weight:500;letter-spacing:normal;padding:0px 2px;text-align:start;text-indent:0px;text-transform:none\"><strong>\u00f6zg\u00fcrl\u00fck ve mutluluk kokusu<\/strong><\/b><span style=\", Arial, sans-serif;font-size:16px\"><span style=\"float:none;font-style:normal;font-weight:400;letter-spacing:normal;text-align:start;text-indent:0px;text-transform:none\">. Karabiberin baharat\u0131 ve sandal a\u011fac\u0131n\u0131n yumu\u015fakl\u0131\u011f\u0131yla kontrast olu\u015fturan su narenciyesinin tazeli\u011fini hissedeceksiniz<\/span><\/span><\/p>\n<p>\u00dcst Notalar: Narenciye Akoru.<span style=\", Arial, sans-serif;font-size:20px\"><span style=\"float:none;font-style:normal;font-weight:400;letter-spacing:normal;text-align:start;text-indent:0px;text-transform:none\"> <\/span><\/span>Orta Notalar : Karabiber, G\u00fcl.<span style=\", Arial, sans-serif;font-size:20px\"><span style=\"float:none;font-style:normal;font-weight:400;letter-spacing:normal;text-align:start;text-indent:0px;text-transform:none\"> <\/span><\/span>Alt Notalar : Sandal A\u011fac\u0131, Pa\u00e7uli<span style=\", Arial, sans-serif;font-size:20px\"><span style=\"float:none;font-style:normal;font-weight:400;letter-spacing:normal;text-align:start;text-indent:0px;text-transform:none\">.&nbsp;<\/span><\/span><br \/><span style=\", Arial, sans-serif;font-size:20px\"><span style=\"float:none;font-style:normal;font-weight:400;letter-spacing:normal;text-align:start;text-indent:0px;text-transform:none\">Lacoste Essential, \u00f6zg\u00fcrl\u00fck ve mutluluk kokusu.<\/span><\/span><\/p>","protected":false},"excerpt":{"rendered":"<p>Lacoste Essential, \u00f6zg\u00fcrl\u00fck ve mutluluk kokusu. Karabiberin baharat\u0131 ve sandal a\u011fac\u0131n\u0131n yumu\u015fakl\u0131\u011f\u0131yla kontrast olu\u015fturan su narenciyesinin tazeli\u011fini hissedeceksiniz \u00dcst Notalar: Narenciye Akoru. Orta Notalar : Karabiber, G\u00fcl. Alt Notalar : Sandal A\u011fac\u0131, Pa\u00e7uli.&nbsp;Lacoste Essential, \u00f6zg\u00fcrl\u00fck ve mutluluk kokusu.<\/p>","protected":false},"featured_media":13482,"comment_status":"open","ping_status":"closed","template":"","meta":[],"product_brand":[],"product_cat":[146,112],"product_tag":[],"class_list":{"0":"post-13430","1":"product","2":"type-product","3":"status-publish","4":"has-post-thumbnail","6":"product_cat-ithal-erkek-parfum","7":"product_cat-ithal-parfum","9":"first","10":"instock","11":"sale","12":"shipping-taxable","13":"purchasable","14":"product-type-simple"},"jetpack_sharing_enabled":true,"_links":{"self":[{"href":"https:\/\/www.europesstore.com\/en\/wp-json\/wp\/v2\/product\/13430","targetHints":{"allow":["GET"]}}],"collection":[{"href":"https:\/\/www.europesstore.com\/en\/wp-json\/wp\/v2\/product"}],"about":[{"href":"https:\/\/www.europesstore.com\/en\/wp-json\/wp\/v2\/types\/product"}],"replies":[{"embeddable":true,"href":"https:\/\/www.europesstore.com\/en\/wp-json\/wp\/v2\/comments?post=13430"}],"wp:featuredmedia":[{"embeddable":true,"href":"https:\/\/www.europesstore.com\/en\/wp-json\/wp\/v2\/media\/13482"}],"wp:attachment":[{"href":"https:\/\/www.europesstore.com\/en\/wp-json\/wp\/v2\/media?parent=13430"}],"wp:term":[{"taxonomy":"product_brand","embeddable":true,"href":"https:\/\/www.europesstore.com\/en\/wp-json\/wp\/v2\/product_brand?post=13430"},{"taxonomy":"product_cat","embeddable":true,"href":"https:\/\/www.europesstore.com\/en\/wp-json\/wp\/v2\/product_cat?post=13430"},{"taxonomy":"product_tag","embeddable":true,"href":"https:\/\/www.europesstore.com\/en\/wp-json\/wp\/v2\/product_tag?post=13430"}],"curies":[{"name":"wp","href":"https:\/\/api.w.org\/{rel}","templated":true}]}}