{"id":13431,"date":"2025-12-06T10:23:33","date_gmt":"2025-12-06T10:23:33","guid":{"rendered":"https:\/\/europesstore.com\/?post_type=product&#038;p=13431"},"modified":"2025-12-06T10:23:34","modified_gmt":"2025-12-06T10:23:34","slug":"rabanne-fragrances-olympea-eau-de-kadin-tester-parfum-80-ml","status":"publish","type":"product","link":"https:\/\/www.europesstore.com\/en\/product\/rabanne-fragrances-olympea-eau-de-kadin-tester-parfum-80-ml\/","title":{"rendered":"Rabanne Fragrances Olymp\u00e9a -Eau De Kad\u0131n Tester Parf\u00fcm 80 ML"},"content":{"rendered":"<p><span style=\"font-family:AvantGardeMedium, Arial, sans-serif;font-size:16px\"><span style=\"float:none;font-style:normal;font-weight:400;letter-spacing:0.4px;text-align:start;text-indent:0px;text-transform:none\">Olymp\u00e9a, kad\u0131n\u0131n g\u00fcc\u00fcn\u00fcn ve kutsall\u0131\u011f\u0131n\u0131n yans\u0131mas\u0131. O her kad\u0131n\u0131n k\u0131skand\u0131\u011f\u0131, tanr\u0131sal g\u00fczelli\u011fi ile t\u00fcm erkeklerin arzulad\u0131\u011f\u0131, e\u015fsiz, b\u00fcy\u00fcleyici, g\u00fc\u00e7l\u00fc, kutsal bir kad\u0131n ve zaferin mask\u00fclen ifadesi<\/span><\/span><\/p>","protected":false},"excerpt":{"rendered":"<p>Olymp\u00e9a, kad\u0131n\u0131n g\u00fcc\u00fcn\u00fcn ve kutsall\u0131\u011f\u0131n\u0131n yans\u0131mas\u0131. O her kad\u0131n\u0131n k\u0131skand\u0131\u011f\u0131, tanr\u0131sal g\u00fczelli\u011fi ile t\u00fcm erkeklerin arzulad\u0131\u011f\u0131, e\u015fsiz, b\u00fcy\u00fcleyici, g\u00fc\u00e7l\u00fc, kutsal bir kad\u0131n ve zaferin mask\u00fclen ifadesi<\/p>","protected":false},"featured_media":13483,"comment_status":"open","ping_status":"closed","template":"","meta":[],"product_brand":[],"product_cat":[144,112],"product_tag":[],"class_list":{"0":"post-13431","1":"product","2":"type-product","3":"status-publish","4":"has-post-thumbnail","6":"product_cat-ithal-kadin-parfum","7":"product_cat-ithal-parfum","9":"first","10":"instock","11":"sale","12":"shipping-taxable","13":"purchasable","14":"product-type-simple"},"jetpack_sharing_enabled":true,"_links":{"self":[{"href":"https:\/\/www.europesstore.com\/en\/wp-json\/wp\/v2\/product\/13431","targetHints":{"allow":["GET"]}}],"collection":[{"href":"https:\/\/www.europesstore.com\/en\/wp-json\/wp\/v2\/product"}],"about":[{"href":"https:\/\/www.europesstore.com\/en\/wp-json\/wp\/v2\/types\/product"}],"replies":[{"embeddable":true,"href":"https:\/\/www.europesstore.com\/en\/wp-json\/wp\/v2\/comments?post=13431"}],"wp:featuredmedia":[{"embeddable":true,"href":"https:\/\/www.europesstore.com\/en\/wp-json\/wp\/v2\/media\/13483"}],"wp:attachment":[{"href":"https:\/\/www.europesstore.com\/en\/wp-json\/wp\/v2\/media?parent=13431"}],"wp:term":[{"taxonomy":"product_brand","embeddable":true,"href":"https:\/\/www.europesstore.com\/en\/wp-json\/wp\/v2\/product_brand?post=13431"},{"taxonomy":"product_cat","embeddable":true,"href":"https:\/\/www.europesstore.com\/en\/wp-json\/wp\/v2\/product_cat?post=13431"},{"taxonomy":"product_tag","embeddable":true,"href":"https:\/\/www.europesstore.com\/en\/wp-json\/wp\/v2\/product_tag?post=13431"}],"curies":[{"name":"wp","href":"https:\/\/api.w.org\/{rel}","templated":true}]}}