{"id":13432,"date":"2025-12-06T10:23:33","date_gmt":"2025-12-06T10:23:33","guid":{"rendered":"https:\/\/europesstore.com\/?post_type=product&#038;p=13432"},"modified":"2025-12-06T10:23:33","modified_gmt":"2025-12-06T10:23:33","slug":"rabanne-olympea-eau-de-kadin-tester-parfum-80-ml","status":"publish","type":"product","link":"https:\/\/www.europesstore.com\/en\/product\/rabanne-olympea-eau-de-kadin-tester-parfum-80-ml\/","title":{"rendered":"Rabanne Olympea -Eau De Kad\u0131n Tester Parf\u00fcm 80 ML"},"content":{"rendered":"<p style=\"font-family:Archivo, sans-serif;font-size:14px;font-style:normal;font-weight:400;letter-spacing:normal;margin:0px 0px 10px;text-align:start;text-indent:0px;text-transform:none\">AMBERL\u0130 VAN\u0130LYA K\u00d6P\u00dc\u011e\u00dc, B\u0130TK\u0130SEL \u00dcST NOTALARIYLA ULTRA PARLAK B\u0130R I\u015eIK \u0130LE KONTRAST OLU\u015eTURUYOR.<\/p>\n<p style=\"font-family:Archivo, sans-serif;font-size:14px;font-style:normal;font-weight:400;letter-spacing:normal;margin:0px 0px 10px;text-align:start;text-indent:0px;text-transform:none\">OLYMPEA\u2019NIN EN EKSTREM VERS\u0130YONU. VEGAN CRUELTY FREE %88 DO\u011eAL \u0130\u00c7ER\u0130K , Y\u00dcKSEK KONSANTRE PARFUM<\/p>\n<p style=\"font-family:Archivo, sans-serif;font-size:14px;font-style:normal;font-weight:400;letter-spacing:normal;margin:0px 0px 10px;text-align:start;text-indent:0px;text-transform:none\"><em style=\"font-family:Archivo, sans-serif;font-size:14px\"><i><span><strong>Rabanne Notalar\u0131 :<\/strong><\/span><\/i><\/em><\/p>\n<p style=\"font-family:Archivo, sans-serif;font-size:14px;font-style:normal;font-weight:400;letter-spacing:normal;margin:0px 0px 10px;text-align:start;text-indent:0px;text-transform:none\">Koku Ailesi : AMBERL\u0130 YE\u015e\u0130L \u00c7\u0130\u00c7EKLER<\/p>\n<p style=\"font-family:Archivo, sans-serif;font-size:14px;font-style:normal;font-weight:400;letter-spacing:normal;margin:0px 0px 10px;text-align:start;text-indent:0px;text-transform:none\">\u00dcST NOTALAR : PEMBE B\u0130BER B\u0130TK\u0130 AKORU<\/p>\n<p style=\"font-family:Archivo, sans-serif;font-size:14px;font-style:normal;font-weight:400;letter-spacing:normal;margin:0px 0px 10px;text-align:start;text-indent:0px;text-transform:none\">KALP : YASEM\u0130N ABSOL\u00dc PORTAKAL \u00c7\u0130\u00c7E\u011e\u0130<\/p>\n<p style=\"font-family:Archivo, sans-serif;font-size:14px;font-style:normal;font-weight:400;letter-spacing:normal;margin:0px 0px 10px;text-align:start;text-indent:0px;text-transform:none\">D\u0130P NOTALAR : VAN\u0130LYA KA\u015eMERAN<\/p>","protected":false},"excerpt":{"rendered":"<p>AMBERL\u0130 VAN\u0130LYA K\u00d6P\u00dc\u011e\u00dc, B\u0130TK\u0130SEL \u00dcST NOTALARIYLA ULTRA PARLAK B\u0130R I\u015eIK \u0130LE KONTRAST OLU\u015eTURUYOR. OLYMPEA\u2019NIN EN EKSTREM VERS\u0130YONU. VEGAN CRUELTY FREE %88 DO\u011eAL \u0130\u00c7ER\u0130K , Y\u00dcKSEK KONSANTRE PARFUM Rabanne Notalar\u0131 : Koku Ailesi : AMBERL\u0130 YE\u015e\u0130L \u00c7\u0130\u00c7EKLER \u00dcST NOTALAR : PEMBE B\u0130BER B\u0130TK\u0130 AKORU KALP : YASEM\u0130N ABSOL\u00dc PORTAKAL \u00c7\u0130\u00c7E\u011e\u0130 D\u0130P NOTALAR : VAN\u0130LYA KA\u015eMERAN<\/p>","protected":false},"featured_media":13484,"comment_status":"open","ping_status":"closed","template":"","meta":[],"product_brand":[],"product_cat":[144,112],"product_tag":[],"class_list":{"0":"post-13432","1":"product","2":"type-product","3":"status-publish","4":"has-post-thumbnail","6":"product_cat-ithal-kadin-parfum","7":"product_cat-ithal-parfum","9":"first","10":"instock","11":"sale","12":"shipping-taxable","13":"purchasable","14":"product-type-simple"},"jetpack_sharing_enabled":true,"_links":{"self":[{"href":"https:\/\/www.europesstore.com\/en\/wp-json\/wp\/v2\/product\/13432","targetHints":{"allow":["GET"]}}],"collection":[{"href":"https:\/\/www.europesstore.com\/en\/wp-json\/wp\/v2\/product"}],"about":[{"href":"https:\/\/www.europesstore.com\/en\/wp-json\/wp\/v2\/types\/product"}],"replies":[{"embeddable":true,"href":"https:\/\/www.europesstore.com\/en\/wp-json\/wp\/v2\/comments?post=13432"}],"wp:featuredmedia":[{"embeddable":true,"href":"https:\/\/www.europesstore.com\/en\/wp-json\/wp\/v2\/media\/13484"}],"wp:attachment":[{"href":"https:\/\/www.europesstore.com\/en\/wp-json\/wp\/v2\/media?parent=13432"}],"wp:term":[{"taxonomy":"product_brand","embeddable":true,"href":"https:\/\/www.europesstore.com\/en\/wp-json\/wp\/v2\/product_brand?post=13432"},{"taxonomy":"product_cat","embeddable":true,"href":"https:\/\/www.europesstore.com\/en\/wp-json\/wp\/v2\/product_cat?post=13432"},{"taxonomy":"product_tag","embeddable":true,"href":"https:\/\/www.europesstore.com\/en\/wp-json\/wp\/v2\/product_tag?post=13432"}],"curies":[{"name":"wp","href":"https:\/\/api.w.org\/{rel}","templated":true}]}}