{"id":13433,"date":"2025-12-06T10:23:33","date_gmt":"2025-12-06T10:23:33","guid":{"rendered":"https:\/\/europesstore.com\/?post_type=product&#038;p=13433"},"modified":"2025-12-06T10:23:33","modified_gmt":"2025-12-06T10:23:33","slug":"rabanne-paco-olympea-aqua-eau-de-kadin-tester-parfum-80-ml","status":"publish","type":"product","link":"https:\/\/www.europesstore.com\/en\/product\/rabanne-paco-olympea-aqua-eau-de-kadin-tester-parfum-80-ml\/","title":{"rendered":"Rabanne Paco Olymp\u00e9a Aqua-Eau De Kad\u0131n Tester Parf\u00fcm 80 ML"},"content":{"rendered":"<div style=\"--tw-blur:;--tw-border-opacity:1;--tw-brightness:;--tw-contrast:;--tw-drop-shadow:;--tw-filter:;--tw-grayscale:;--tw-hue-rotate:;--tw-invert:;--tw-ring-offset-shadow:0 0 #0000;--tw-ring-shadow:0 0 #0000;--tw-rotate:0;--tw-saturate:;--tw-scale-x:1;--tw-scale-y:1;--tw-sepia:;--tw-shadow:0 0 #0000;--tw-skew-x:0;--tw-skew-y:0;--tw-translate-x:0;--tw-translate-y:0;, Arial, sans-serif;font-size:13px;font-style:normal;font-weight:400;letter-spacing:normal;margin:0px;padding:0px;text-align:start;text-indent:0px;text-transform:none\"><span style=\"color:#000000\"><b style=\"--tw-blur:;--tw-border-opacity:1;--tw-brightness:;--tw-contrast:;--tw-drop-shadow:;--tw-filter:;--tw-grayscale:;--tw-hue-rotate:;--tw-invert:;--tw-ring-offset-shadow:0 0 #0000;--tw-ring-shadow:0 0 #0000;--tw-rotate:0;--tw-saturate:;--tw-scale-x:1;--tw-scale-y:1;--tw-sepia:;--tw-shadow:0 0 #0000;--tw-skew-x:0;--tw-skew-y:0;--tw-translate-x:0;--tw-translate-y:0;font-weight:bolder;margin:0px;padding:0px\"><font style=\"--tw-blur:;--tw-border-opacity:1;--tw-brightness:;--tw-contrast:;--tw-drop-shadow:;--tw-filter:;--tw-grayscale:;--tw-hue-rotate:;--tw-invert:;--tw-ring-offset-shadow:0 0 #0000;--tw-ring-shadow:0 0 #0000;--tw-rotate:0;--tw-saturate:;--tw-scale-x:1;--tw-scale-y:1;--tw-sepia:;--tw-shadow:0 0 #0000;--tw-skew-x:0;--tw-skew-y:0;--tw-translate-x:0;--tw-translate-y:0;margin:0px;padding:0px\"><i style=\"--tw-blur:;--tw-border-opacity:1;--tw-brightness:;--tw-contrast:;--tw-drop-shadow:;--tw-filter:;--tw-grayscale:;--tw-hue-rotate:;--tw-invert:;--tw-ring-offset-shadow:0 0 #0000;--tw-ring-shadow:0 0 #0000;--tw-rotate:0;--tw-saturate:;--tw-scale-x:1;--tw-scale-y:1;--tw-sepia:;--tw-shadow:0 0 #0000;--tw-skew-x:0;--tw-skew-y:0;--tw-translate-x:0;--tw-translate-y:0;margin:0px;padding:0px\"><strong>Koku Profili :<\/strong><\/i><\/font><\/b><\/span><\/div>\n<div style=\"--tw-blur:;--tw-border-opacity:1;--tw-brightness:;--tw-contrast:;--tw-drop-shadow:;--tw-filter:;--tw-grayscale:;--tw-hue-rotate:;--tw-invert:;--tw-ring-offset-shadow:0 0 #0000;--tw-ring-shadow:0 0 #0000;--tw-rotate:0;--tw-saturate:;--tw-scale-x:1;--tw-scale-y:1;--tw-sepia:;--tw-shadow:0 0 #0000;--tw-skew-x:0;--tw-skew-y:0;--tw-translate-x:0;--tw-translate-y:0;, Arial, sans-serif;font-size:13px;font-style:normal;font-weight:400;letter-spacing:normal;margin:0px;padding:0px;text-align:start;text-indent:0px;text-transform:none\"><span style=\"color:#000000\"><b style=\"--tw-blur:;--tw-border-opacity:1;--tw-brightness:;--tw-contrast:;--tw-drop-shadow:;--tw-filter:;--tw-grayscale:;--tw-hue-rotate:;--tw-invert:;--tw-ring-offset-shadow:0 0 #0000;--tw-ring-shadow:0 0 #0000;--tw-rotate:0;--tw-saturate:;--tw-scale-x:1;--tw-scale-y:1;--tw-sepia:;--tw-shadow:0 0 #0000;--tw-skew-x:0;--tw-skew-y:0;--tw-translate-x:0;--tw-translate-y:0;font-weight:bolder;margin:0px;padding:0px\"><font style=\"--tw-blur:;--tw-border-opacity:1;--tw-brightness:;--tw-contrast:;--tw-drop-shadow:;--tw-filter:;--tw-grayscale:;--tw-hue-rotate:;--tw-invert:;--tw-ring-offset-shadow:0 0 #0000;--tw-ring-shadow:0 0 #0000;--tw-rotate:0;--tw-saturate:;--tw-scale-x:1;--tw-scale-y:1;--tw-sepia:;--tw-shadow:0 0 #0000;--tw-skew-x:0;--tw-skew-y:0;--tw-translate-x:0;--tw-translate-y:0;margin:0px;padding:0px\"><i style=\"--tw-blur:;--tw-border-opacity:1;--tw-brightness:;--tw-contrast:;--tw-drop-shadow:;--tw-filter:;--tw-grayscale:;--tw-hue-rotate:;--tw-invert:;--tw-ring-offset-shadow:0 0 #0000;--tw-ring-shadow:0 0 #0000;--tw-rotate:0;--tw-saturate:;--tw-scale-x:1;--tw-scale-y:1;--tw-sepia:;--tw-shadow:0 0 #0000;--tw-skew-x:0;--tw-skew-y:0;--tw-translate-x:0;--tw-translate-y:0;margin:0px;padding:0px\"><strong>\u00dcst Nota : <\/strong><\/i><\/font><\/b><font style=\"--tw-blur:;--tw-border-opacity:1;--tw-brightness:;--tw-contrast:;--tw-drop-shadow:;--tw-filter:;--tw-grayscale:;--tw-hue-rotate:;--tw-invert:;--tw-ring-offset-shadow:0 0 #0000;--tw-ring-shadow:0 0 #0000;--tw-rotate:0;--tw-saturate:;--tw-scale-x:1;--tw-scale-y:1;--tw-sepia:;--tw-shadow:0 0 #0000;--tw-skew-x:0;--tw-skew-y:0;--tw-translate-x:0;--tw-translate-y:0;margin:0px;padding:0px\"><i style=\"--tw-blur:;--tw-border-opacity:1;--tw-brightness:;--tw-contrast:;--tw-drop-shadow:;--tw-filter:;--tw-grayscale:;--tw-hue-rotate:;--tw-invert:;--tw-ring-offset-shadow:0 0 #0000;--tw-ring-shadow:0 0 #0000;--tw-rotate:0;--tw-saturate:;--tw-scale-x:1;--tw-scale-y:1;--tw-sepia:;--tw-shadow:0 0 #0000;--tw-skew-x:0;--tw-skew-y:0;--tw-translate-x:0;--tw-translate-y:0;margin:0px;padding:0px\">Parf\u00fcm, enerjik bir ba\u015flang\u0131\u00e7 i\u00e7in tatl\u0131 meyve ve baharatl\u0131 notalar i\u00e7erir. Tar\u00e7\u0131n ve badem, parf\u00fcme ba\u015flang\u0131\u00e7ta dikkat \u00e7ekici bir tatl\u0131l\u0131k katarken, vanilya notalar\u0131 da tatl\u0131l\u0131\u011f\u0131 destekler.<\/i><\/font><\/span><\/div>\n<div style=\"--tw-blur:;--tw-border-opacity:1;--tw-brightness:;--tw-contrast:;--tw-drop-shadow:;--tw-filter:;--tw-grayscale:;--tw-hue-rotate:;--tw-invert:;--tw-ring-offset-shadow:0 0 #0000;--tw-ring-shadow:0 0 #0000;--tw-rotate:0;--tw-saturate:;--tw-scale-x:1;--tw-scale-y:1;--tw-sepia:;--tw-shadow:0 0 #0000;--tw-skew-x:0;--tw-skew-y:0;--tw-translate-x:0;--tw-translate-y:0;, Arial, sans-serif;font-size:13px;font-style:normal;font-weight:400;letter-spacing:normal;margin:0px;padding:0px;text-align:start;text-indent:0px;text-transform:none\"><span style=\"color:#000000\"><b style=\"--tw-blur:;--tw-border-opacity:1;--tw-brightness:;--tw-contrast:;--tw-drop-shadow:;--tw-filter:;--tw-grayscale:;--tw-hue-rotate:;--tw-invert:;--tw-ring-offset-shadow:0 0 #0000;--tw-ring-shadow:0 0 #0000;--tw-rotate:0;--tw-saturate:;--tw-scale-x:1;--tw-scale-y:1;--tw-sepia:;--tw-shadow:0 0 #0000;--tw-skew-x:0;--tw-skew-y:0;--tw-translate-x:0;--tw-translate-y:0;font-weight:bolder;margin:0px;padding:0px\"><font style=\"--tw-blur:;--tw-border-opacity:1;--tw-brightness:;--tw-contrast:;--tw-drop-shadow:;--tw-filter:;--tw-grayscale:;--tw-hue-rotate:;--tw-invert:;--tw-ring-offset-shadow:0 0 #0000;--tw-ring-shadow:0 0 #0000;--tw-rotate:0;--tw-saturate:;--tw-scale-x:1;--tw-scale-y:1;--tw-sepia:;--tw-shadow:0 0 #0000;--tw-skew-x:0;--tw-skew-y:0;--tw-translate-x:0;--tw-translate-y:0;margin:0px;padding:0px\"><i style=\"--tw-blur:;--tw-border-opacity:1;--tw-brightness:;--tw-contrast:;--tw-drop-shadow:;--tw-filter:;--tw-grayscale:;--tw-hue-rotate:;--tw-invert:;--tw-ring-offset-shadow:0 0 #0000;--tw-ring-shadow:0 0 #0000;--tw-rotate:0;--tw-saturate:;--tw-scale-x:1;--tw-scale-y:1;--tw-sepia:;--tw-shadow:0 0 #0000;--tw-skew-x:0;--tw-skew-y:0;--tw-translate-x:0;--tw-translate-y:0;margin:0px;padding:0px\"><strong>Orta Nota : <\/strong><\/i><\/font><\/b><font style=\"--tw-blur:;--tw-border-opacity:1;--tw-brightness:;--tw-contrast:;--tw-drop-shadow:;--tw-filter:;--tw-grayscale:;--tw-hue-rotate:;--tw-invert:;--tw-ring-offset-shadow:0 0 #0000;--tw-ring-shadow:0 0 #0000;--tw-rotate:0;--tw-saturate:;--tw-scale-x:1;--tw-scale-y:1;--tw-sepia:;--tw-shadow:0 0 #0000;--tw-skew-x:0;--tw-skew-y:0;--tw-translate-x:0;--tw-translate-y:0;margin:0px;padding:0px\"><i style=\"--tw-blur:;--tw-border-opacity:1;--tw-brightness:;--tw-contrast:;--tw-drop-shadow:;--tw-filter:;--tw-grayscale:;--tw-hue-rotate:;--tw-invert:;--tw-ring-offset-shadow:0 0 #0000;--tw-ring-shadow:0 0 #0000;--tw-rotate:0;--tw-saturate:;--tw-scale-x:1;--tw-scale-y:1;--tw-sepia:;--tw-shadow:0 0 #0000;--tw-skew-x:0;--tw-skew-y:0;--tw-translate-x:0;--tw-translate-y:0;margin:0px;padding:0px\">\u00c7i\u00e7eksi kalp notalar\u0131, parf\u00fcme zarif bir dokunu\u015f katar. Yasemin ve tuberoz gibi \u00e7i\u00e7ek notalar\u0131, parf\u00fcm\u00fcn feminen ve \u00e7ekici karakterini olu\u015fturur.<\/i><\/font><\/span><\/div>\n<div style=\"--tw-blur:;--tw-border-opacity:1;--tw-brightness:;--tw-contrast:;--tw-drop-shadow:;--tw-filter:;--tw-grayscale:;--tw-hue-rotate:;--tw-invert:;--tw-ring-offset-shadow:0 0 #0000;--tw-ring-shadow:0 0 #0000;--tw-rotate:0;--tw-saturate:;--tw-scale-x:1;--tw-scale-y:1;--tw-sepia:;--tw-shadow:0 0 #0000;--tw-skew-x:0;--tw-skew-y:0;--tw-translate-x:0;--tw-translate-y:0;, Arial, sans-serif;font-size:13px;font-style:normal;font-weight:400;letter-spacing:normal;margin:0px;padding:0px;text-align:start;text-indent:0px;text-transform:none\"><span style=\"color:#000000\"><b style=\"--tw-blur:;--tw-border-opacity:1;--tw-brightness:;--tw-contrast:;--tw-drop-shadow:;--tw-filter:;--tw-grayscale:;--tw-hue-rotate:;--tw-invert:;--tw-ring-offset-shadow:0 0 #0000;--tw-ring-shadow:0 0 #0000;--tw-rotate:0;--tw-saturate:;--tw-scale-x:1;--tw-scale-y:1;--tw-sepia:;--tw-shadow:0 0 #0000;--tw-skew-x:0;--tw-skew-y:0;--tw-translate-x:0;--tw-translate-y:0;font-weight:bolder;margin:0px;padding:0px\"><font style=\"--tw-blur:;--tw-border-opacity:1;--tw-brightness:;--tw-contrast:;--tw-drop-shadow:;--tw-filter:;--tw-grayscale:;--tw-hue-rotate:;--tw-invert:;--tw-ring-offset-shadow:0 0 #0000;--tw-ring-shadow:0 0 #0000;--tw-rotate:0;--tw-saturate:;--tw-scale-x:1;--tw-scale-y:1;--tw-sepia:;--tw-shadow:0 0 #0000;--tw-skew-x:0;--tw-skew-y:0;--tw-translate-x:0;--tw-translate-y:0;margin:0px;padding:0px\"><i style=\"--tw-blur:;--tw-border-opacity:1;--tw-brightness:;--tw-contrast:;--tw-drop-shadow:;--tw-filter:;--tw-grayscale:;--tw-hue-rotate:;--tw-invert:;--tw-ring-offset-shadow:0 0 #0000;--tw-ring-shadow:0 0 #0000;--tw-rotate:0;--tw-saturate:;--tw-scale-x:1;--tw-scale-y:1;--tw-sepia:;--tw-shadow:0 0 #0000;--tw-skew-x:0;--tw-skew-y:0;--tw-translate-x:0;--tw-translate-y:0;margin:0px;padding:0px\"><strong>Alt Nota : <\/strong><\/i><\/font><\/b><font style=\"--tw-blur:;--tw-border-opacity:1;--tw-brightness:;--tw-contrast:;--tw-drop-shadow:;--tw-filter:;--tw-grayscale:;--tw-hue-rotate:;--tw-invert:;--tw-ring-offset-shadow:0 0 #0000;--tw-ring-shadow:0 0 #0000;--tw-rotate:0;--tw-saturate:;--tw-scale-x:1;--tw-scale-y:1;--tw-sepia:;--tw-shadow:0 0 #0000;--tw-skew-x:0;--tw-skew-y:0;--tw-translate-x:0;--tw-translate-y:0;margin:0px;padding:0px\"><i style=\"--tw-blur:;--tw-border-opacity:1;--tw-brightness:;--tw-contrast:;--tw-drop-shadow:;--tw-filter:;--tw-grayscale:;--tw-hue-rotate:;--tw-invert:;--tw-ring-offset-shadow:0 0 #0000;--tw-ring-shadow:0 0 #0000;--tw-rotate:0;--tw-saturate:;--tw-scale-x:1;--tw-scale-y:1;--tw-sepia:;--tw-shadow:0 0 #0000;--tw-skew-x:0;--tw-skew-y:0;--tw-translate-x:0;--tw-translate-y:0;margin:0px;padding:0px\">Derin ve kal\u0131c\u0131 bir etki b\u0131rakmak i\u00e7in misk, amber ve sandal a\u011fac\u0131 gibi zengin notalar kullan\u0131l\u0131r. Bu notalar, parf\u00fcme s\u0131cak ve sofistike bir biti\u015f sa\u011flar.<\/i><\/font><\/span><\/div>","protected":false},"excerpt":{"rendered":"<p>Koku Profili : \u00dcst Nota : Parf\u00fcm, enerjik bir ba\u015flang\u0131\u00e7 i\u00e7in tatl\u0131 meyve ve baharatl\u0131 notalar i\u00e7erir. Tar\u00e7\u0131n ve badem, parf\u00fcme ba\u015flang\u0131\u00e7ta dikkat \u00e7ekici bir tatl\u0131l\u0131k katarken, vanilya notalar\u0131 da tatl\u0131l\u0131\u011f\u0131 destekler. Orta Nota : \u00c7i\u00e7eksi kalp notalar\u0131, parf\u00fcme zarif bir dokunu\u015f katar. Yasemin ve tuberoz gibi \u00e7i\u00e7ek notalar\u0131, parf\u00fcm\u00fcn feminen ve \u00e7ekici karakterini olu\u015fturur. [&hellip;]<\/p>","protected":false},"featured_media":13485,"comment_status":"open","ping_status":"closed","template":"","meta":[],"product_brand":[],"product_cat":[144,112],"product_tag":[],"class_list":{"0":"post-13433","1":"product","2":"type-product","3":"status-publish","4":"has-post-thumbnail","6":"product_cat-ithal-kadin-parfum","7":"product_cat-ithal-parfum","9":"first","10":"instock","11":"sale","12":"shipping-taxable","13":"purchasable","14":"product-type-simple"},"jetpack_sharing_enabled":true,"_links":{"self":[{"href":"https:\/\/www.europesstore.com\/en\/wp-json\/wp\/v2\/product\/13433","targetHints":{"allow":["GET"]}}],"collection":[{"href":"https:\/\/www.europesstore.com\/en\/wp-json\/wp\/v2\/product"}],"about":[{"href":"https:\/\/www.europesstore.com\/en\/wp-json\/wp\/v2\/types\/product"}],"replies":[{"embeddable":true,"href":"https:\/\/www.europesstore.com\/en\/wp-json\/wp\/v2\/comments?post=13433"}],"wp:featuredmedia":[{"embeddable":true,"href":"https:\/\/www.europesstore.com\/en\/wp-json\/wp\/v2\/media\/13485"}],"wp:attachment":[{"href":"https:\/\/www.europesstore.com\/en\/wp-json\/wp\/v2\/media?parent=13433"}],"wp:term":[{"taxonomy":"product_brand","embeddable":true,"href":"https:\/\/www.europesstore.com\/en\/wp-json\/wp\/v2\/product_brand?post=13433"},{"taxonomy":"product_cat","embeddable":true,"href":"https:\/\/www.europesstore.com\/en\/wp-json\/wp\/v2\/product_cat?post=13433"},{"taxonomy":"product_tag","embeddable":true,"href":"https:\/\/www.europesstore.com\/en\/wp-json\/wp\/v2\/product_tag?post=13433"}],"curies":[{"name":"wp","href":"https:\/\/api.w.org\/{rel}","templated":true}]}}