{"id":13434,"date":"2025-12-06T10:26:42","date_gmt":"2025-12-06T10:26:42","guid":{"rendered":"https:\/\/europesstore.com\/?post_type=product&#038;p=13434"},"modified":"2025-12-06T10:26:42","modified_gmt":"2025-12-06T10:26:42","slug":"rabanne-fragrances-eau-de-kadin-tester-parfum-80-m","status":"publish","type":"product","link":"https:\/\/www.europesstore.com\/en\/product\/rabanne-fragrances-eau-de-kadin-tester-parfum-80-m\/","title":{"rendered":"Rabanne Fragrances-Eau De Kad\u0131n Tester Parf\u00fcm 80 M"},"content":{"rendered":"<p><span style=\"font-family:AvantGardeMedium, Arial, sans-serif;font-size:16px\"><span style=\"float:none;font-style:normal;font-weight:400;letter-spacing:0.4px;text-align:start;text-indent:0px;text-transform:none\">O tehlikeli bir \u00e7i\u00e7ek. Paco Rabanne, g\u00fc\u00e7l\u00fc kad\u0131nlara ilham veren kokular\u0131 ile bilinir ve Olympea Flora da bu konuda bir istisna de\u011fil. Klasikle\u015fmi\u015f ve kendinden emin Olympea&#8217;n\u0131n yeni bir versiyonu olan bu koku, zarif, gizemli ve yo\u011fun olarak tan\u0131mlanabilir. Kad\u0131ns\u0131 bir koku olan Olympea Flora, keskin pembe bir \u00e7i\u00e7ek buketinin, frenk \u00fcz\u00fcm\u00fc \u015ferbeti ve tuzlu vanilya ile bulu\u015fmas\u0131n\u0131 temsil eder.<\/span><\/span><\/p>","protected":false},"excerpt":{"rendered":"<p>O tehlikeli bir \u00e7i\u00e7ek. Paco Rabanne, g\u00fc\u00e7l\u00fc kad\u0131nlara ilham veren kokular\u0131 ile bilinir ve Olympea Flora da bu konuda bir istisna de\u011fil. Klasikle\u015fmi\u015f ve kendinden emin Olympea&#8217;n\u0131n yeni bir versiyonu olan bu koku, zarif, gizemli ve yo\u011fun olarak tan\u0131mlanabilir. Kad\u0131ns\u0131 bir koku olan Olympea Flora, keskin pembe bir \u00e7i\u00e7ek buketinin, frenk \u00fcz\u00fcm\u00fc \u015ferbeti ve tuzlu [&hellip;]<\/p>","protected":false},"featured_media":13486,"comment_status":"open","ping_status":"closed","template":"","meta":[],"product_brand":[],"product_cat":[144,112],"product_tag":[],"class_list":{"0":"post-13434","1":"product","2":"type-product","3":"status-publish","4":"has-post-thumbnail","6":"product_cat-ithal-kadin-parfum","7":"product_cat-ithal-parfum","9":"first","10":"instock","11":"sale","12":"shipping-taxable","13":"purchasable","14":"product-type-simple"},"jetpack_sharing_enabled":true,"_links":{"self":[{"href":"https:\/\/www.europesstore.com\/en\/wp-json\/wp\/v2\/product\/13434","targetHints":{"allow":["GET"]}}],"collection":[{"href":"https:\/\/www.europesstore.com\/en\/wp-json\/wp\/v2\/product"}],"about":[{"href":"https:\/\/www.europesstore.com\/en\/wp-json\/wp\/v2\/types\/product"}],"replies":[{"embeddable":true,"href":"https:\/\/www.europesstore.com\/en\/wp-json\/wp\/v2\/comments?post=13434"}],"wp:featuredmedia":[{"embeddable":true,"href":"https:\/\/www.europesstore.com\/en\/wp-json\/wp\/v2\/media\/13486"}],"wp:attachment":[{"href":"https:\/\/www.europesstore.com\/en\/wp-json\/wp\/v2\/media?parent=13434"}],"wp:term":[{"taxonomy":"product_brand","embeddable":true,"href":"https:\/\/www.europesstore.com\/en\/wp-json\/wp\/v2\/product_brand?post=13434"},{"taxonomy":"product_cat","embeddable":true,"href":"https:\/\/www.europesstore.com\/en\/wp-json\/wp\/v2\/product_cat?post=13434"},{"taxonomy":"product_tag","embeddable":true,"href":"https:\/\/www.europesstore.com\/en\/wp-json\/wp\/v2\/product_tag?post=13434"}],"curies":[{"name":"wp","href":"https:\/\/api.w.org\/{rel}","templated":true}]}}