{"id":13435,"date":"2025-12-06T10:26:41","date_gmt":"2025-12-06T10:26:41","guid":{"rendered":"https:\/\/europesstore.com\/?post_type=product&#038;p=13435"},"modified":"2025-12-06T10:26:41","modified_gmt":"2025-12-06T10:26:41","slug":"moschino-toy-2-eau-de-kadin-tester-edp-parfum-100-ml","status":"publish","type":"product","link":"https:\/\/www.europesstore.com\/en\/product\/moschino-toy-2-eau-de-kadin-tester-edp-parfum-100-ml\/","title":{"rendered":"Moschino Toy 2  -Eau De Kad\u0131n Tester Edp Parf\u00fcm 100 ML"},"content":{"rendered":"<p><span style=\"font-family:TTNormsPro;font-size:15px\"><span style=\"float:none;font-style:normal;font-weight:400;letter-spacing:0.3px;text-align:start;text-indent:0px;text-transform:none\">Koku Karakteri: Taze, Ne\u015feli, Elegan<\/span><\/span><br \/><span style=\"font-family:TTNormsPro;font-size:15px\"><span style=\"float:none;font-style:normal;font-weight:400;letter-spacing:0.3px;text-align:start;text-indent:0px;text-transform:none\">Meyvemsi, \u00c7i\u00e7eksi, Odunsu<\/span><\/span><br \/><span style=\"font-family:TTNormsPro;font-size:15px\"><span style=\"float:none;font-style:normal;font-weight:400;letter-spacing:0.3px;text-align:start;text-indent:0px;text-transform:none\">\u00d6zellik: \u0130konik Moschino Teddy Bear Parf\u00fcm geri geldi! E\u015fsiz 2<\/span><\/span><br \/><span style=\"font-family:TTNormsPro;font-size:15px\"><span style=\"float:none;font-style:normal;font-weight:400;letter-spacing:0.3px;text-align:start;text-indent:0px;text-transform:none\">serisi \u0130le camdan ay\u0131c\u0131k \u015eeklinde tasarlanm\u0131\u015f flaconda \u00f6zel bir parf\u00fcm<\/span><\/span><br \/><span style=\"font-family:TTNormsPro;font-size:15px\"><span style=\"float:none;font-style:normal;font-weight:400;letter-spacing:0.3px;text-align:start;text-indent:0px;text-transform:none\">Mandalinan\u0131n parlayan canl\u0131l\u0131\u011f\u0131, Taze Ye\u015fil Elma ,ile Manolyan\u0131n \u00e7i\u00e7eksi tonlar\u0131na e\u015flik ederek, taze ve ne\u015feli bir koku ortaya \u00e7\u0131kar\u0131r<\/span><\/span><\/p>\n<p><span style=\"font-family:TTNormsPro;font-size:15px\"><span style=\"float:none;font-style:normal;font-weight:400;letter-spacing:0.3px;text-align:start;text-indent:0px;text-transform:none\">Saf ve elegan Yasemin Ta\u00e7 Yapraklar\u0131, \u015eakay\u0131\u011f\u0131n kadifemsi tonlar\u0131 ve Frenk \u00dcz\u00fcm\u00fcn\u00fcn k\u0131t\u0131r meyvemsi tonlar\u0131 ile birle\u015fir<\/span><\/span><br \/><span style=\"font-family:TTNormsPro;font-size:15px\"><span style=\"float:none;font-style:normal;font-weight:400;letter-spacing:0.3px;text-align:start;text-indent:0px;text-transform:none\">Amber Odunu ve Sandal Odunu duyusal bir kaplama boyutu olu\u015fturur<\/span><\/span><br \/><span style=\"font-family:TTNormsPro;font-size:15px\"><span style=\"float:none;font-style:normal;font-weight:400;letter-spacing:0.3px;text-align:start;text-indent:0px;text-transform:none\">Ayn\u0131 zamanda Kristalli Misk belirgin bir yumu\u015fakl\u0131k katar<\/span><\/span><br \/><span style=\"font-family:TTNormsPro;font-size:15px\"><span style=\"float:none;font-style:normal;font-weight:400;letter-spacing:0.3px;text-align:start;text-indent:0px;text-transform:none\">Tepe Nota: Manolya, Ye\u015fil Elma, Frenk \u00dcz\u00fcm\u00fc, Mandalina<\/span><\/span><br \/>&nbsp;<\/p>","protected":false},"excerpt":{"rendered":"<p>Koku Karakteri: Taze, Ne\u015feli, EleganMeyvemsi, \u00c7i\u00e7eksi, Odunsu\u00d6zellik: \u0130konik Moschino Teddy Bear Parf\u00fcm geri geldi! E\u015fsiz 2serisi \u0130le camdan ay\u0131c\u0131k \u015eeklinde tasarlanm\u0131\u015f flaconda \u00f6zel bir parf\u00fcmMandalinan\u0131n parlayan canl\u0131l\u0131\u011f\u0131, Taze Ye\u015fil Elma ,ile Manolyan\u0131n \u00e7i\u00e7eksi tonlar\u0131na e\u015flik ederek, taze ve ne\u015feli bir koku ortaya \u00e7\u0131kar\u0131r Saf ve elegan Yasemin Ta\u00e7 Yapraklar\u0131, \u015eakay\u0131\u011f\u0131n kadifemsi tonlar\u0131 ve Frenk \u00dcz\u00fcm\u00fcn\u00fcn [&hellip;]<\/p>","protected":false},"featured_media":13487,"comment_status":"open","ping_status":"closed","template":"","meta":[],"product_brand":[],"product_cat":[144,112],"product_tag":[],"class_list":{"0":"post-13435","1":"product","2":"type-product","3":"status-publish","4":"has-post-thumbnail","6":"product_cat-ithal-kadin-parfum","7":"product_cat-ithal-parfum","9":"first","10":"instock","11":"sale","12":"shipping-taxable","13":"purchasable","14":"product-type-simple"},"jetpack_sharing_enabled":true,"_links":{"self":[{"href":"https:\/\/www.europesstore.com\/en\/wp-json\/wp\/v2\/product\/13435","targetHints":{"allow":["GET"]}}],"collection":[{"href":"https:\/\/www.europesstore.com\/en\/wp-json\/wp\/v2\/product"}],"about":[{"href":"https:\/\/www.europesstore.com\/en\/wp-json\/wp\/v2\/types\/product"}],"replies":[{"embeddable":true,"href":"https:\/\/www.europesstore.com\/en\/wp-json\/wp\/v2\/comments?post=13435"}],"wp:featuredmedia":[{"embeddable":true,"href":"https:\/\/www.europesstore.com\/en\/wp-json\/wp\/v2\/media\/13487"}],"wp:attachment":[{"href":"https:\/\/www.europesstore.com\/en\/wp-json\/wp\/v2\/media?parent=13435"}],"wp:term":[{"taxonomy":"product_brand","embeddable":true,"href":"https:\/\/www.europesstore.com\/en\/wp-json\/wp\/v2\/product_brand?post=13435"},{"taxonomy":"product_cat","embeddable":true,"href":"https:\/\/www.europesstore.com\/en\/wp-json\/wp\/v2\/product_cat?post=13435"},{"taxonomy":"product_tag","embeddable":true,"href":"https:\/\/www.europesstore.com\/en\/wp-json\/wp\/v2\/product_tag?post=13435"}],"curies":[{"name":"wp","href":"https:\/\/api.w.org\/{rel}","templated":true}]}}