{"id":13445,"date":"2025-12-06T10:26:41","date_gmt":"2025-12-06T10:26:41","guid":{"rendered":"https:\/\/europesstore.com\/?post_type=product&#038;p=13445"},"modified":"2025-12-06T10:26:41","modified_gmt":"2025-12-06T10:26:41","slug":"moschino-toy-eau-de-erkektester-edp-parfum-100-ml","status":"publish","type":"product","link":"https:\/\/www.europesstore.com\/en\/product\/moschino-toy-eau-de-erkektester-edp-parfum-100-ml\/","title":{"rendered":"Moschino Toy -Eau De ErkekTester Edp Parf\u00fcm 100 ML"},"content":{"rendered":"<p><span style=\", arial, sans-serif;font-size: 20px;\"><span style=\"float: none; font-style: normal; font-weight: 400; letter-spacing: normal; text-align: start; text-indent: 0px; text-transform: none;\">\u00dcst notalarda Pembe Biber, Armut, Endonezya Hindistan cevizi, elemi ve Bergamot; orta notalarda G\u00fcl, Karanfil, Manolya ve Keten bulunur; temel notalar Cashmeran, Haiti Vetiver, Sylkolide, Sandal A\u011fac\u0131 ve Amber&#8217;dir.<\/span><\/span><\/p>","protected":false},"excerpt":{"rendered":"<p>\u00dcst notalarda Pembe Biber, Armut, Endonezya Hindistan cevizi, elemi ve Bergamot; orta notalarda G\u00fcl, Karanfil, Manolya ve Keten bulunur; temel notalar Cashmeran, Haiti Vetiver, Sylkolide, Sandal A\u011fac\u0131 ve Amber&#8217;dir.<\/p>","protected":false},"featured_media":13497,"comment_status":"open","ping_status":"closed","template":"","meta":[],"product_brand":[],"product_cat":[146,112],"product_tag":[],"class_list":{"0":"post-13445","1":"product","2":"type-product","3":"status-publish","4":"has-post-thumbnail","6":"product_cat-ithal-erkek-parfum","7":"product_cat-ithal-parfum","9":"first","10":"instock","11":"sale","12":"shipping-taxable","13":"purchasable","14":"product-type-simple"},"jetpack_sharing_enabled":true,"_links":{"self":[{"href":"https:\/\/www.europesstore.com\/en\/wp-json\/wp\/v2\/product\/13445","targetHints":{"allow":["GET"]}}],"collection":[{"href":"https:\/\/www.europesstore.com\/en\/wp-json\/wp\/v2\/product"}],"about":[{"href":"https:\/\/www.europesstore.com\/en\/wp-json\/wp\/v2\/types\/product"}],"replies":[{"embeddable":true,"href":"https:\/\/www.europesstore.com\/en\/wp-json\/wp\/v2\/comments?post=13445"}],"wp:featuredmedia":[{"embeddable":true,"href":"https:\/\/www.europesstore.com\/en\/wp-json\/wp\/v2\/media\/13497"}],"wp:attachment":[{"href":"https:\/\/www.europesstore.com\/en\/wp-json\/wp\/v2\/media?parent=13445"}],"wp:term":[{"taxonomy":"product_brand","embeddable":true,"href":"https:\/\/www.europesstore.com\/en\/wp-json\/wp\/v2\/product_brand?post=13445"},{"taxonomy":"product_cat","embeddable":true,"href":"https:\/\/www.europesstore.com\/en\/wp-json\/wp\/v2\/product_cat?post=13445"},{"taxonomy":"product_tag","embeddable":true,"href":"https:\/\/www.europesstore.com\/en\/wp-json\/wp\/v2\/product_tag?post=13445"}],"curies":[{"name":"wp","href":"https:\/\/api.w.org\/{rel}","templated":true}]}}