{"id":13446,"date":"2025-12-06T10:26:41","date_gmt":"2025-12-06T10:26:41","guid":{"rendered":"https:\/\/europesstore.com\/?post_type=product&#038;p=13446"},"modified":"2025-12-06T10:26:41","modified_gmt":"2025-12-06T10:26:41","slug":"hermes-twilly-dhermes-eau-de-kadin-tester-edp-parfum-85-ml","status":"publish","type":"product","link":"https:\/\/www.europesstore.com\/en\/product\/hermes-twilly-dhermes-eau-de-kadin-tester-edp-parfum-85-ml\/","title":{"rendered":"HERM\u00c8S Twilly d&#8217;Herm\u00e8s -Eau De Kad\u0131n Tester Edp Parf\u00fcm 85 ML"},"content":{"rendered":"<p><span style=\"font-family:AvantGardeMedium, Arial, sans-serif;font-size:16px\"><span style=\"float:none;font-style:normal;font-weight:400;letter-spacing:0.4px;text-align:start;text-indent:0px;text-transform:none\">Zencefilin k\u00fcstahl\u0131\u011f\u0131; rahats\u0131z edici t\u00fcberk\u00fcloz. \u00c7i\u00e7eksi, baharatl\u0131 ve oryantal bir eau de parf\u00fcm.<\/span><\/span><\/p>\n<p>Koku Notalar\u0131 : <span style=\"font-family:AvantGardeMedium, Arial, sans-serif;font-size:16px\"><span style=\"float:none;font-style:normal;font-weight:400;letter-spacing:0.4px;text-align:start;text-indent:0px;text-transform:none\">Zencefil, S\u00fcmb\u00fclteber, Sandal A\u011fac\u0131<\/span><\/span><\/p>","protected":false},"excerpt":{"rendered":"<p>Zencefilin k\u00fcstahl\u0131\u011f\u0131; rahats\u0131z edici t\u00fcberk\u00fcloz. \u00c7i\u00e7eksi, baharatl\u0131 ve oryantal bir eau de parf\u00fcm. Koku Notalar\u0131 : Zencefil, S\u00fcmb\u00fclteber, Sandal A\u011fac\u0131<\/p>","protected":false},"featured_media":13498,"comment_status":"open","ping_status":"closed","template":"","meta":[],"product_brand":[],"product_cat":[144,112],"product_tag":[],"class_list":{"0":"post-13446","1":"product","2":"type-product","3":"status-publish","4":"has-post-thumbnail","6":"product_cat-ithal-kadin-parfum","7":"product_cat-ithal-parfum","9":"first","10":"instock","11":"sale","12":"shipping-taxable","13":"purchasable","14":"product-type-simple"},"jetpack_sharing_enabled":true,"_links":{"self":[{"href":"https:\/\/www.europesstore.com\/en\/wp-json\/wp\/v2\/product\/13446","targetHints":{"allow":["GET"]}}],"collection":[{"href":"https:\/\/www.europesstore.com\/en\/wp-json\/wp\/v2\/product"}],"about":[{"href":"https:\/\/www.europesstore.com\/en\/wp-json\/wp\/v2\/types\/product"}],"replies":[{"embeddable":true,"href":"https:\/\/www.europesstore.com\/en\/wp-json\/wp\/v2\/comments?post=13446"}],"wp:featuredmedia":[{"embeddable":true,"href":"https:\/\/www.europesstore.com\/en\/wp-json\/wp\/v2\/media\/13498"}],"wp:attachment":[{"href":"https:\/\/www.europesstore.com\/en\/wp-json\/wp\/v2\/media?parent=13446"}],"wp:term":[{"taxonomy":"product_brand","embeddable":true,"href":"https:\/\/www.europesstore.com\/en\/wp-json\/wp\/v2\/product_brand?post=13446"},{"taxonomy":"product_cat","embeddable":true,"href":"https:\/\/www.europesstore.com\/en\/wp-json\/wp\/v2\/product_cat?post=13446"},{"taxonomy":"product_tag","embeddable":true,"href":"https:\/\/www.europesstore.com\/en\/wp-json\/wp\/v2\/product_tag?post=13446"}],"curies":[{"name":"wp","href":"https:\/\/api.w.org\/{rel}","templated":true}]}}