{"id":13447,"date":"2025-12-06T10:26:41","date_gmt":"2025-12-06T10:26:41","guid":{"rendered":"https:\/\/europesstore.com\/?post_type=product&#038;p=13447"},"modified":"2025-12-06T10:26:41","modified_gmt":"2025-12-06T10:26:41","slug":"hermes-h24-eau-de-kadin-tester-parfum-100-ml","status":"publish","type":"product","link":"https:\/\/www.europesstore.com\/en\/product\/hermes-h24-eau-de-kadin-tester-parfum-100-ml\/","title":{"rendered":"HERM\u00c8S H24 &#8211; Eau de Kad\u0131n Tester Parf\u00fcm 100 ML"},"content":{"rendered":"<p><span style=\"font-family:AvantGardeMedium, Arial, sans-serif;font-size:16px\"><span style=\"float:none;font-style:normal;font-weight:400;letter-spacing:0.4px;text-align:start;text-indent:0px;text-transform:none\">KOKU NOTLARI Odunsu bir aromatik olan H24 Eau de Parfum, saran ada\u00e7ay\u0131, yo\u011fun y\u00fcksek teknoloji yosunu ve s\u0131cak ve canl\u0131 sklarenin c\u00f6mert, botanik g\u00fcc\u00fcnden yararlan\u0131r.&nbsp;<\/span><\/span><\/p>\n<p><span style=\"font-family:AvantGardeMedium, Arial, sans-serif;font-size:16px\"><span style=\"float:none;font-style:normal;font-weight:400;letter-spacing:0.4px;text-align:start;text-indent:0px;text-transform:none\">Yo\u011fun gri kutu, alan\u0131 s\u0131n\u0131rlayan ve a\u00e7an ince limon ye\u015fili bir \u00e7izgiyle dekore edilmi\u015ftir.&nbsp;<\/span><\/span><\/p>","protected":false},"excerpt":{"rendered":"<p>KOKU NOTLARI Odunsu bir aromatik olan H24 Eau de Parfum, saran ada\u00e7ay\u0131, yo\u011fun y\u00fcksek teknoloji yosunu ve s\u0131cak ve canl\u0131 sklarenin c\u00f6mert, botanik g\u00fcc\u00fcnden yararlan\u0131r.&nbsp; Yo\u011fun gri kutu, alan\u0131 s\u0131n\u0131rlayan ve a\u00e7an ince limon ye\u015fili bir \u00e7izgiyle dekore edilmi\u015ftir.&nbsp;<\/p>","protected":false},"featured_media":13499,"comment_status":"open","ping_status":"closed","template":"","meta":[],"product_brand":[],"product_cat":[112],"product_tag":[],"class_list":{"0":"post-13447","1":"product","2":"type-product","3":"status-publish","4":"has-post-thumbnail","6":"product_cat-ithal-parfum","8":"first","9":"instock","10":"sale","11":"shipping-taxable","12":"purchasable","13":"product-type-simple"},"jetpack_sharing_enabled":true,"_links":{"self":[{"href":"https:\/\/www.europesstore.com\/en\/wp-json\/wp\/v2\/product\/13447","targetHints":{"allow":["GET"]}}],"collection":[{"href":"https:\/\/www.europesstore.com\/en\/wp-json\/wp\/v2\/product"}],"about":[{"href":"https:\/\/www.europesstore.com\/en\/wp-json\/wp\/v2\/types\/product"}],"replies":[{"embeddable":true,"href":"https:\/\/www.europesstore.com\/en\/wp-json\/wp\/v2\/comments?post=13447"}],"wp:featuredmedia":[{"embeddable":true,"href":"https:\/\/www.europesstore.com\/en\/wp-json\/wp\/v2\/media\/13499"}],"wp:attachment":[{"href":"https:\/\/www.europesstore.com\/en\/wp-json\/wp\/v2\/media?parent=13447"}],"wp:term":[{"taxonomy":"product_brand","embeddable":true,"href":"https:\/\/www.europesstore.com\/en\/wp-json\/wp\/v2\/product_brand?post=13447"},{"taxonomy":"product_cat","embeddable":true,"href":"https:\/\/www.europesstore.com\/en\/wp-json\/wp\/v2\/product_cat?post=13447"},{"taxonomy":"product_tag","embeddable":true,"href":"https:\/\/www.europesstore.com\/en\/wp-json\/wp\/v2\/product_tag?post=13447"}],"curies":[{"name":"wp","href":"https:\/\/api.w.org\/{rel}","templated":true}]}}