{"id":13448,"date":"2025-12-06T10:26:41","date_gmt":"2025-12-06T10:26:41","guid":{"rendered":"https:\/\/europesstore.com\/?post_type=product&#038;p=13448"},"modified":"2025-12-06T10:26:41","modified_gmt":"2025-12-06T10:26:41","slug":"terre-hermes-toilette-eau-de-erkek-tester-parfum-100-ml","status":"publish","type":"product","link":"https:\/\/www.europesstore.com\/en\/product\/terre-hermes-toilette-eau-de-erkek-tester-parfum-100-ml\/","title":{"rendered":"Terre Herm\u00e8s Toilette &#8211; Eau de Erkek Tester Parf\u00fcm 100 ML"},"content":{"rendered":"<p><span style=\"font-family:AvantGardeMedium, Arial, sans-serif;font-size:16px\"><span style=\"float:none;font-style:normal;font-weight:400;letter-spacing:0.4px;text-align:start;text-indent:0px;text-transform:none\">Narenciye ve biberin canl\u0131l\u0131\u011f\u0131, \u00e7akmakta\u015f\u0131 notas\u0131 ile birle\u015fti\u011finde, topra\u011f\u0131n damgas\u0131n\u0131 vuruyor.<\/span><\/span><br \/>&nbsp;<\/p>\n<p style=\"font-family:AvantGardeMedium, Arial, sans-serif;font-size:16px;font-style:normal;font-weight:400;letter-spacing:0.4px;line-height:24px;margin:0px 0px 1.5em;padding:0px;text-align:start;text-indent:0px;text-transform:none\">Terre d&#8217; Herm\u00e8s, insan\u0131n toprakla ili\u015fkisini, do\u011fa ve elementlerle olan m\u00fctevazi ve uyumlu diyalogunu anlat\u0131yor. Terre d&nbsp;Herm\u00e8s, insan\u0131 k\u00f6kenlerine, yarat\u0131c\u0131 g\u00fcc\u00fcn\u00fcn kaynaklar\u0131na ba\u011flayan parf\u00fcmd\u00fcr.<\/p>","protected":false},"excerpt":{"rendered":"<p>Narenciye ve biberin canl\u0131l\u0131\u011f\u0131, \u00e7akmakta\u015f\u0131 notas\u0131 ile birle\u015fti\u011finde, topra\u011f\u0131n damgas\u0131n\u0131 vuruyor.&nbsp; Terre d&#8217; Herm\u00e8s, insan\u0131n toprakla ili\u015fkisini, do\u011fa ve elementlerle olan m\u00fctevazi ve uyumlu diyalogunu anlat\u0131yor. Terre d&nbsp;Herm\u00e8s, insan\u0131 k\u00f6kenlerine, yarat\u0131c\u0131 g\u00fcc\u00fcn\u00fcn kaynaklar\u0131na ba\u011flayan parf\u00fcmd\u00fcr.<\/p>","protected":false},"featured_media":13500,"comment_status":"open","ping_status":"closed","template":"","meta":[],"product_brand":[],"product_cat":[146,112],"product_tag":[],"class_list":{"0":"post-13448","1":"product","2":"type-product","3":"status-publish","4":"has-post-thumbnail","6":"product_cat-ithal-erkek-parfum","7":"product_cat-ithal-parfum","9":"first","10":"instock","11":"sale","12":"shipping-taxable","13":"purchasable","14":"product-type-simple"},"jetpack_sharing_enabled":true,"_links":{"self":[{"href":"https:\/\/www.europesstore.com\/en\/wp-json\/wp\/v2\/product\/13448","targetHints":{"allow":["GET"]}}],"collection":[{"href":"https:\/\/www.europesstore.com\/en\/wp-json\/wp\/v2\/product"}],"about":[{"href":"https:\/\/www.europesstore.com\/en\/wp-json\/wp\/v2\/types\/product"}],"replies":[{"embeddable":true,"href":"https:\/\/www.europesstore.com\/en\/wp-json\/wp\/v2\/comments?post=13448"}],"wp:featuredmedia":[{"embeddable":true,"href":"https:\/\/www.europesstore.com\/en\/wp-json\/wp\/v2\/media\/13500"}],"wp:attachment":[{"href":"https:\/\/www.europesstore.com\/en\/wp-json\/wp\/v2\/media?parent=13448"}],"wp:term":[{"taxonomy":"product_brand","embeddable":true,"href":"https:\/\/www.europesstore.com\/en\/wp-json\/wp\/v2\/product_brand?post=13448"},{"taxonomy":"product_cat","embeddable":true,"href":"https:\/\/www.europesstore.com\/en\/wp-json\/wp\/v2\/product_cat?post=13448"},{"taxonomy":"product_tag","embeddable":true,"href":"https:\/\/www.europesstore.com\/en\/wp-json\/wp\/v2\/product_tag?post=13448"}],"curies":[{"name":"wp","href":"https:\/\/api.w.org\/{rel}","templated":true}]}}