{"id":13449,"date":"2025-12-06T10:26:41","date_gmt":"2025-12-06T10:26:41","guid":{"rendered":"https:\/\/europesstore.com\/?post_type=product&#038;p=13449"},"modified":"2025-12-06T10:26:41","modified_gmt":"2025-12-06T10:26:41","slug":"hermes-ambre-narguile-eau-de-unisex-tester-parfum-100-ml","status":"publish","type":"product","link":"https:\/\/www.europesstore.com\/en\/product\/hermes-ambre-narguile-eau-de-unisex-tester-parfum-100-ml\/","title":{"rendered":"Herm\u00e8s Ambre Narguil\u00e9 &#8211; Eau de Unisex Tester Parf\u00fcm 100 ML"},"content":{"rendered":"<p><span style=\"font-family:TTNormsPro;font-size:15px\"><span style=\"float:none;font-style:normal;font-weight:400;letter-spacing:0.3px;text-align:start;text-indent:0px;text-transform:none\">KOKU NOTLARI: P\u00fcr\u00fczs\u00fcz ve saran AmbreNarguil\u00e9, amber bal\u0131n\u0131 k\u0131zarm\u0131\u015f susam tohumlar\u0131yla birle\u015ftirir<\/span><\/span><br \/><span style=\"font-family:TTNormsPro;font-size:15px\"><span style=\"float:none;font-style:normal;font-weight:400;letter-spacing:0.3px;text-align:start;text-indent:0px;text-transform:none\">Hem erkekler hem de kad\u0131nlar i\u00e7in uygun bir Hermessence<\/span><\/span><br \/><span style=\"font-family:TTNormsPro;font-size:15px\"><span style=\"float:none;font-style:normal;font-weight:400;letter-spacing:0.3px;text-align:start;text-indent:0px;text-transform:none\">Ambre Narguil\u00e9 \u015fi\u015fesi, deri kapakla yank\u0131lanan cam \u00fczerindeki canl\u0131 turuncu renkli cila ile sergileniyor<\/span><\/span><br \/><span style=\"font-family:TTNormsPro;font-size:15px\"><span style=\"float:none;font-style:normal;font-weight:400;letter-spacing:0.3px;text-align:start;text-indent:0px;text-transform:none\">100 ml ve 200 ml&#8217;lik boyutlar 200 ml&#8217;lik dolumdan doldurulabilir<\/span><\/span><br \/><span style=\"font-family:TTNormsPro;font-size:15px\"><span style=\"float:none;font-style:normal;font-weight:400;letter-spacing:0.3px;text-align:start;text-indent:0px;text-transform:none\">Evin sembolik \u201cfener\u201d \u015fi\u015fesi benzersiz ve zamans\u0131z bir imza olu\u015fturuyor<\/span><\/span><br \/><span style=\"font-family:TTNormsPro;font-size:15px\"><span style=\"float:none;font-style:normal;font-weight:400;letter-spacing:0.3px;text-align:start;text-indent:0px;text-transform:none\">Eyer diki\u015fli imzal\u0131 deri kapa\u011f\u0131n\u0131n \u00fczerinde oymal\u0131 bir Herm\u00e8s eyer \u00e7ivisi bulunmaktad\u0131r<\/span><\/span><\/p>","protected":false},"excerpt":{"rendered":"<p>KOKU NOTLARI: P\u00fcr\u00fczs\u00fcz ve saran AmbreNarguil\u00e9, amber bal\u0131n\u0131 k\u0131zarm\u0131\u015f susam tohumlar\u0131yla birle\u015ftirirHem erkekler hem de kad\u0131nlar i\u00e7in uygun bir HermessenceAmbre Narguil\u00e9 \u015fi\u015fesi, deri kapakla yank\u0131lanan cam \u00fczerindeki canl\u0131 turuncu renkli cila ile sergileniyor100 ml ve 200 ml&#8217;lik boyutlar 200 ml&#8217;lik dolumdan doldurulabilirEvin sembolik \u201cfener\u201d \u015fi\u015fesi benzersiz ve zamans\u0131z bir imza olu\u015fturuyorEyer diki\u015fli imzal\u0131 deri kapa\u011f\u0131n\u0131n [&hellip;]<\/p>","protected":false},"featured_media":13501,"comment_status":"open","ping_status":"closed","template":"","meta":[],"product_brand":[],"product_cat":[112,150],"product_tag":[],"class_list":{"0":"post-13449","1":"product","2":"type-product","3":"status-publish","4":"has-post-thumbnail","6":"product_cat-ithal-parfum","7":"product_cat-ithal-unisex-parfum","9":"first","10":"instock","11":"sale","12":"shipping-taxable","13":"purchasable","14":"product-type-simple"},"jetpack_sharing_enabled":true,"_links":{"self":[{"href":"https:\/\/www.europesstore.com\/en\/wp-json\/wp\/v2\/product\/13449","targetHints":{"allow":["GET"]}}],"collection":[{"href":"https:\/\/www.europesstore.com\/en\/wp-json\/wp\/v2\/product"}],"about":[{"href":"https:\/\/www.europesstore.com\/en\/wp-json\/wp\/v2\/types\/product"}],"replies":[{"embeddable":true,"href":"https:\/\/www.europesstore.com\/en\/wp-json\/wp\/v2\/comments?post=13449"}],"wp:featuredmedia":[{"embeddable":true,"href":"https:\/\/www.europesstore.com\/en\/wp-json\/wp\/v2\/media\/13501"}],"wp:attachment":[{"href":"https:\/\/www.europesstore.com\/en\/wp-json\/wp\/v2\/media?parent=13449"}],"wp:term":[{"taxonomy":"product_brand","embeddable":true,"href":"https:\/\/www.europesstore.com\/en\/wp-json\/wp\/v2\/product_brand?post=13449"},{"taxonomy":"product_cat","embeddable":true,"href":"https:\/\/www.europesstore.com\/en\/wp-json\/wp\/v2\/product_cat?post=13449"},{"taxonomy":"product_tag","embeddable":true,"href":"https:\/\/www.europesstore.com\/en\/wp-json\/wp\/v2\/product_tag?post=13449"}],"curies":[{"name":"wp","href":"https:\/\/api.w.org\/{rel}","templated":true}]}}