{"id":13450,"date":"2025-12-06T10:25:16","date_gmt":"2025-12-06T10:25:16","guid":{"rendered":"https:\/\/europesstore.com\/?post_type=product&#038;p=13450"},"modified":"2025-12-06T10:25:16","modified_gmt":"2025-12-06T10:25:16","slug":"mugler-alien-eau-de-kadin-tester-parfum-90-ml","status":"publish","type":"product","link":"https:\/\/www.europesstore.com\/en\/product\/mugler-alien-eau-de-kadin-tester-parfum-90-ml\/","title":{"rendered":"Mugler Alien- Eau de Kad\u0131n Tester Parf\u00fcm 90 ML"},"content":{"rendered":"<p style=\"font-family:AvantGardeMedium, Arial, sans-serif;font-size:16px;font-style:normal;font-weight:400;letter-spacing:0.4px;line-height:24px;margin:0px 0px 1.5em;padding:0px;text-align:start;text-indent:0px;text-transform:none\">Alien\u2019in i\u00e7erisindeki yasemin zambak, Hindistan\u2019da toplan\u0131yor ve IFF koku evi taraf\u0131ndan \u00f6zenle se\u00e7iliyor.&nbsp;&nbsp;<\/p>\n<p style=\"font-family:AvantGardeMedium, Arial, sans-serif;font-size:16px;font-style:normal;font-weight:400;letter-spacing:0.4px;line-height:24px;margin:0px 0px 1.5em;padding:0px;text-align:start;text-indent:0px;text-transform:none\">Notalar:<br \/>Yasemin zambak: G\u00fcne\u015f \u0131\u015f\u0131\u011f\u0131n\u0131n mucizevi hali, ruhlar\u0131 uyand\u0131ran bir \u0131\u015f\u0131k oyunu.<br \/>Ka\u015fmeran ah\u015fap: Duyular\u0131 b\u00fcy\u00fcleyen yo\u011fun, canl\u0131, esrarengiz bir enerji.<br \/>Beyaz amber: G\u00fcc\u00fcn rahatlat\u0131c\u0131 ve huzur veren hissi.<\/p>","protected":false},"excerpt":{"rendered":"<p>Alien\u2019in i\u00e7erisindeki yasemin zambak, Hindistan\u2019da toplan\u0131yor ve IFF koku evi taraf\u0131ndan \u00f6zenle se\u00e7iliyor.&nbsp;&nbsp; Notalar:Yasemin zambak: G\u00fcne\u015f \u0131\u015f\u0131\u011f\u0131n\u0131n mucizevi hali, ruhlar\u0131 uyand\u0131ran bir \u0131\u015f\u0131k oyunu.Ka\u015fmeran ah\u015fap: Duyular\u0131 b\u00fcy\u00fcleyen yo\u011fun, canl\u0131, esrarengiz bir enerji.Beyaz amber: G\u00fcc\u00fcn rahatlat\u0131c\u0131 ve huzur veren hissi.<\/p>","protected":false},"featured_media":13502,"comment_status":"open","ping_status":"closed","template":"","meta":[],"product_brand":[],"product_cat":[144,112],"product_tag":[],"class_list":{"0":"post-13450","1":"product","2":"type-product","3":"status-publish","4":"has-post-thumbnail","6":"product_cat-ithal-kadin-parfum","7":"product_cat-ithal-parfum","9":"first","10":"instock","11":"sale","12":"shipping-taxable","13":"purchasable","14":"product-type-simple"},"jetpack_sharing_enabled":true,"_links":{"self":[{"href":"https:\/\/www.europesstore.com\/en\/wp-json\/wp\/v2\/product\/13450","targetHints":{"allow":["GET"]}}],"collection":[{"href":"https:\/\/www.europesstore.com\/en\/wp-json\/wp\/v2\/product"}],"about":[{"href":"https:\/\/www.europesstore.com\/en\/wp-json\/wp\/v2\/types\/product"}],"replies":[{"embeddable":true,"href":"https:\/\/www.europesstore.com\/en\/wp-json\/wp\/v2\/comments?post=13450"}],"wp:featuredmedia":[{"embeddable":true,"href":"https:\/\/www.europesstore.com\/en\/wp-json\/wp\/v2\/media\/13502"}],"wp:attachment":[{"href":"https:\/\/www.europesstore.com\/en\/wp-json\/wp\/v2\/media?parent=13450"}],"wp:term":[{"taxonomy":"product_brand","embeddable":true,"href":"https:\/\/www.europesstore.com\/en\/wp-json\/wp\/v2\/product_brand?post=13450"},{"taxonomy":"product_cat","embeddable":true,"href":"https:\/\/www.europesstore.com\/en\/wp-json\/wp\/v2\/product_cat?post=13450"},{"taxonomy":"product_tag","embeddable":true,"href":"https:\/\/www.europesstore.com\/en\/wp-json\/wp\/v2\/product_tag?post=13450"}],"curies":[{"name":"wp","href":"https:\/\/api.w.org\/{rel}","templated":true}]}}