{"id":13451,"date":"2025-12-06T10:25:16","date_gmt":"2025-12-06T10:25:16","guid":{"rendered":"https:\/\/europesstore.com\/?post_type=product&#038;p=13451"},"modified":"2025-12-06T10:25:16","modified_gmt":"2025-12-06T10:25:16","slug":"armani-stronger-with-you-sandalwood-eau-de-erkek-tester-parfum-100-ml","status":"publish","type":"product","link":"https:\/\/www.europesstore.com\/en\/product\/armani-stronger-with-you-sandalwood-eau-de-erkek-tester-parfum-100-ml\/","title":{"rendered":"Armani Stronger With You Sandalwood &#8211; Eau De Erkek Tester Parf\u00fcm 100 ML"},"content":{"rendered":"<p><span style=\", Helvetica, sans-serif;font-size:12px\"><span style=\"float:none;font-style:normal;font-weight:300;letter-spacing:normal;text-align:left;text-indent:0px;text-transform:none\">Mistik bir \u00e7\u00f6l manzaras\u0131n\u0131 an\u0131msatan, koyu ye\u015fil t\u0131ls\u0131ml\u0131 \u015fi\u015fesinde sakl\u0131 odunsu bir koku olan yeni STRONGER WITH YOU SANDALWOOD&#8217;u ke\u015ffedin. STRONGER WITH YOU&#8217;nun ikonik fujer amber imzas\u0131yla g\u00fc\u00e7lendirilmi\u015f yeni, cezbedici, baharatl\u0131 ve odunsu bir koku.<\/span><\/span><br \/><span style=\", Helvetica, sans-serif;font-size:12px\"><span style=\"float:none;font-style:normal;font-weight:300;letter-spacing:normal;text-align:left;text-indent:0px;text-transform:none\">Koku, enfes ve nadir bir l\u00fcks hissi uyand\u0131ran ilgi \u00e7ekici, deri ve buruk safran akoru ile a\u00e7\u0131l\u0131yor. Bu aromatik f\u00fczyonu g\u00fc\u00e7lendiren, STRONGER WITH YOU&#8217;nun imzas\u0131 olan ba\u011f\u0131ml\u0131l\u0131k yaratan \u015fekerli kestane akoru ile zenginle\u015ftirilmi\u015f lavanta kalbidir. Kokunun kendine \u00f6zg\u00fc gizem duygusunu uyand\u0131ran \u015fey ise, odunsu, balzamik ve kadifemsi y\u00f6nleri rahatlat\u0131c\u0131 vanilya ve s\u0131cak sedir a\u011fac\u0131 ile g\u00fc\u00e7lendirilmi\u015f ada\u015f\u0131 olan sandal a\u011fac\u0131d\u0131r.<\/span><\/span><\/p>","protected":false},"excerpt":{"rendered":"<p>Mistik bir \u00e7\u00f6l manzaras\u0131n\u0131 an\u0131msatan, koyu ye\u015fil t\u0131ls\u0131ml\u0131 \u015fi\u015fesinde sakl\u0131 odunsu bir koku olan yeni STRONGER WITH YOU SANDALWOOD&#8217;u ke\u015ffedin. STRONGER WITH YOU&#8217;nun ikonik fujer amber imzas\u0131yla g\u00fc\u00e7lendirilmi\u015f yeni, cezbedici, baharatl\u0131 ve odunsu bir koku.Koku, enfes ve nadir bir l\u00fcks hissi uyand\u0131ran ilgi \u00e7ekici, deri ve buruk safran akoru ile a\u00e7\u0131l\u0131yor. Bu aromatik f\u00fczyonu g\u00fc\u00e7lendiren, [&hellip;]<\/p>","protected":false},"featured_media":13503,"comment_status":"open","ping_status":"closed","template":"","meta":[],"product_brand":[],"product_cat":[146,112],"product_tag":[],"class_list":{"0":"post-13451","1":"product","2":"type-product","3":"status-publish","4":"has-post-thumbnail","6":"product_cat-ithal-erkek-parfum","7":"product_cat-ithal-parfum","9":"first","10":"instock","11":"sale","12":"shipping-taxable","13":"purchasable","14":"product-type-simple"},"jetpack_sharing_enabled":true,"_links":{"self":[{"href":"https:\/\/www.europesstore.com\/en\/wp-json\/wp\/v2\/product\/13451","targetHints":{"allow":["GET"]}}],"collection":[{"href":"https:\/\/www.europesstore.com\/en\/wp-json\/wp\/v2\/product"}],"about":[{"href":"https:\/\/www.europesstore.com\/en\/wp-json\/wp\/v2\/types\/product"}],"replies":[{"embeddable":true,"href":"https:\/\/www.europesstore.com\/en\/wp-json\/wp\/v2\/comments?post=13451"}],"wp:featuredmedia":[{"embeddable":true,"href":"https:\/\/www.europesstore.com\/en\/wp-json\/wp\/v2\/media\/13503"}],"wp:attachment":[{"href":"https:\/\/www.europesstore.com\/en\/wp-json\/wp\/v2\/media?parent=13451"}],"wp:term":[{"taxonomy":"product_brand","embeddable":true,"href":"https:\/\/www.europesstore.com\/en\/wp-json\/wp\/v2\/product_brand?post=13451"},{"taxonomy":"product_cat","embeddable":true,"href":"https:\/\/www.europesstore.com\/en\/wp-json\/wp\/v2\/product_cat?post=13451"},{"taxonomy":"product_tag","embeddable":true,"href":"https:\/\/www.europesstore.com\/en\/wp-json\/wp\/v2\/product_tag?post=13451"}],"curies":[{"name":"wp","href":"https:\/\/api.w.org\/{rel}","templated":true}]}}