{"id":13460,"date":"2025-12-06T10:25:16","date_gmt":"2025-12-06T10:25:16","guid":{"rendered":"https:\/\/europesstore.com\/?post_type=product&#038;p=13460"},"modified":"2025-12-06T10:25:16","modified_gmt":"2025-12-06T10:25:16","slug":"lacoste-red-edt-pour-homme-eau-de-erkek-tester-parfum-125-ml","status":"publish","type":"product","link":"https:\/\/www.europesstore.com\/en\/product\/lacoste-red-edt-pour-homme-eau-de-erkek-tester-parfum-125-ml\/","title":{"rendered":"Lacoste Red EDT Pour Homme- Eau De Erkek Tester Parf\u00fcm 125 ML"},"content":{"rendered":"<p>Ye\u015fil elma, sibirya \u00e7am\u0131, silhat, g\u00fcve otu<span style=\", Arial, sans-serif;font-size:20px\"><span style=\"float:none;font-style:normal;font-weight:400;letter-spacing:normal;text-align:start;text-indent:0px;text-transform:none\">.&nbsp;<\/span><\/span><br \/><span style=\", Arial, sans-serif;font-size:20px\"><span style=\"float:none;font-style:normal;font-weight:400;letter-spacing:normal;text-align:start;text-indent:0px;text-transform:none\">Erkeksi, enerji dolu, heyecan verici. Zorlu ko\u015fullarda bile canland\u0131ran ve enerji veren, ne\u015feli ve ferahlat\u0131c\u0131 bir koku. Ye\u015fil elma, sibirya \u00e7am\u0131, silhat, g\u00fcve otu.<\/span><\/span><\/p>","protected":false},"excerpt":{"rendered":"<p>Ye\u015fil elma, sibirya \u00e7am\u0131, silhat, g\u00fcve otu.&nbsp;Erkeksi, enerji dolu, heyecan verici. Zorlu ko\u015fullarda bile canland\u0131ran ve enerji veren, ne\u015feli ve ferahlat\u0131c\u0131 bir koku. Ye\u015fil elma, sibirya \u00e7am\u0131, silhat, g\u00fcve otu.<\/p>","protected":false},"featured_media":13513,"comment_status":"open","ping_status":"closed","template":"","meta":[],"product_brand":[],"product_cat":[146,112],"product_tag":[],"class_list":{"0":"post-13460","1":"product","2":"type-product","3":"status-publish","4":"has-post-thumbnail","6":"product_cat-ithal-erkek-parfum","7":"product_cat-ithal-parfum","9":"first","10":"instock","11":"sale","12":"shipping-taxable","13":"purchasable","14":"product-type-simple"},"jetpack_sharing_enabled":true,"_links":{"self":[{"href":"https:\/\/www.europesstore.com\/en\/wp-json\/wp\/v2\/product\/13460","targetHints":{"allow":["GET"]}}],"collection":[{"href":"https:\/\/www.europesstore.com\/en\/wp-json\/wp\/v2\/product"}],"about":[{"href":"https:\/\/www.europesstore.com\/en\/wp-json\/wp\/v2\/types\/product"}],"replies":[{"embeddable":true,"href":"https:\/\/www.europesstore.com\/en\/wp-json\/wp\/v2\/comments?post=13460"}],"wp:featuredmedia":[{"embeddable":true,"href":"https:\/\/www.europesstore.com\/en\/wp-json\/wp\/v2\/media\/13513"}],"wp:attachment":[{"href":"https:\/\/www.europesstore.com\/en\/wp-json\/wp\/v2\/media?parent=13460"}],"wp:term":[{"taxonomy":"product_brand","embeddable":true,"href":"https:\/\/www.europesstore.com\/en\/wp-json\/wp\/v2\/product_brand?post=13460"},{"taxonomy":"product_cat","embeddable":true,"href":"https:\/\/www.europesstore.com\/en\/wp-json\/wp\/v2\/product_cat?post=13460"},{"taxonomy":"product_tag","embeddable":true,"href":"https:\/\/www.europesstore.com\/en\/wp-json\/wp\/v2\/product_tag?post=13460"}],"curies":[{"name":"wp","href":"https:\/\/api.w.org\/{rel}","templated":true}]}}