{"id":13461,"date":"2025-12-06T10:25:16","date_gmt":"2025-12-06T10:25:16","guid":{"rendered":"https:\/\/europesstore.com\/?post_type=product&#038;p=13461"},"modified":"2025-12-12T09:01:43","modified_gmt":"2025-12-12T09:01:43","slug":"dior-joy-by-intense-eau-de-kadin-tester-parfum-90-ml","status":"publish","type":"product","link":"https:\/\/www.europesstore.com\/en\/product\/dior-joy-by-intense-eau-de-kadin-tester-parfum-90-ml\/","title":{"rendered":"D\u0131or Joy by \u0130ntense- Eau de Kad\u0131n Tester Parf\u00fcm 90 ML"},"content":{"rendered":"<p><span style=\"font-family:AvantGardeMedium, Arial, sans-serif;font-size:16px\"><span style=\"float:none;font-style:normal;font-weight:400;letter-spacing:0.4px;text-align:start;text-indent:0px;text-transform:none\">\u00c7i\u00e7ekler ve narenciye meyvelerinin canl\u0131 g\u00fcl\u00fcmsemesi, orman\u0131n p\u00fcr\u00fczs\u00fcz ok\u015famas\u0131 ve misklerin ayd\u0131nlatt\u0131\u011f\u0131 bir edu de parf\u00fcm. Binlerce n\u00fcans ve aroma i\u00e7eren bir koku, yine de kristal berrakl\u0131\u011f\u0131nda. \u201c Dior JOY, \u0131\u015f\u0131\u011f\u0131n koklama duyusuna hitap eden bir yorumu sunarak ola\u011fan\u00fcst\u00fc bir mutluluk ifade eder. \u201d<\/span><\/span><\/p>","protected":false},"excerpt":{"rendered":"<p>\u00c7i\u00e7ekler ve narenciye meyvelerinin canl\u0131 g\u00fcl\u00fcmsemesi, orman\u0131n p\u00fcr\u00fczs\u00fcz ok\u015famas\u0131 ve misklerin ayd\u0131nlatt\u0131\u011f\u0131 bir edu de parf\u00fcm. Binlerce n\u00fcans ve aroma i\u00e7eren bir koku, yine de kristal berrakl\u0131\u011f\u0131nda. \u201c Dior JOY, \u0131\u015f\u0131\u011f\u0131n koklama duyusuna hitap eden bir yorumu sunarak ola\u011fan\u00fcst\u00fc bir mutluluk ifade eder. \u201d<\/p>","protected":false},"featured_media":13514,"comment_status":"open","ping_status":"closed","template":"","meta":[],"product_brand":[39],"product_cat":[144,112],"product_tag":[],"class_list":{"0":"post-13461","1":"product","2":"type-product","3":"status-publish","4":"has-post-thumbnail","6":"product_brand-dior","7":"product_cat-ithal-kadin-parfum","8":"product_cat-ithal-parfum","10":"first","11":"instock","12":"sale","13":"shipping-taxable","14":"purchasable","15":"product-type-simple"},"jetpack_sharing_enabled":true,"_links":{"self":[{"href":"https:\/\/www.europesstore.com\/en\/wp-json\/wp\/v2\/product\/13461","targetHints":{"allow":["GET"]}}],"collection":[{"href":"https:\/\/www.europesstore.com\/en\/wp-json\/wp\/v2\/product"}],"about":[{"href":"https:\/\/www.europesstore.com\/en\/wp-json\/wp\/v2\/types\/product"}],"replies":[{"embeddable":true,"href":"https:\/\/www.europesstore.com\/en\/wp-json\/wp\/v2\/comments?post=13461"}],"wp:featuredmedia":[{"embeddable":true,"href":"https:\/\/www.europesstore.com\/en\/wp-json\/wp\/v2\/media\/13514"}],"wp:attachment":[{"href":"https:\/\/www.europesstore.com\/en\/wp-json\/wp\/v2\/media?parent=13461"}],"wp:term":[{"taxonomy":"product_brand","embeddable":true,"href":"https:\/\/www.europesstore.com\/en\/wp-json\/wp\/v2\/product_brand?post=13461"},{"taxonomy":"product_cat","embeddable":true,"href":"https:\/\/www.europesstore.com\/en\/wp-json\/wp\/v2\/product_cat?post=13461"},{"taxonomy":"product_tag","embeddable":true,"href":"https:\/\/www.europesstore.com\/en\/wp-json\/wp\/v2\/product_tag?post=13461"}],"curies":[{"name":"wp","href":"https:\/\/api.w.org\/{rel}","templated":true}]}}