{"id":13462,"date":"2025-12-06T10:25:16","date_gmt":"2025-12-06T10:25:16","guid":{"rendered":"https:\/\/europesstore.com\/?post_type=product&#038;p=13462"},"modified":"2025-12-06T10:25:16","modified_gmt":"2025-12-06T10:25:16","slug":"givenchy-gentleman-eau-de-erkek-tester-parfum-100-ml-2","status":"publish","type":"product","link":"https:\/\/www.europesstore.com\/en\/product\/givenchy-gentleman-eau-de-erkek-tester-parfum-100-ml-2\/","title":{"rendered":"G\u0131venchy Gentleman- Eau de Erkek Tester Parf\u00fcm 100 ML"},"content":{"rendered":"<p><span style=\"font-family:AvantGardeMedium, Arial, sans-serif;font-size:16px\"><span style=\"float:none;font-style:normal;font-weight:400;letter-spacing:0.4px;text-align:start;text-indent:0px;text-transform:none\">Centilmenlerin en \u015fehvetlisini hedefleyen yeni bir yorum olan Eau de Parfum Bois\u00e9e&#8217;yi tan\u0131tt\u0131. G\u00fcc\u00fcyle oldu\u011fu kadar yumu\u015fakl\u0131\u011f\u0131yla da ba\u015ftan \u00e7\u0131karan ve kokusu bu beklenmedik kar\u015f\u0131tl\u0131\u011f\u0131n yans\u0131mas\u0131 olan tutkulu ve \u00f6zenli bir beyefendi.Karabiber ve ki\u015fni\u015fin baharatl\u0131 temas\u0131yla ba\u015flayan bir koku bulu\u015fmas\u0131. Bunu kakaonun a\u00e7g\u00f6zl\u00fcl\u00fc\u011f\u00fc ile irisin a\u00e7\u0131k sa\u00e7\u0131k zarafeti aras\u0131nda s\u0131cak bir ba\u015f ba\u015fa. Sandal a\u011fac\u0131n\u0131n odunsu notalar\u0131 ve oryantal bir uyumla y\u00fcceltilen bir bulu\u015fma. B\u00fcy\u00fcleyici bir ki\u015fili\u011fe sahip bu baharatl\u0131 \u00e7i\u00e7eksi odunsu, beyefendinin t\u00fcm \u015fehvetini y\u00fcceltir.<\/span><\/span><\/p>","protected":false},"excerpt":{"rendered":"<p>Centilmenlerin en \u015fehvetlisini hedefleyen yeni bir yorum olan Eau de Parfum Bois\u00e9e&#8217;yi tan\u0131tt\u0131. G\u00fcc\u00fcyle oldu\u011fu kadar yumu\u015fakl\u0131\u011f\u0131yla da ba\u015ftan \u00e7\u0131karan ve kokusu bu beklenmedik kar\u015f\u0131tl\u0131\u011f\u0131n yans\u0131mas\u0131 olan tutkulu ve \u00f6zenli bir beyefendi.Karabiber ve ki\u015fni\u015fin baharatl\u0131 temas\u0131yla ba\u015flayan bir koku bulu\u015fmas\u0131. Bunu kakaonun a\u00e7g\u00f6zl\u00fcl\u00fc\u011f\u00fc ile irisin a\u00e7\u0131k sa\u00e7\u0131k zarafeti aras\u0131nda s\u0131cak bir ba\u015f ba\u015fa. Sandal a\u011fac\u0131n\u0131n [&hellip;]<\/p>","protected":false},"featured_media":13515,"comment_status":"open","ping_status":"closed","template":"","meta":[],"product_brand":[],"product_cat":[146,112],"product_tag":[],"class_list":{"0":"post-13462","1":"product","2":"type-product","3":"status-publish","4":"has-post-thumbnail","6":"product_cat-ithal-erkek-parfum","7":"product_cat-ithal-parfum","9":"first","10":"instock","11":"sale","12":"shipping-taxable","13":"purchasable","14":"product-type-simple"},"jetpack_sharing_enabled":true,"_links":{"self":[{"href":"https:\/\/www.europesstore.com\/en\/wp-json\/wp\/v2\/product\/13462","targetHints":{"allow":["GET"]}}],"collection":[{"href":"https:\/\/www.europesstore.com\/en\/wp-json\/wp\/v2\/product"}],"about":[{"href":"https:\/\/www.europesstore.com\/en\/wp-json\/wp\/v2\/types\/product"}],"replies":[{"embeddable":true,"href":"https:\/\/www.europesstore.com\/en\/wp-json\/wp\/v2\/comments?post=13462"}],"wp:featuredmedia":[{"embeddable":true,"href":"https:\/\/www.europesstore.com\/en\/wp-json\/wp\/v2\/media\/13515"}],"wp:attachment":[{"href":"https:\/\/www.europesstore.com\/en\/wp-json\/wp\/v2\/media?parent=13462"}],"wp:term":[{"taxonomy":"product_brand","embeddable":true,"href":"https:\/\/www.europesstore.com\/en\/wp-json\/wp\/v2\/product_brand?post=13462"},{"taxonomy":"product_cat","embeddable":true,"href":"https:\/\/www.europesstore.com\/en\/wp-json\/wp\/v2\/product_cat?post=13462"},{"taxonomy":"product_tag","embeddable":true,"href":"https:\/\/www.europesstore.com\/en\/wp-json\/wp\/v2\/product_tag?post=13462"}],"curies":[{"name":"wp","href":"https:\/\/api.w.org\/{rel}","templated":true}]}}