{"id":13463,"date":"2025-12-06T10:25:16","date_gmt":"2025-12-06T10:25:16","guid":{"rendered":"https:\/\/europesstore.com\/?post_type=product&#038;p=13463"},"modified":"2025-12-06T10:25:16","modified_gmt":"2025-12-06T10:25:16","slug":"givenchy-gentleman-society-eau-de-erkek-tester-parfum-100-ml","status":"publish","type":"product","link":"https:\/\/www.europesstore.com\/en\/product\/givenchy-gentleman-society-eau-de-erkek-tester-parfum-100-ml\/","title":{"rendered":"G\u0131venchy Gentleman Society- Eau de Erkek Tester Parf\u00fcm 100 ML"},"content":{"rendered":"<p><span style=\"font-family:AvantGardeMedium, Arial, sans-serif;font-size:16px\"><span style=\"float:none;font-style:normal;font-weight:400;letter-spacing:0.4px;text-align:start;text-indent:0px;text-transform:none\">&#8220;Bir centilmenin ne anlama geldi\u011fini yeniden tan\u0131mlayan, Givenchy&#8217;nin yeni erkek parf\u00fcm\u00fc Gentleman Society Eau de Parfum ile kurallar\u0131 yeniden yarat\u0131n. Vah\u015fi Nergis&#8217;in \u00e7i\u00e7eksili\u011fi ile son derece esrarengiz odunsu akoru bir araya getiren \u00e7ok y\u00f6nl\u00fc bir koku.<\/span><\/span><br \/>N<span style=\"font-family:AvantGardeMedium, Arial, sans-serif;font-size:16px\"><span style=\"float:none;font-style:normal;font-weight:400;letter-spacing:0.4px;text-align:start;text-indent:0px;text-transform:none\">ergis \u00c7i\u00e7e\u011fi notalar\u0131yla birle\u015fir. Bu etkileyici ef\u00fczyon, Madagaskar, Uruguay ve Haiti&#8217;de hasat edilen bir Vetiver&#8217;in gizemli yo\u011funlu\u011fuyla yan yana geliyor. Vanilya&#8217;n\u0131n s\u0131cakl\u0131\u011f\u0131, Sandal A\u011fac\u0131 ve Sedir A\u011fac\u0131 esanslar\u0131yla eriyerek bu sofistike erkek parf\u00fcm\u00fcn\u00fcn ba\u011f\u0131ml\u0131l\u0131k yapan temelini olu\u015fturur. Modern gentilmen i\u00e7in cesur bir ifade.<\/span><\/span><\/p>","protected":false},"excerpt":{"rendered":"<p>&#8220;Bir centilmenin ne anlama geldi\u011fini yeniden tan\u0131mlayan, Givenchy&#8217;nin yeni erkek parf\u00fcm\u00fc Gentleman Society Eau de Parfum ile kurallar\u0131 yeniden yarat\u0131n. Vah\u015fi Nergis&#8217;in \u00e7i\u00e7eksili\u011fi ile son derece esrarengiz odunsu akoru bir araya getiren \u00e7ok y\u00f6nl\u00fc bir koku.Nergis \u00c7i\u00e7e\u011fi notalar\u0131yla birle\u015fir. Bu etkileyici ef\u00fczyon, Madagaskar, Uruguay ve Haiti&#8217;de hasat edilen bir Vetiver&#8217;in gizemli yo\u011funlu\u011fuyla yan yana geliyor. [&hellip;]<\/p>","protected":false},"featured_media":13516,"comment_status":"open","ping_status":"closed","template":"","meta":[],"product_brand":[],"product_cat":[146,112],"product_tag":[],"class_list":{"0":"post-13463","1":"product","2":"type-product","3":"status-publish","4":"has-post-thumbnail","6":"product_cat-ithal-erkek-parfum","7":"product_cat-ithal-parfum","9":"first","10":"instock","11":"sale","12":"shipping-taxable","13":"purchasable","14":"product-type-simple"},"jetpack_sharing_enabled":true,"_links":{"self":[{"href":"https:\/\/www.europesstore.com\/en\/wp-json\/wp\/v2\/product\/13463","targetHints":{"allow":["GET"]}}],"collection":[{"href":"https:\/\/www.europesstore.com\/en\/wp-json\/wp\/v2\/product"}],"about":[{"href":"https:\/\/www.europesstore.com\/en\/wp-json\/wp\/v2\/types\/product"}],"replies":[{"embeddable":true,"href":"https:\/\/www.europesstore.com\/en\/wp-json\/wp\/v2\/comments?post=13463"}],"wp:featuredmedia":[{"embeddable":true,"href":"https:\/\/www.europesstore.com\/en\/wp-json\/wp\/v2\/media\/13516"}],"wp:attachment":[{"href":"https:\/\/www.europesstore.com\/en\/wp-json\/wp\/v2\/media?parent=13463"}],"wp:term":[{"taxonomy":"product_brand","embeddable":true,"href":"https:\/\/www.europesstore.com\/en\/wp-json\/wp\/v2\/product_brand?post=13463"},{"taxonomy":"product_cat","embeddable":true,"href":"https:\/\/www.europesstore.com\/en\/wp-json\/wp\/v2\/product_cat?post=13463"},{"taxonomy":"product_tag","embeddable":true,"href":"https:\/\/www.europesstore.com\/en\/wp-json\/wp\/v2\/product_tag?post=13463"}],"curies":[{"name":"wp","href":"https:\/\/api.w.org\/{rel}","templated":true}]}}