{"id":13464,"date":"2025-12-06T10:25:15","date_gmt":"2025-12-06T10:25:15","guid":{"rendered":"https:\/\/europesstore.com\/?post_type=product&#038;p=13464"},"modified":"2025-12-06T10:25:16","modified_gmt":"2025-12-06T10:25:16","slug":"givenchy-gentleman-eau-de-erkek-tester-parfum-100-ml","status":"publish","type":"product","link":"https:\/\/www.europesstore.com\/en\/product\/givenchy-gentleman-eau-de-erkek-tester-parfum-100-ml\/","title":{"rendered":"G\u0131venchy Gentleman &#8211; Eau de Erkek Tester Parf\u00fcm 100 ML"},"content":{"rendered":"<p><label style=\"border-width:0px;font-family:Jost;font-size:14px;font-style:normal;font-weight:540;letter-spacing:0.32px;line-height:inherit;margin:0px;padding:0px;text-align:start;text-indent:0px;text-transform:none;vertical-align:baseline;width:85.6px\">\u00dcr\u00fcn \u0130\u00e7eri\u011fi<\/label><span style=\"font-family:Jost;font-size:14px\"><span style=\"border-width:0px;font-style:normal;font-weight:400;letter-spacing:0.32px;line-height:inherit;margin:0px;padding:0px;text-align:start;text-indent:0px;text-transform:none;vertical-align:baseline\"> \u00dcst Notalar: Armut Orta Notalar: Lavanta ve \u0130ris Alt Notalar: Deri ve Pa\u00e7uli<\/span><\/span><\/p>","protected":false},"excerpt":{"rendered":"<p>\u00dcr\u00fcn \u0130\u00e7eri\u011fi \u00dcst Notalar: Armut Orta Notalar: Lavanta ve \u0130ris Alt Notalar: Deri ve Pa\u00e7uli<\/p>","protected":false},"featured_media":13522,"comment_status":"open","ping_status":"closed","template":"","meta":[],"product_brand":[],"product_cat":[146,112],"product_tag":[],"class_list":{"0":"post-13464","1":"product","2":"type-product","3":"status-publish","4":"has-post-thumbnail","6":"product_cat-ithal-erkek-parfum","7":"product_cat-ithal-parfum","9":"first","10":"instock","11":"sale","12":"shipping-taxable","13":"purchasable","14":"product-type-simple"},"jetpack_sharing_enabled":true,"_links":{"self":[{"href":"https:\/\/www.europesstore.com\/en\/wp-json\/wp\/v2\/product\/13464","targetHints":{"allow":["GET"]}}],"collection":[{"href":"https:\/\/www.europesstore.com\/en\/wp-json\/wp\/v2\/product"}],"about":[{"href":"https:\/\/www.europesstore.com\/en\/wp-json\/wp\/v2\/types\/product"}],"replies":[{"embeddable":true,"href":"https:\/\/www.europesstore.com\/en\/wp-json\/wp\/v2\/comments?post=13464"}],"wp:featuredmedia":[{"embeddable":true,"href":"https:\/\/www.europesstore.com\/en\/wp-json\/wp\/v2\/media\/13522"}],"wp:attachment":[{"href":"https:\/\/www.europesstore.com\/en\/wp-json\/wp\/v2\/media?parent=13464"}],"wp:term":[{"taxonomy":"product_brand","embeddable":true,"href":"https:\/\/www.europesstore.com\/en\/wp-json\/wp\/v2\/product_brand?post=13464"},{"taxonomy":"product_cat","embeddable":true,"href":"https:\/\/www.europesstore.com\/en\/wp-json\/wp\/v2\/product_cat?post=13464"},{"taxonomy":"product_tag","embeddable":true,"href":"https:\/\/www.europesstore.com\/en\/wp-json\/wp\/v2\/product_tag?post=13464"}],"curies":[{"name":"wp","href":"https:\/\/api.w.org\/{rel}","templated":true}]}}