{"id":13465,"date":"2025-12-06T10:25:15","date_gmt":"2025-12-06T10:25:15","guid":{"rendered":"https:\/\/europesstore.com\/?post_type=product&#038;p=13465"},"modified":"2025-12-06T10:25:15","modified_gmt":"2025-12-06T10:25:15","slug":"givenchy-gentleman-reserve-privee-eau-de-erkek-tester-parfum-100-ml","status":"publish","type":"product","link":"https:\/\/www.europesstore.com\/en\/product\/givenchy-gentleman-reserve-privee-eau-de-erkek-tester-parfum-100-ml\/","title":{"rendered":"G\u0131venchy Gentleman R\u00e9serve Priv\u00e9e- Eau de Erkek Tester Parf\u00fcm 100 ML"},"content":{"rendered":"<p><span style=\"font-family:AvantGardeMedium, Arial, sans-serif;font-size:16px\"><span style=\"float:none;font-style:normal;font-weight:400;letter-spacing:0.4px;text-align:start;text-indent:0px;text-transform:none\">Parf\u00fcm bile\u015fimi entegre edilecek mutlak bir viski, Grasse d\u00f6n\u00fc\u015ft\u00fcr\u00fclm\u00fc\u015f \u00fcnl\u00fc \u0130sko\u00e7 i\u00e7ki, arpa yap\u0131lm\u0131\u015f: koku b\u00f6ylece benzersiz bir koku imza yol a\u00e7an \u015fa\u015f\u0131rt\u0131c\u0131 bir madde etraf\u0131nda olu\u015fturulur viski, ola\u011fan\u00fcst\u00fc viskilerin eskidi\u011fi as\u0131rl\u0131k f\u0131\u00e7\u0131lar\u0131n koku notalar\u0131n\u0131 yans\u0131tan, iris ve kehribar a\u011fac\u0131n\u0131n ba\u015f d\u00f6nd\u00fcr\u00fcc\u00fc ve sofistike ikilisi ile harmanlan\u0131r.<\/span><\/span><\/p>\n<p><span style=\"font-family:AvantGardeMedium, Arial, sans-serif;font-size:16px\"><span style=\"float:none;font-style:normal;font-weight:400;letter-spacing:0.4px;text-align:start;text-indent:0px;text-transform:none\">Odunsu \u00e7i\u00e7eksi kehribar kokusu, Givenchy Gentleman R\u00e9serve Priv\u00e9e Eau de Parfum, benzersiz zamans\u0131z inceli\u011fi zarif bir \u015fekilde b\u00fcnyesinde bar\u0131nd\u0131r\u0131yor.<\/span><\/span><\/p>","protected":false},"excerpt":{"rendered":"<p>Parf\u00fcm bile\u015fimi entegre edilecek mutlak bir viski, Grasse d\u00f6n\u00fc\u015ft\u00fcr\u00fclm\u00fc\u015f \u00fcnl\u00fc \u0130sko\u00e7 i\u00e7ki, arpa yap\u0131lm\u0131\u015f: koku b\u00f6ylece benzersiz bir koku imza yol a\u00e7an \u015fa\u015f\u0131rt\u0131c\u0131 bir madde etraf\u0131nda olu\u015fturulur viski, ola\u011fan\u00fcst\u00fc viskilerin eskidi\u011fi as\u0131rl\u0131k f\u0131\u00e7\u0131lar\u0131n koku notalar\u0131n\u0131 yans\u0131tan, iris ve kehribar a\u011fac\u0131n\u0131n ba\u015f d\u00f6nd\u00fcr\u00fcc\u00fc ve sofistike ikilisi ile harmanlan\u0131r. Odunsu \u00e7i\u00e7eksi kehribar kokusu, Givenchy Gentleman R\u00e9serve Priv\u00e9e [&hellip;]<\/p>","protected":false},"featured_media":13523,"comment_status":"open","ping_status":"closed","template":"","meta":[],"product_brand":[],"product_cat":[146,112],"product_tag":[],"class_list":{"0":"post-13465","1":"product","2":"type-product","3":"status-publish","4":"has-post-thumbnail","6":"product_cat-ithal-erkek-parfum","7":"product_cat-ithal-parfum","9":"first","10":"instock","11":"sale","12":"shipping-taxable","13":"purchasable","14":"product-type-simple"},"jetpack_sharing_enabled":true,"_links":{"self":[{"href":"https:\/\/www.europesstore.com\/en\/wp-json\/wp\/v2\/product\/13465","targetHints":{"allow":["GET"]}}],"collection":[{"href":"https:\/\/www.europesstore.com\/en\/wp-json\/wp\/v2\/product"}],"about":[{"href":"https:\/\/www.europesstore.com\/en\/wp-json\/wp\/v2\/types\/product"}],"replies":[{"embeddable":true,"href":"https:\/\/www.europesstore.com\/en\/wp-json\/wp\/v2\/comments?post=13465"}],"wp:featuredmedia":[{"embeddable":true,"href":"https:\/\/www.europesstore.com\/en\/wp-json\/wp\/v2\/media\/13523"}],"wp:attachment":[{"href":"https:\/\/www.europesstore.com\/en\/wp-json\/wp\/v2\/media?parent=13465"}],"wp:term":[{"taxonomy":"product_brand","embeddable":true,"href":"https:\/\/www.europesstore.com\/en\/wp-json\/wp\/v2\/product_brand?post=13465"},{"taxonomy":"product_cat","embeddable":true,"href":"https:\/\/www.europesstore.com\/en\/wp-json\/wp\/v2\/product_cat?post=13465"},{"taxonomy":"product_tag","embeddable":true,"href":"https:\/\/www.europesstore.com\/en\/wp-json\/wp\/v2\/product_tag?post=13465"}],"curies":[{"name":"wp","href":"https:\/\/api.w.org\/{rel}","templated":true}]}}