{"id":13473,"date":"2025-12-06T10:25:15","date_gmt":"2025-12-06T10:25:15","guid":{"rendered":"https:\/\/europesstore.com\/?post_type=product&#038;p=13473"},"modified":"2025-12-06T10:25:15","modified_gmt":"2025-12-06T10:25:15","slug":"roberto-cavalli-rc-paradiso-eau-de-kadin-tester-parfum-100-ml","status":"publish","type":"product","link":"https:\/\/www.europesstore.com\/en\/product\/roberto-cavalli-rc-paradiso-eau-de-kadin-tester-parfum-100-ml\/","title":{"rendered":"Roberto Cavall\u0131 Rc Paradiso- Eau de Kad\u0131n Tester Parf\u00fcm 100 ML"},"content":{"rendered":"<p><span style=\"font-family:AvantGardeMedium, Arial, sans-serif;font-size:16px\"><span style=\"float:none;font-style:normal;font-weight:400;letter-spacing:0.4px;text-align:start;text-indent:0px;text-transform:none\">E\u011flenceli, canl\u0131, huzurlu.<\/span><\/span><br \/><span style=\"font-family:AvantGardeMedium, Arial, sans-serif;font-size:16px\"><span style=\"float:none;font-style:normal;font-weight:400;letter-spacing:0.4px;text-align:start;text-indent:0px;text-transform:none\">Paradiso Eau de Parfum, Akdeniz k\u0131y\u0131lar\u0131nda yer alan muhte\u015fem bir villan\u0131n kap\u0131s\u0131n\u0131 a\u00e7an b\u00fcy\u00fcl\u00fc bir anahtar g\u00f6revi g\u00f6r\u00fcyor.<\/span><\/span><br \/><span style=\"font-family:AvantGardeMedium, Arial, sans-serif;font-size:16px\"><span style=\"float:none;font-style:normal;font-weight:400;letter-spacing:0.4px;text-align:start;text-indent:0px;text-transform:none\">Bir kad\u0131n\u0131n en iyi arkada\u015f\u0131 olarak p\u0131rlantan\u0131n say\u0131s\u0131z y\u00f6n\u00fcnden ilham alan bu koku, kad\u0131n\u0131n ki\u015fili\u011finin farkl\u0131 boyutlar\u0131n\u0131 \u00f6zetliyor. Louis Turner taraf\u0131ndan yarat\u0131lan kokunun \u00fcst notalar\u0131nda neroli ve mandalina, orta notalar\u0131nda yabani yasemin, dip notalar\u0131nda ise servi a\u011fac\u0131 ve misk yer al\u0131yor.<\/span><\/span><\/p>","protected":false},"excerpt":{"rendered":"<p>E\u011flenceli, canl\u0131, huzurlu.Paradiso Eau de Parfum, Akdeniz k\u0131y\u0131lar\u0131nda yer alan muhte\u015fem bir villan\u0131n kap\u0131s\u0131n\u0131 a\u00e7an b\u00fcy\u00fcl\u00fc bir anahtar g\u00f6revi g\u00f6r\u00fcyor.Bir kad\u0131n\u0131n en iyi arkada\u015f\u0131 olarak p\u0131rlantan\u0131n say\u0131s\u0131z y\u00f6n\u00fcnden ilham alan bu koku, kad\u0131n\u0131n ki\u015fili\u011finin farkl\u0131 boyutlar\u0131n\u0131 \u00f6zetliyor. Louis Turner taraf\u0131ndan yarat\u0131lan kokunun \u00fcst notalar\u0131nda neroli ve mandalina, orta notalar\u0131nda yabani yasemin, dip notalar\u0131nda ise servi [&hellip;]<\/p>","protected":false},"featured_media":13524,"comment_status":"open","ping_status":"closed","template":"","meta":[],"product_brand":[],"product_cat":[144,112],"product_tag":[],"class_list":{"0":"post-13473","1":"product","2":"type-product","3":"status-publish","4":"has-post-thumbnail","6":"product_cat-ithal-kadin-parfum","7":"product_cat-ithal-parfum","9":"first","10":"instock","11":"sale","12":"shipping-taxable","13":"purchasable","14":"product-type-simple"},"jetpack_sharing_enabled":true,"_links":{"self":[{"href":"https:\/\/www.europesstore.com\/en\/wp-json\/wp\/v2\/product\/13473","targetHints":{"allow":["GET"]}}],"collection":[{"href":"https:\/\/www.europesstore.com\/en\/wp-json\/wp\/v2\/product"}],"about":[{"href":"https:\/\/www.europesstore.com\/en\/wp-json\/wp\/v2\/types\/product"}],"replies":[{"embeddable":true,"href":"https:\/\/www.europesstore.com\/en\/wp-json\/wp\/v2\/comments?post=13473"}],"wp:featuredmedia":[{"embeddable":true,"href":"https:\/\/www.europesstore.com\/en\/wp-json\/wp\/v2\/media\/13524"}],"wp:attachment":[{"href":"https:\/\/www.europesstore.com\/en\/wp-json\/wp\/v2\/media?parent=13473"}],"wp:term":[{"taxonomy":"product_brand","embeddable":true,"href":"https:\/\/www.europesstore.com\/en\/wp-json\/wp\/v2\/product_brand?post=13473"},{"taxonomy":"product_cat","embeddable":true,"href":"https:\/\/www.europesstore.com\/en\/wp-json\/wp\/v2\/product_cat?post=13473"},{"taxonomy":"product_tag","embeddable":true,"href":"https:\/\/www.europesstore.com\/en\/wp-json\/wp\/v2\/product_tag?post=13473"}],"curies":[{"name":"wp","href":"https:\/\/api.w.org\/{rel}","templated":true}]}}