{"id":13474,"date":"2025-12-06T10:25:15","date_gmt":"2025-12-06T10:25:15","guid":{"rendered":"https:\/\/europesstore.com\/?post_type=product&#038;p=13474"},"modified":"2025-12-06T10:25:15","modified_gmt":"2025-12-06T10:25:15","slug":"roberto-cavalli-eau-de-kadin-tester-parfum-100-ml","status":"publish","type":"product","link":"https:\/\/www.europesstore.com\/en\/product\/roberto-cavalli-eau-de-kadin-tester-parfum-100-ml\/","title":{"rendered":"Roberto Cavalli- Eau de Kad\u0131n Tester Parf\u00fcm 100 ML"},"content":{"rendered":"<p style=\"font-size:14px;font-style:normal;font-weight:400;letter-spacing:normal;margin-bottom:10px;margin-top:0px;text-align:start;text-indent:0px;text-transform:none\"><span>Roberto Cavalli Signature, t\u00fcm dikkatleri \u00fczerine \u00e7eken, b\u00fcy\u00fcleyici, \u00f6zg\u00fcr ve kendine g\u00fcvenen kad\u0131n\u0131 yans\u0131t\u0131yor. \u0130peksi ve canl\u0131 bir cilde sahip her kad\u0131n gibi etraf\u0131na \u0131\u015f\u0131k sa\u00e7\u0131yor. Parf\u00fcm\u00fcn kalp notas\u0131nda t\u00fcm g\u00f6rkemiyle saf portakal \u00e7i\u00e7e\u011fi esans\u0131 bulunuyor. Koku ve renk, ultra-feminen bir iz b\u0131rak\u0131yor ve kay\u0131ts\u0131z kalmak imkans\u0131zla\u015f\u0131yor. Bu duyusall\u0131k, cilt \u00fczerinde m\u00fckemmel bir iz b\u0131rakan tonka fasulyelerinin b\u00fcy\u00fcleyici dip notalar\u0131 ile \u00e7evreleniyor. \u015ei\u015fe tasar\u0131m\u0131 bir kad\u0131n\u0131n seksi k\u0131vr\u0131mlar\u0131n\u0131 an\u0131msat\u0131yor. Kal\u0131n cam taban ise karakterin g\u00fcc\u00fcn\u00fc yans\u0131t\u0131yor. \u015ei\u015fenin seksili\u011fini g\u00fc\u00e7lendiren Roberto Cavalli alt\u0131n logolu kapak ve g\u00fcc\u00fc yans\u0131tan kaplan deseni ile t\u00fcm g\u00f6zlerin odak noktas\u0131 olan kad\u0131n\u0131 temsil ediyor.<\/span><\/p>\n<p style=\"font-size:14px;font-style:normal;font-weight:400;letter-spacing:normal;margin-bottom:10px;margin-top:0px;text-align:start;text-indent:0px;text-transform:none\"><span>Parf\u00fcm Notas\u0131 : Koku Ailesi: \u00c7i\u00e7eksi, Amber.<\/span><\/p>\n<p style=\"font-size:14px;font-style:normal;font-weight:400;letter-spacing:normal;margin-bottom:10px;margin-top:0px;text-align:start;text-indent:0px;text-transform:none\"><span>Tepe Nota: Pembe Biber Tanesi, Ye\u015fil Mandalina.<\/span><\/p>\n<p style=\"font-size:14px;font-style:normal;font-weight:400;letter-spacing:normal;margin-bottom:10px;margin-top:0px;text-align:start;text-indent:0px;text-transform:none\"><span>Kalp Nota: Portakal \u00c7i\u00e7e\u011fi \u00d6z\u00fct\u00fc, Beyaz Erik Brendisi.<\/span><\/p>\n<p style=\"font-size:14px;font-style:normal;font-weight:400;letter-spacing:normal;margin-bottom:10px;margin-top:0px;text-align:start;text-indent:0px;text-transform:none\"><span>Dip Nota: Kavrulmu\u015f Tonka Fasulye.<\/span><\/p>","protected":false},"excerpt":{"rendered":"<p>Roberto Cavalli Signature, t\u00fcm dikkatleri \u00fczerine \u00e7eken, b\u00fcy\u00fcleyici, \u00f6zg\u00fcr ve kendine g\u00fcvenen kad\u0131n\u0131 yans\u0131t\u0131yor. \u0130peksi ve canl\u0131 bir cilde sahip her kad\u0131n gibi etraf\u0131na \u0131\u015f\u0131k sa\u00e7\u0131yor. Parf\u00fcm\u00fcn kalp notas\u0131nda t\u00fcm g\u00f6rkemiyle saf portakal \u00e7i\u00e7e\u011fi esans\u0131 bulunuyor. Koku ve renk, ultra-feminen bir iz b\u0131rak\u0131yor ve kay\u0131ts\u0131z kalmak imkans\u0131zla\u015f\u0131yor. Bu duyusall\u0131k, cilt \u00fczerinde m\u00fckemmel bir iz b\u0131rakan [&hellip;]<\/p>","protected":false},"featured_media":13525,"comment_status":"open","ping_status":"closed","template":"","meta":[],"product_brand":[],"product_cat":[144,112],"product_tag":[],"class_list":{"0":"post-13474","1":"product","2":"type-product","3":"status-publish","4":"has-post-thumbnail","6":"product_cat-ithal-kadin-parfum","7":"product_cat-ithal-parfum","9":"first","10":"instock","11":"sale","12":"shipping-taxable","13":"purchasable","14":"product-type-simple"},"jetpack_sharing_enabled":true,"_links":{"self":[{"href":"https:\/\/www.europesstore.com\/en\/wp-json\/wp\/v2\/product\/13474","targetHints":{"allow":["GET"]}}],"collection":[{"href":"https:\/\/www.europesstore.com\/en\/wp-json\/wp\/v2\/product"}],"about":[{"href":"https:\/\/www.europesstore.com\/en\/wp-json\/wp\/v2\/types\/product"}],"replies":[{"embeddable":true,"href":"https:\/\/www.europesstore.com\/en\/wp-json\/wp\/v2\/comments?post=13474"}],"wp:featuredmedia":[{"embeddable":true,"href":"https:\/\/www.europesstore.com\/en\/wp-json\/wp\/v2\/media\/13525"}],"wp:attachment":[{"href":"https:\/\/www.europesstore.com\/en\/wp-json\/wp\/v2\/media?parent=13474"}],"wp:term":[{"taxonomy":"product_brand","embeddable":true,"href":"https:\/\/www.europesstore.com\/en\/wp-json\/wp\/v2\/product_brand?post=13474"},{"taxonomy":"product_cat","embeddable":true,"href":"https:\/\/www.europesstore.com\/en\/wp-json\/wp\/v2\/product_cat?post=13474"},{"taxonomy":"product_tag","embeddable":true,"href":"https:\/\/www.europesstore.com\/en\/wp-json\/wp\/v2\/product_tag?post=13474"}],"curies":[{"name":"wp","href":"https:\/\/api.w.org\/{rel}","templated":true}]}}