{"id":13476,"date":"2025-12-06T10:25:15","date_gmt":"2025-12-06T10:25:15","guid":{"rendered":"https:\/\/europesstore.com\/?post_type=product&#038;p=13476"},"modified":"2025-12-06T10:25:15","modified_gmt":"2025-12-06T10:25:15","slug":"valentino-born-in-roma-green-stravaganza-eau-de-kadin-tester-parfum-100-ml","status":"publish","type":"product","link":"https:\/\/www.europesstore.com\/en\/product\/valentino-born-in-roma-green-stravaganza-eau-de-kadin-tester-parfum-100-ml\/","title":{"rendered":"Valent\u0131no Born In Roma Green Stravaganza- Eau de Kad\u0131n Tester Parf\u00fcm 100 ML"},"content":{"rendered":"<p>Roma&#8217;n\u0131n serin bah\u00e7elerine cesur bir maceraya \u00e7\u0131kar\u0131yor, burada \u00f6zg\u00fcrce ya\u015fayabilir ve benzersiz yollar\u0131n\u0131z\u0131 ifade edebilirsiniz. Cesur ve bereketli Roma \u015fehrinde a\u015f\u0131r\u0131 kendiniz olmaya cesaret edin. Ebedi \u015fehrin tutkusunu ve abart\u0131s\u0131n\u0131 ya\u015fay\u0131n. Roma&#8217;n\u0131n serin bah\u00e7elerini yeniden ke\u015ffedin ve sizi \u00f6ne \u00e7\u0131karacak yeni bir yolculu\u011fa \u00e7\u0131kar\u0131rken alter ego \u00e7iftimizin ve arkada\u015flar\u0131n\u0131n enerjisini hissedin. Roma&#8217;da Do\u011fan Green Stravaganza, parlak Calabria bergamot kalbi, taze aromatik bir kompleks ve ba\u011f\u0131ml\u0131l\u0131k yaratan bir kahve akoruyla abart\u0131lar\u0131n\u0131z\u0131 y\u00fckselten bir foug\u00e8re amber kokusudur. &#8216; &#8211; \u00dcST NOTA: Calabria Bergamot &#8216; &#8211; ORTA NOTA: Kahve Akoru &#8216; &#8211; ALT NOTA: Vetiver Kalp \u00d6z\u00fc Haiti<\/p>","protected":false},"excerpt":{"rendered":"<p>Roma&#8217;n\u0131n serin bah\u00e7elerine cesur bir maceraya \u00e7\u0131kar\u0131yor, burada \u00f6zg\u00fcrce ya\u015fayabilir ve benzersiz yollar\u0131n\u0131z\u0131 ifade edebilirsiniz. Cesur ve bereketli Roma \u015fehrinde a\u015f\u0131r\u0131 kendiniz olmaya cesaret edin. Ebedi \u015fehrin tutkusunu ve abart\u0131s\u0131n\u0131 ya\u015fay\u0131n. Roma&#8217;n\u0131n serin bah\u00e7elerini yeniden ke\u015ffedin ve sizi \u00f6ne \u00e7\u0131karacak yeni bir yolculu\u011fa \u00e7\u0131kar\u0131rken alter ego \u00e7iftimizin ve arkada\u015flar\u0131n\u0131n enerjisini hissedin. Roma&#8217;da Do\u011fan Green Stravaganza, [&hellip;]<\/p>","protected":false},"featured_media":13527,"comment_status":"open","ping_status":"closed","template":"","meta":[],"product_brand":[],"product_cat":[144,112],"product_tag":[],"class_list":{"0":"post-13476","1":"product","2":"type-product","3":"status-publish","4":"has-post-thumbnail","6":"product_cat-ithal-kadin-parfum","7":"product_cat-ithal-parfum","9":"first","10":"instock","11":"sale","12":"shipping-taxable","13":"purchasable","14":"product-type-simple"},"jetpack_sharing_enabled":true,"_links":{"self":[{"href":"https:\/\/www.europesstore.com\/en\/wp-json\/wp\/v2\/product\/13476","targetHints":{"allow":["GET"]}}],"collection":[{"href":"https:\/\/www.europesstore.com\/en\/wp-json\/wp\/v2\/product"}],"about":[{"href":"https:\/\/www.europesstore.com\/en\/wp-json\/wp\/v2\/types\/product"}],"replies":[{"embeddable":true,"href":"https:\/\/www.europesstore.com\/en\/wp-json\/wp\/v2\/comments?post=13476"}],"wp:featuredmedia":[{"embeddable":true,"href":"https:\/\/www.europesstore.com\/en\/wp-json\/wp\/v2\/media\/13527"}],"wp:attachment":[{"href":"https:\/\/www.europesstore.com\/en\/wp-json\/wp\/v2\/media?parent=13476"}],"wp:term":[{"taxonomy":"product_brand","embeddable":true,"href":"https:\/\/www.europesstore.com\/en\/wp-json\/wp\/v2\/product_brand?post=13476"},{"taxonomy":"product_cat","embeddable":true,"href":"https:\/\/www.europesstore.com\/en\/wp-json\/wp\/v2\/product_cat?post=13476"},{"taxonomy":"product_tag","embeddable":true,"href":"https:\/\/www.europesstore.com\/en\/wp-json\/wp\/v2\/product_tag?post=13476"}],"curies":[{"name":"wp","href":"https:\/\/api.w.org\/{rel}","templated":true}]}}