{"id":13477,"date":"2025-12-06T10:25:15","date_gmt":"2025-12-06T10:25:15","guid":{"rendered":"https:\/\/europesstore.com\/?post_type=product&#038;p=13477"},"modified":"2025-12-06T10:25:15","modified_gmt":"2025-12-06T10:25:15","slug":"valentino-donna-born-in-roma-eau-de-kadin-tester-parfum-100-ml","status":"publish","type":"product","link":"https:\/\/www.europesstore.com\/en\/product\/valentino-donna-born-in-roma-eau-de-kadin-tester-parfum-100-ml\/","title":{"rendered":"Valent\u0131no Donna Born In Roma- Eau de Kad\u0131n Tester Parf\u00fcm 100 ML"},"content":{"rendered":"<p><span style=\"font-family:AvantGardeMedium, Arial, sans-serif;font-size:16px\"><span style=\"float:none;font-style:normal;font-weight:400;letter-spacing:0.4px;text-align:start;text-indent:0px;text-transform:none\">Modern parf\u00fcm d\u00fcnyas\u0131ndaki en pahal\u0131 i\u00e7eriklerden biri olan Bourbon vanilya ile \u00f6zel 3 farkl\u0131 yasemin \u00e7i\u00e7e\u011finin harmanlanmas\u0131ndan olu\u015fan Born In Roma Donna, bu i\u00e7eriklerin e\u015fsiz uyumunun bir simgesidir. So\u011fuk pembe biber tanelerinin ve y\u00fcksek dozdaki odunsu notalar\u0131n g\u00fcc\u00fc, couture etkisinde yarat\u0131lan parf\u00fcme kad\u0131ns\u0131 ve modern bir dokunu\u015f katar.<\/span><\/span><\/p>\n<p><span style=\"font-family:AvantGardeMedium, Arial, sans-serif;font-size:16px\"><span style=\"float:none;font-style:normal;font-weight:400;letter-spacing:0.4px;text-align:start;text-indent:0px;text-transform:none\">Born In Roma, kad\u0131nl\u0131\u011f\u0131n, de\u011ferlerin ve ki\u015fili\u011fin bir kutlamas\u0131d\u0131r.<\/span><\/span><\/p>","protected":false},"excerpt":{"rendered":"<p>Modern parf\u00fcm d\u00fcnyas\u0131ndaki en pahal\u0131 i\u00e7eriklerden biri olan Bourbon vanilya ile \u00f6zel 3 farkl\u0131 yasemin \u00e7i\u00e7e\u011finin harmanlanmas\u0131ndan olu\u015fan Born In Roma Donna, bu i\u00e7eriklerin e\u015fsiz uyumunun bir simgesidir. So\u011fuk pembe biber tanelerinin ve y\u00fcksek dozdaki odunsu notalar\u0131n g\u00fcc\u00fc, couture etkisinde yarat\u0131lan parf\u00fcme kad\u0131ns\u0131 ve modern bir dokunu\u015f katar. Born In Roma, kad\u0131nl\u0131\u011f\u0131n, de\u011ferlerin ve ki\u015fili\u011fin [&hellip;]<\/p>","protected":false},"featured_media":13528,"comment_status":"open","ping_status":"closed","template":"","meta":[],"product_brand":[],"product_cat":[144,112],"product_tag":[],"class_list":{"0":"post-13477","1":"product","2":"type-product","3":"status-publish","4":"has-post-thumbnail","6":"product_cat-ithal-kadin-parfum","7":"product_cat-ithal-parfum","9":"first","10":"instock","11":"sale","12":"shipping-taxable","13":"purchasable","14":"product-type-simple"},"jetpack_sharing_enabled":true,"_links":{"self":[{"href":"https:\/\/www.europesstore.com\/en\/wp-json\/wp\/v2\/product\/13477","targetHints":{"allow":["GET"]}}],"collection":[{"href":"https:\/\/www.europesstore.com\/en\/wp-json\/wp\/v2\/product"}],"about":[{"href":"https:\/\/www.europesstore.com\/en\/wp-json\/wp\/v2\/types\/product"}],"replies":[{"embeddable":true,"href":"https:\/\/www.europesstore.com\/en\/wp-json\/wp\/v2\/comments?post=13477"}],"wp:featuredmedia":[{"embeddable":true,"href":"https:\/\/www.europesstore.com\/en\/wp-json\/wp\/v2\/media\/13528"}],"wp:attachment":[{"href":"https:\/\/www.europesstore.com\/en\/wp-json\/wp\/v2\/media?parent=13477"}],"wp:term":[{"taxonomy":"product_brand","embeddable":true,"href":"https:\/\/www.europesstore.com\/en\/wp-json\/wp\/v2\/product_brand?post=13477"},{"taxonomy":"product_cat","embeddable":true,"href":"https:\/\/www.europesstore.com\/en\/wp-json\/wp\/v2\/product_cat?post=13477"},{"taxonomy":"product_tag","embeddable":true,"href":"https:\/\/www.europesstore.com\/en\/wp-json\/wp\/v2\/product_tag?post=13477"}],"curies":[{"name":"wp","href":"https:\/\/api.w.org\/{rel}","templated":true}]}}