{"id":13478,"date":"2025-12-06T10:25:14","date_gmt":"2025-12-06T10:25:14","guid":{"rendered":"https:\/\/europesstore.com\/?post_type=product&#038;p=13478"},"modified":"2026-01-13T07:52:25","modified_gmt":"2026-01-13T07:52:25","slug":"valentino-donna-born-in-roma-donna-yellow-dream-eau-de-kadin-tester-parfum-100-ml","status":"publish","type":"product","link":"https:\/\/www.europesstore.com\/en\/product\/valentino-donna-born-in-roma-donna-yellow-dream-eau-de-kadin-tester-parfum-100-ml\/","title":{"rendered":"Valent\u0131no Donna Born In Roma Donna Yellow Dream- Eau de Kad\u0131n Tester Parf\u00fcm 100 ML"},"content":{"rendered":"<p><span style=\"font-family:AvantGardeMedium, Arial, sans-serif;font-size:16px\"><span style=\"float:none;font-style:normal;font-weight:400;letter-spacing:0.4px;text-align:start;text-indent:0px;text-transform:none\">k\u00fclt\u00fcrlerin ve esteti\u011fin ya\u015fama kar\u015f\u0131 kayg\u0131s\u0131z bir tav\u0131r sergiledi\u011fi, miras\u0131na sahip \u00e7\u0131kan ve kendi miras\u0131n\u0131 yaratan kad\u0131nlara hitap eder ve an\u0131larla dolu bir \u015fehir olan Roma&#8217;n\u0131n haute couture&#8217;a ve e\u015fsiz sokak k\u00fclt\u00fcr\u00fcne bir \u00f6vg\u00fc niteli\u011fi ta\u015f\u0131r.&nbsp;<\/span><\/span><\/p>\n<p><span style=\"font-family:AvantGardeMedium, Arial, sans-serif;font-size:16px\"><span style=\"float:none;font-style:normal;font-weight:400;letter-spacing:0.4px;text-align:start;text-indent:0px;text-transform:none\">Bu uzun s\u00fcre kal\u0131c\u0131 \u00e7i\u00e7eksi, misk parf\u00fcm\u00fc; \u0131\u015f\u0131lt\u0131l\u0131 ve taze kokuyu yaratmak i\u00e7in \u015fehvetli beyaz misk ile dengelenir ve T\u00fcrk G\u00fcl\u00fc ve \u015fakay\u0131k akorunun \u00e7i\u00e7ek notalar\u0131 ile harmanlan\u0131r. Roma mimarisinden ilham alan l\u00fcks ve klasik \u015fi\u015fe, Valentino&#8217;nun ikonik kaya \u00e7ivisi ayr\u0131nt\u0131lar\u0131yla keskin bir dokunu\u015fla vurgulanm\u0131\u015ft\u0131r. Yar\u0131 saydam ve \u00e7ok y\u00f6nl\u00fc \u015fi\u015fesi i\u00e7indeki canl\u0131 kokuyu yans\u0131tan neon sar\u0131 bir imzaya sahiptir.&nbsp;&nbsp;<\/span><\/span><\/p>","protected":false},"excerpt":{"rendered":"<p>k\u00fclt\u00fcrlerin ve esteti\u011fin ya\u015fama kar\u015f\u0131 kayg\u0131s\u0131z bir tav\u0131r sergiledi\u011fi, miras\u0131na sahip \u00e7\u0131kan ve kendi miras\u0131n\u0131 yaratan kad\u0131nlara hitap eder ve an\u0131larla dolu bir \u015fehir olan Roma&#8217;n\u0131n haute couture&#8217;a ve e\u015fsiz sokak k\u00fclt\u00fcr\u00fcne bir \u00f6vg\u00fc niteli\u011fi ta\u015f\u0131r.&nbsp; Bu uzun s\u00fcre kal\u0131c\u0131 \u00e7i\u00e7eksi, misk parf\u00fcm\u00fc; \u0131\u015f\u0131lt\u0131l\u0131 ve taze kokuyu yaratmak i\u00e7in \u015fehvetli beyaz misk ile dengelenir ve [&hellip;]<\/p>","protected":false},"featured_media":13536,"comment_status":"open","ping_status":"closed","template":"","meta":[],"product_brand":[],"product_cat":[144,112],"product_tag":[],"class_list":{"0":"post-13478","1":"product","2":"type-product","3":"status-publish","4":"has-post-thumbnail","6":"product_cat-ithal-kadin-parfum","7":"product_cat-ithal-parfum","9":"first","10":"instock","11":"sale","12":"shipping-taxable","13":"purchasable","14":"product-type-simple"},"jetpack_sharing_enabled":true,"_links":{"self":[{"href":"https:\/\/www.europesstore.com\/en\/wp-json\/wp\/v2\/product\/13478","targetHints":{"allow":["GET"]}}],"collection":[{"href":"https:\/\/www.europesstore.com\/en\/wp-json\/wp\/v2\/product"}],"about":[{"href":"https:\/\/www.europesstore.com\/en\/wp-json\/wp\/v2\/types\/product"}],"replies":[{"embeddable":true,"href":"https:\/\/www.europesstore.com\/en\/wp-json\/wp\/v2\/comments?post=13478"}],"wp:featuredmedia":[{"embeddable":true,"href":"https:\/\/www.europesstore.com\/en\/wp-json\/wp\/v2\/media\/13536"}],"wp:attachment":[{"href":"https:\/\/www.europesstore.com\/en\/wp-json\/wp\/v2\/media?parent=13478"}],"wp:term":[{"taxonomy":"product_brand","embeddable":true,"href":"https:\/\/www.europesstore.com\/en\/wp-json\/wp\/v2\/product_brand?post=13478"},{"taxonomy":"product_cat","embeddable":true,"href":"https:\/\/www.europesstore.com\/en\/wp-json\/wp\/v2\/product_cat?post=13478"},{"taxonomy":"product_tag","embeddable":true,"href":"https:\/\/www.europesstore.com\/en\/wp-json\/wp\/v2\/product_tag?post=13478"}],"curies":[{"name":"wp","href":"https:\/\/api.w.org\/{rel}","templated":true}]}}