{"id":13479,"date":"2025-12-06T10:25:14","date_gmt":"2025-12-06T10:25:14","guid":{"rendered":"https:\/\/europesstore.com\/?post_type=product&#038;p=13479"},"modified":"2025-12-06T10:25:14","modified_gmt":"2025-12-06T10:25:14","slug":"valentino-uomo-born-in-roma-coral-fantasy-eau-de-kadin-tester-parfum-100-ml","status":"publish","type":"product","link":"https:\/\/www.europesstore.com\/en\/product\/valentino-uomo-born-in-roma-coral-fantasy-eau-de-kadin-tester-parfum-100-ml\/","title":{"rendered":"Valent\u0131no Uomo Born In Roma Coral Fantasy- Eau de Kad\u0131n Tester Parf\u00fcm 100 ML"},"content":{"rendered":"<ul>\n<li data-start=\"350\" data-end=\"413\">\n<p data-start=\"352\" data-end=\"413\"><strong data-start=\"352\" data-end=\"368\">\u00dcst notalar:<\/strong> K\u0131rm\u0131z\u0131 elma, kakule ve Calabria bergamotu<\/p>\n<\/li>\n<li data-start=\"414\" data-end=\"479\">\n<p data-start=\"416\" data-end=\"479\"><strong data-start=\"416\" data-end=\"433\">Orta notalar:<\/strong> Lavanta, Bourbon sardunyas\u0131 ve misk ada\u00e7ay\u0131<\/p>\n<\/li>\n<li data-start=\"480\" data-end=\"538\">\n<p data-start=\"482\" data-end=\"538\"><strong data-start=\"482\" data-end=\"498\">Alt notalar:<\/strong> T\u00fct\u00fcn yapra\u011f\u0131, pa\u00e7uli ve Haiti vetiveri<\/p>\n<\/li>\n<\/ul>","protected":false},"excerpt":{"rendered":"<p>\u00dcst notalar: K\u0131rm\u0131z\u0131 elma, kakule ve Calabria bergamotu Orta notalar: Lavanta, Bourbon sardunyas\u0131 ve misk ada\u00e7ay\u0131 Alt notalar: T\u00fct\u00fcn yapra\u011f\u0131, pa\u00e7uli ve Haiti vetiveri<\/p>","protected":false},"featured_media":13537,"comment_status":"open","ping_status":"closed","template":"","meta":[],"product_brand":[],"product_cat":[144,112],"product_tag":[],"class_list":{"0":"post-13479","1":"product","2":"type-product","3":"status-publish","4":"has-post-thumbnail","6":"product_cat-ithal-kadin-parfum","7":"product_cat-ithal-parfum","9":"first","10":"instock","11":"sale","12":"shipping-taxable","13":"purchasable","14":"product-type-simple"},"jetpack_sharing_enabled":true,"_links":{"self":[{"href":"https:\/\/www.europesstore.com\/en\/wp-json\/wp\/v2\/product\/13479","targetHints":{"allow":["GET"]}}],"collection":[{"href":"https:\/\/www.europesstore.com\/en\/wp-json\/wp\/v2\/product"}],"about":[{"href":"https:\/\/www.europesstore.com\/en\/wp-json\/wp\/v2\/types\/product"}],"replies":[{"embeddable":true,"href":"https:\/\/www.europesstore.com\/en\/wp-json\/wp\/v2\/comments?post=13479"}],"wp:featuredmedia":[{"embeddable":true,"href":"https:\/\/www.europesstore.com\/en\/wp-json\/wp\/v2\/media\/13537"}],"wp:attachment":[{"href":"https:\/\/www.europesstore.com\/en\/wp-json\/wp\/v2\/media?parent=13479"}],"wp:term":[{"taxonomy":"product_brand","embeddable":true,"href":"https:\/\/www.europesstore.com\/en\/wp-json\/wp\/v2\/product_brand?post=13479"},{"taxonomy":"product_cat","embeddable":true,"href":"https:\/\/www.europesstore.com\/en\/wp-json\/wp\/v2\/product_cat?post=13479"},{"taxonomy":"product_tag","embeddable":true,"href":"https:\/\/www.europesstore.com\/en\/wp-json\/wp\/v2\/product_tag?post=13479"}],"curies":[{"name":"wp","href":"https:\/\/api.w.org\/{rel}","templated":true}]}}