{"id":13488,"date":"2025-12-06T10:25:14","date_gmt":"2025-12-06T10:25:14","guid":{"rendered":"https:\/\/europesstore.com\/?post_type=product&#038;p=13488"},"modified":"2025-12-06T10:25:14","modified_gmt":"2025-12-06T10:25:14","slug":"valentino-uomo-born-in-roma-eau-de-kadin-tester-parfum-100-ml","status":"publish","type":"product","link":"https:\/\/www.europesstore.com\/en\/product\/valentino-uomo-born-in-roma-eau-de-kadin-tester-parfum-100-ml\/","title":{"rendered":"Valent\u0131no Uomo Born in Roma &#8211; Eau de Kad\u0131n Tester Parf\u00fcm 100 ML"},"content":{"rendered":"<p><span style=\"font-family:AvantGardeMedium, Arial, sans-serif;font-size:16px\"><span style=\"float:none;font-style:normal;font-weight:400;letter-spacing:0.4px;text-align:start;text-indent:0px;text-transform:none\">Born In Roma Uomo, modern haute couture imzas\u0131 ta\u015f\u0131yan aromatik bir vetiver kokusudur.Ada\u00e7ay\u0131 ve t\u00fcts\u00fclenmi\u015f vetiver Born In Roma Uomo&#8217;ya klasik Valentino Couture dokunu\u015funu verirken, mineral tuzlar ve zencefilin bu \u00f6zel i\u00e7eriklerle harmanlanmas\u0131 kokuya ferahl\u0131k verir ve ayr\u0131 bir karakter katar.Born In Roma Uomo, k\u00f6klerin, de\u011ferlerin ve ki\u015fili\u011fin bir kutlamas\u0131d\u0131r.<\/span><\/span><\/p>","protected":false},"excerpt":{"rendered":"<p>Born In Roma Uomo, modern haute couture imzas\u0131 ta\u015f\u0131yan aromatik bir vetiver kokusudur.Ada\u00e7ay\u0131 ve t\u00fcts\u00fclenmi\u015f vetiver Born In Roma Uomo&#8217;ya klasik Valentino Couture dokunu\u015funu verirken, mineral tuzlar ve zencefilin bu \u00f6zel i\u00e7eriklerle harmanlanmas\u0131 kokuya ferahl\u0131k verir ve ayr\u0131 bir karakter katar.Born In Roma Uomo, k\u00f6klerin, de\u011ferlerin ve ki\u015fili\u011fin bir kutlamas\u0131d\u0131r.<\/p>","protected":false},"featured_media":13538,"comment_status":"open","ping_status":"closed","template":"","meta":[],"product_brand":[],"product_cat":[144,112],"product_tag":[],"class_list":{"0":"post-13488","1":"product","2":"type-product","3":"status-publish","4":"has-post-thumbnail","6":"product_cat-ithal-kadin-parfum","7":"product_cat-ithal-parfum","9":"first","10":"instock","11":"sale","12":"shipping-taxable","13":"purchasable","14":"product-type-simple"},"jetpack_sharing_enabled":true,"_links":{"self":[{"href":"https:\/\/www.europesstore.com\/en\/wp-json\/wp\/v2\/product\/13488","targetHints":{"allow":["GET"]}}],"collection":[{"href":"https:\/\/www.europesstore.com\/en\/wp-json\/wp\/v2\/product"}],"about":[{"href":"https:\/\/www.europesstore.com\/en\/wp-json\/wp\/v2\/types\/product"}],"replies":[{"embeddable":true,"href":"https:\/\/www.europesstore.com\/en\/wp-json\/wp\/v2\/comments?post=13488"}],"wp:featuredmedia":[{"embeddable":true,"href":"https:\/\/www.europesstore.com\/en\/wp-json\/wp\/v2\/media\/13538"}],"wp:attachment":[{"href":"https:\/\/www.europesstore.com\/en\/wp-json\/wp\/v2\/media?parent=13488"}],"wp:term":[{"taxonomy":"product_brand","embeddable":true,"href":"https:\/\/www.europesstore.com\/en\/wp-json\/wp\/v2\/product_brand?post=13488"},{"taxonomy":"product_cat","embeddable":true,"href":"https:\/\/www.europesstore.com\/en\/wp-json\/wp\/v2\/product_cat?post=13488"},{"taxonomy":"product_tag","embeddable":true,"href":"https:\/\/www.europesstore.com\/en\/wp-json\/wp\/v2\/product_tag?post=13488"}],"curies":[{"name":"wp","href":"https:\/\/api.w.org\/{rel}","templated":true}]}}