{"id":13489,"date":"2025-12-06T10:25:14","date_gmt":"2025-12-06T10:25:14","guid":{"rendered":"https:\/\/europesstore.com\/?post_type=product&#038;p=13489"},"modified":"2025-12-06T10:25:14","modified_gmt":"2025-12-06T10:25:14","slug":"valentino-donna-born-in-roma-pink-pp-eau-de-kadin-tester-parfum-100-ml","status":"publish","type":"product","link":"https:\/\/www.europesstore.com\/en\/product\/valentino-donna-born-in-roma-pink-pp-eau-de-kadin-tester-parfum-100-ml\/","title":{"rendered":"Valent\u0131no Donna Born In Roma Pink PP- Eau de Kad\u0131n Tester Parf\u00fcm 100 ML"},"content":{"rendered":"<p data-start=\"52\" data-end=\"169\"><strong data-start=\"52\" data-end=\"72\">Renkli \u00dcst Nota:<\/strong> Parlak ve tatl\u0131 bir koku olan Kalabriya ye\u015fil mandalinas\u0131, ferah ve canl\u0131 bir a\u00e7\u0131l\u0131\u015fla par\u0131ldar.<\/p>\n<p data-start=\"171\" data-end=\"358\"><strong data-start=\"171\" data-end=\"199\">Haute Couture Kalp Nota:<\/strong> Bu g\u00f6z kama\u015ft\u0131r\u0131c\u0131 \u00e7i\u00e7eksi notan\u0131n kalbi, portakal \u00e7i\u00e7e\u011fi akorlar\u0131 etraf\u0131nda in\u015fa edilmi\u015ftir; hem tatl\u0131 hem de ferah y\u00f6nleriyle b\u00fcy\u00fcleyici bir buketi and\u0131r\u0131r.<\/p>\n<p data-start=\"360\" data-end=\"486\"><strong data-start=\"360\" data-end=\"379\">So\u011fuk Baz Nota:<\/strong> Madagaskar Bourbon vanilyas\u0131n\u0131n getirdi\u011fi s\u0131cak ve odunsu aroma, bu duyusal parf\u00fcm\u00fcn \u00e7ekicili\u011fini art\u0131r\u0131r.<\/p>\n<p data-start=\"488\" data-end=\"588\"><strong data-start=\"488\" data-end=\"506\">Temel Notalar:<\/strong> Kalabriya Ye\u015fil Mandalinas\u0131, Portakal \u00c7i\u00e7e\u011fi Akoru, Madagaskar Bourbon Vanilyas\u0131.<\/p>","protected":false},"excerpt":{"rendered":"<p>Renkli \u00dcst Nota: Parlak ve tatl\u0131 bir koku olan Kalabriya ye\u015fil mandalinas\u0131, ferah ve canl\u0131 bir a\u00e7\u0131l\u0131\u015fla par\u0131ldar. Haute Couture Kalp Nota: Bu g\u00f6z kama\u015ft\u0131r\u0131c\u0131 \u00e7i\u00e7eksi notan\u0131n kalbi, portakal \u00e7i\u00e7e\u011fi akorlar\u0131 etraf\u0131nda in\u015fa edilmi\u015ftir; hem tatl\u0131 hem de ferah y\u00f6nleriyle b\u00fcy\u00fcleyici bir buketi and\u0131r\u0131r. So\u011fuk Baz Nota: Madagaskar Bourbon vanilyas\u0131n\u0131n getirdi\u011fi s\u0131cak ve odunsu aroma, [&hellip;]<\/p>","protected":false},"featured_media":13539,"comment_status":"open","ping_status":"closed","template":"","meta":[],"product_brand":[],"product_cat":[144,112],"product_tag":[],"class_list":{"0":"post-13489","1":"product","2":"type-product","3":"status-publish","4":"has-post-thumbnail","6":"product_cat-ithal-kadin-parfum","7":"product_cat-ithal-parfum","9":"first","10":"instock","11":"sale","12":"shipping-taxable","13":"purchasable","14":"product-type-simple"},"jetpack_sharing_enabled":true,"_links":{"self":[{"href":"https:\/\/www.europesstore.com\/en\/wp-json\/wp\/v2\/product\/13489","targetHints":{"allow":["GET"]}}],"collection":[{"href":"https:\/\/www.europesstore.com\/en\/wp-json\/wp\/v2\/product"}],"about":[{"href":"https:\/\/www.europesstore.com\/en\/wp-json\/wp\/v2\/types\/product"}],"replies":[{"embeddable":true,"href":"https:\/\/www.europesstore.com\/en\/wp-json\/wp\/v2\/comments?post=13489"}],"wp:featuredmedia":[{"embeddable":true,"href":"https:\/\/www.europesstore.com\/en\/wp-json\/wp\/v2\/media\/13539"}],"wp:attachment":[{"href":"https:\/\/www.europesstore.com\/en\/wp-json\/wp\/v2\/media?parent=13489"}],"wp:term":[{"taxonomy":"product_brand","embeddable":true,"href":"https:\/\/www.europesstore.com\/en\/wp-json\/wp\/v2\/product_brand?post=13489"},{"taxonomy":"product_cat","embeddable":true,"href":"https:\/\/www.europesstore.com\/en\/wp-json\/wp\/v2\/product_cat?post=13489"},{"taxonomy":"product_tag","embeddable":true,"href":"https:\/\/www.europesstore.com\/en\/wp-json\/wp\/v2\/product_tag?post=13489"}],"curies":[{"name":"wp","href":"https:\/\/api.w.org\/{rel}","templated":true}]}}