{"id":13490,"date":"2025-12-06T10:25:14","date_gmt":"2025-12-06T10:25:14","guid":{"rendered":"https:\/\/europesstore.com\/?post_type=product&#038;p=13490"},"modified":"2025-12-06T10:25:14","modified_gmt":"2025-12-06T10:25:14","slug":"valentino-born-in-roma-extradose-donna-eau-de-kadin-tester-parfum-100-ml","status":"publish","type":"product","link":"https:\/\/www.europesstore.com\/en\/product\/valentino-born-in-roma-extradose-donna-eau-de-kadin-tester-parfum-100-ml\/","title":{"rendered":"Valent\u0131no Born In Roma Extradose Donna &#8211; Eau de Kad\u0131n Tester Parf\u00fcm 100 ML"},"content":{"rendered":"<p><span style=\"font-family:AvantGardeMedium, Arial, sans-serif;font-size:16px\"><span style=\"float:none;font-style:normal;font-weight:400;letter-spacing:0.4px;text-align:start;text-indent:0px;text-transform:none\">Ebedi \u015fehrin gecelerinden ilham alan bu floral-ambery koku, g\u00f6steri\u015fli bir d\u00fcnyan\u0131n kap\u0131lar\u0131n\u0131 aral\u0131yor. Vanilyan\u0131n yo\u011funlu\u011fu, rom ve cassis akorlar\u0131n\u0131n b\u00fcy\u00fcleyici lik\u00f6r benzeri notalar\u0131yla birle\u015ferek unutulmaz bir deneyim yarat\u0131yor.<\/span><\/span><br \/><span style=\"font-family:AvantGardeMedium, Arial, sans-serif;font-size:16px\"><span style=\"float:none;font-style:normal;font-weight:400;letter-spacing:0.4px;text-align:start;text-indent:0px;text-transform:none\">Manyetik bir r\u00fcyan\u0131n derinliklerine dal\u0131n, ger\u00e7ek ki\u015fili\u011finizi ortaya \u00e7\u0131kar\u0131n, tutkuyla ya\u015fay\u0131n ve kendinizi ifade etmenin benzersiz yollar\u0131n\u0131 ke\u015ffedin. Daha fazlas\u0131n\u0131 ya\u015famaya cesaret edin, s\u0131ra d\u0131\u015f\u0131 olmaya cesaret edin.<\/span><\/span><\/p>","protected":false},"excerpt":{"rendered":"<p>Ebedi \u015fehrin gecelerinden ilham alan bu floral-ambery koku, g\u00f6steri\u015fli bir d\u00fcnyan\u0131n kap\u0131lar\u0131n\u0131 aral\u0131yor. Vanilyan\u0131n yo\u011funlu\u011fu, rom ve cassis akorlar\u0131n\u0131n b\u00fcy\u00fcleyici lik\u00f6r benzeri notalar\u0131yla birle\u015ferek unutulmaz bir deneyim yarat\u0131yor.Manyetik bir r\u00fcyan\u0131n derinliklerine dal\u0131n, ger\u00e7ek ki\u015fili\u011finizi ortaya \u00e7\u0131kar\u0131n, tutkuyla ya\u015fay\u0131n ve kendinizi ifade etmenin benzersiz yollar\u0131n\u0131 ke\u015ffedin. Daha fazlas\u0131n\u0131 ya\u015famaya cesaret edin, s\u0131ra d\u0131\u015f\u0131 olmaya cesaret edin.<\/p>","protected":false},"featured_media":13540,"comment_status":"open","ping_status":"closed","template":"","meta":[],"product_brand":[],"product_cat":[144,112],"product_tag":[],"class_list":{"0":"post-13490","1":"product","2":"type-product","3":"status-publish","4":"has-post-thumbnail","6":"product_cat-ithal-kadin-parfum","7":"product_cat-ithal-parfum","9":"first","10":"instock","11":"sale","12":"shipping-taxable","13":"purchasable","14":"product-type-simple"},"jetpack_sharing_enabled":true,"_links":{"self":[{"href":"https:\/\/www.europesstore.com\/en\/wp-json\/wp\/v2\/product\/13490","targetHints":{"allow":["GET"]}}],"collection":[{"href":"https:\/\/www.europesstore.com\/en\/wp-json\/wp\/v2\/product"}],"about":[{"href":"https:\/\/www.europesstore.com\/en\/wp-json\/wp\/v2\/types\/product"}],"replies":[{"embeddable":true,"href":"https:\/\/www.europesstore.com\/en\/wp-json\/wp\/v2\/comments?post=13490"}],"wp:featuredmedia":[{"embeddable":true,"href":"https:\/\/www.europesstore.com\/en\/wp-json\/wp\/v2\/media\/13540"}],"wp:attachment":[{"href":"https:\/\/www.europesstore.com\/en\/wp-json\/wp\/v2\/media?parent=13490"}],"wp:term":[{"taxonomy":"product_brand","embeddable":true,"href":"https:\/\/www.europesstore.com\/en\/wp-json\/wp\/v2\/product_brand?post=13490"},{"taxonomy":"product_cat","embeddable":true,"href":"https:\/\/www.europesstore.com\/en\/wp-json\/wp\/v2\/product_cat?post=13490"},{"taxonomy":"product_tag","embeddable":true,"href":"https:\/\/www.europesstore.com\/en\/wp-json\/wp\/v2\/product_tag?post=13490"}],"curies":[{"name":"wp","href":"https:\/\/api.w.org\/{rel}","templated":true}]}}