{"id":13491,"date":"2025-12-06T10:25:14","date_gmt":"2025-12-06T10:25:14","guid":{"rendered":"https:\/\/europesstore.com\/?post_type=product&#038;p=13491"},"modified":"2025-12-06T10:25:14","modified_gmt":"2025-12-06T10:25:14","slug":"valentino-born-in-roma-intense-donna-eau-de-kadin-tester-parfum-100-ml","status":"publish","type":"product","link":"https:\/\/www.europesstore.com\/en\/product\/valentino-born-in-roma-intense-donna-eau-de-kadin-tester-parfum-100-ml\/","title":{"rendered":"Valent\u0131no Born In Roma Intense Donna &#8211; Eau de Kad\u0131n Tester Parf\u00fcm 100 ML"},"content":{"rendered":"<p><span style=\"font-family:AvantGardeMedium, Arial, sans-serif;font-size:16px\"><span style=\"float:none;font-style:normal;font-weight:400;letter-spacing:0.4px;text-align:start;text-indent:0px;text-transform:none\">Bu yeni koku, en kehribar rengi ve g\u00fcne\u015f enerjisi y\u00f6nleriyle abart\u0131lm\u0131\u015f g\u00fc\u00e7l\u00fc bir Bourbon vanilyay\u0131 ortaya \u00e7\u0131kararak geleneksel yo\u011funluk kurallar\u0131n\u0131 yeniden yaz\u0131yor. Vanilya notas\u0131n\u0131 ba\u015ftan \u00e7\u0131kar\u0131c\u0131 bir dokunu\u015fla saran parlak bir yasemin ve s\u0131cak benzoin \u00fc\u00e7l\u00fcs\u00fc ile vurgulan\u0131r.<\/span><\/span><\/p>\n<p><span style=\"font-family:AvantGardeMedium, Arial, sans-serif;font-size:16px\"><span style=\"float:none;font-style:normal;font-weight:400;letter-spacing:0.4px;text-align:start;text-indent:0px;text-transform:none\">Born Intense Donna ve Born In Roma Intense Uomo, Onun, Onun \u0130\u00e7in, Herkes \u0130\u00e7in ve z\u0131tl\u0131klara meydan okuyan bir ikili olu\u015fturur: gece ve g\u00fcnd\u00fcz, klasik ve yo\u011fun, sen ve ben.<\/span><\/span><\/p>","protected":false},"excerpt":{"rendered":"<p>Bu yeni koku, en kehribar rengi ve g\u00fcne\u015f enerjisi y\u00f6nleriyle abart\u0131lm\u0131\u015f g\u00fc\u00e7l\u00fc bir Bourbon vanilyay\u0131 ortaya \u00e7\u0131kararak geleneksel yo\u011funluk kurallar\u0131n\u0131 yeniden yaz\u0131yor. Vanilya notas\u0131n\u0131 ba\u015ftan \u00e7\u0131kar\u0131c\u0131 bir dokunu\u015fla saran parlak bir yasemin ve s\u0131cak benzoin \u00fc\u00e7l\u00fcs\u00fc ile vurgulan\u0131r. Born Intense Donna ve Born In Roma Intense Uomo, Onun, Onun \u0130\u00e7in, Herkes \u0130\u00e7in ve z\u0131tl\u0131klara meydan [&hellip;]<\/p>","protected":false},"featured_media":13541,"comment_status":"open","ping_status":"closed","template":"","meta":[],"product_brand":[],"product_cat":[144,112],"product_tag":[],"class_list":{"0":"post-13491","1":"product","2":"type-product","3":"status-publish","4":"has-post-thumbnail","6":"product_cat-ithal-kadin-parfum","7":"product_cat-ithal-parfum","9":"first","10":"instock","11":"sale","12":"shipping-taxable","13":"purchasable","14":"product-type-simple"},"jetpack_sharing_enabled":true,"_links":{"self":[{"href":"https:\/\/www.europesstore.com\/en\/wp-json\/wp\/v2\/product\/13491","targetHints":{"allow":["GET"]}}],"collection":[{"href":"https:\/\/www.europesstore.com\/en\/wp-json\/wp\/v2\/product"}],"about":[{"href":"https:\/\/www.europesstore.com\/en\/wp-json\/wp\/v2\/types\/product"}],"replies":[{"embeddable":true,"href":"https:\/\/www.europesstore.com\/en\/wp-json\/wp\/v2\/comments?post=13491"}],"wp:featuredmedia":[{"embeddable":true,"href":"https:\/\/www.europesstore.com\/en\/wp-json\/wp\/v2\/media\/13541"}],"wp:attachment":[{"href":"https:\/\/www.europesstore.com\/en\/wp-json\/wp\/v2\/media?parent=13491"}],"wp:term":[{"taxonomy":"product_brand","embeddable":true,"href":"https:\/\/www.europesstore.com\/en\/wp-json\/wp\/v2\/product_brand?post=13491"},{"taxonomy":"product_cat","embeddable":true,"href":"https:\/\/www.europesstore.com\/en\/wp-json\/wp\/v2\/product_cat?post=13491"},{"taxonomy":"product_tag","embeddable":true,"href":"https:\/\/www.europesstore.com\/en\/wp-json\/wp\/v2\/product_tag?post=13491"}],"curies":[{"name":"wp","href":"https:\/\/api.w.org\/{rel}","templated":true}]}}