{"id":13508,"date":"2025-12-06T10:26:40","date_gmt":"2025-12-06T10:26:40","guid":{"rendered":"https:\/\/europesstore.com\/?post_type=product&#038;p=13508"},"modified":"2025-12-06T10:26:40","modified_gmt":"2025-12-06T10:26:40","slug":"kayali-utopia-vanilla-coco-eau-de-kadin-tester-parfum-100-ml","status":"publish","type":"product","link":"https:\/\/www.europesstore.com\/en\/product\/kayali-utopia-vanilla-coco-eau-de-kadin-tester-parfum-100-ml\/","title":{"rendered":"Kayali Utopia Vanilla Coco &#8211; Eau de Kad\u0131n Tester Parf\u00fcm 100 ML"},"content":{"rendered":"<p><span style=\"font-family:AvantGardeMedium, Arial, sans-serif;font-size:16px\"><span style=\"float:none;font-style:normal;font-weight:400;letter-spacing:0.4px;text-align:start;text-indent:0px;text-transform:none\">Kendinizi en g\u00fczel r\u00fcyalar\u0131n\u0131za b\u0131rak\u0131n. Kendinizi \u0131\u015f\u0131lt\u0131l\u0131 olas\u0131l\u0131klar\u0131n ortas\u0131nda mutlu bir \u015fekilde s\u00fcz\u00fclmeye b\u0131rak\u0131n. Kremsi sandal a\u011fac\u0131 ve yumu\u015fak beyaz \u00e7i\u00e7ekler, \u00f6zg\u00fcrl\u00fck hissi uyand\u0131ran hindistan cevizi s\u00fct\u00fc ve Bourbon vanilya notalar\u0131yla parf\u00fcmlenir.<\/span><\/span><\/p>","protected":false},"excerpt":{"rendered":"<p>Kendinizi en g\u00fczel r\u00fcyalar\u0131n\u0131za b\u0131rak\u0131n. Kendinizi \u0131\u015f\u0131lt\u0131l\u0131 olas\u0131l\u0131klar\u0131n ortas\u0131nda mutlu bir \u015fekilde s\u00fcz\u00fclmeye b\u0131rak\u0131n. Kremsi sandal a\u011fac\u0131 ve yumu\u015fak beyaz \u00e7i\u00e7ekler, \u00f6zg\u00fcrl\u00fck hissi uyand\u0131ran hindistan cevizi s\u00fct\u00fc ve Bourbon vanilya notalar\u0131yla parf\u00fcmlenir.<\/p>","protected":false},"featured_media":13564,"comment_status":"open","ping_status":"closed","template":"","meta":[],"product_brand":[],"product_cat":[144,112],"product_tag":[],"class_list":{"0":"post-13508","1":"product","2":"type-product","3":"status-publish","4":"has-post-thumbnail","6":"product_cat-ithal-kadin-parfum","7":"product_cat-ithal-parfum","9":"first","10":"instock","11":"sale","12":"shipping-taxable","13":"purchasable","14":"product-type-simple"},"jetpack_sharing_enabled":true,"_links":{"self":[{"href":"https:\/\/www.europesstore.com\/en\/wp-json\/wp\/v2\/product\/13508","targetHints":{"allow":["GET"]}}],"collection":[{"href":"https:\/\/www.europesstore.com\/en\/wp-json\/wp\/v2\/product"}],"about":[{"href":"https:\/\/www.europesstore.com\/en\/wp-json\/wp\/v2\/types\/product"}],"replies":[{"embeddable":true,"href":"https:\/\/www.europesstore.com\/en\/wp-json\/wp\/v2\/comments?post=13508"}],"wp:featuredmedia":[{"embeddable":true,"href":"https:\/\/www.europesstore.com\/en\/wp-json\/wp\/v2\/media\/13564"}],"wp:attachment":[{"href":"https:\/\/www.europesstore.com\/en\/wp-json\/wp\/v2\/media?parent=13508"}],"wp:term":[{"taxonomy":"product_brand","embeddable":true,"href":"https:\/\/www.europesstore.com\/en\/wp-json\/wp\/v2\/product_brand?post=13508"},{"taxonomy":"product_cat","embeddable":true,"href":"https:\/\/www.europesstore.com\/en\/wp-json\/wp\/v2\/product_cat?post=13508"},{"taxonomy":"product_tag","embeddable":true,"href":"https:\/\/www.europesstore.com\/en\/wp-json\/wp\/v2\/product_tag?post=13508"}],"curies":[{"name":"wp","href":"https:\/\/api.w.org\/{rel}","templated":true}]}}