{"id":13509,"date":"2025-12-06T10:26:39","date_gmt":"2025-12-06T10:26:39","guid":{"rendered":"https:\/\/europesstore.com\/?post_type=product&#038;p=13509"},"modified":"2025-12-06T10:26:39","modified_gmt":"2025-12-06T10:26:39","slug":"kayali-utopia-vanilla-28-eau-de-kadin-tester-parfum-100-ml","status":"publish","type":"product","link":"https:\/\/www.europesstore.com\/en\/product\/kayali-utopia-vanilla-28-eau-de-kadin-tester-parfum-100-ml\/","title":{"rendered":"Kayali Utopia Vanilla 28 &#8211; Eau de Kad\u0131n Tester Parf\u00fcm 100 ML"},"content":{"rendered":"<div style=\"--tw-blur:;--tw-border-opacity:1;--tw-brightness:;--tw-contrast:;--tw-drop-shadow:;--tw-filter:;--tw-grayscale:;--tw-hue-rotate:;--tw-invert:;--tw-ring-offset-shadow:0 0 #0000;--tw-ring-shadow:0 0 #0000;--tw-rotate:0;--tw-saturate:;--tw-scale-x:1;--tw-scale-y:1;--tw-sepia:;--tw-shadow:0 0 #0000;--tw-skew-x:0;--tw-skew-y:0;--tw-translate-x:0;--tw-translate-y:0;, Arial, sans-serif;font-size:13px;font-style:normal;font-weight:400;letter-spacing:normal;margin:0px;padding:0px;text-align:start;text-indent:0px;text-transform:none\"><span style=\"font-family:AvantGardeMedium, Arial, sans-serif;font-size:16px\"><span style=\"float:none;font-style:normal;font-weight:400;letter-spacing:0.4px;text-align:start;text-indent:0px;text-transform:none\">Madagascar vanilya orkidesi, Brezilya tonkas\u0131, misk, amber, pa\u00e7uli ve kahverengi \u015fekerin kar\u0131\u015f\u0131m\u0131d\u0131r. Tek ba\u015f\u0131na veya di\u011ferleriyle \u00fcst \u00fcste kullan\u0131lan VANILLA 28 \u00fcst\u00fcn bir aroma olu\u015fturmak i\u00e7in zengin kokulu rahatlat\u0131c\u0131 vanilyay\u0131 ba\u015f d\u00f6nd\u00fcr\u00fcc\u00fc aromatiklerle m\u00fckemmel bir \u015fekilde birle\u015ftirir. \u015e\u0131k ve dikkat \u00e7eken \u015fi\u015fesi alt\u0131n detaylarla s\u00fcslenmi\u015ftir.<\/span><\/span><\/div>","protected":false},"excerpt":{"rendered":"<p>Madagascar vanilya orkidesi, Brezilya tonkas\u0131, misk, amber, pa\u00e7uli ve kahverengi \u015fekerin kar\u0131\u015f\u0131m\u0131d\u0131r. Tek ba\u015f\u0131na veya di\u011ferleriyle \u00fcst \u00fcste kullan\u0131lan VANILLA 28 \u00fcst\u00fcn bir aroma olu\u015fturmak i\u00e7in zengin kokulu rahatlat\u0131c\u0131 vanilyay\u0131 ba\u015f d\u00f6nd\u00fcr\u00fcc\u00fc aromatiklerle m\u00fckemmel bir \u015fekilde birle\u015ftirir. \u015e\u0131k ve dikkat \u00e7eken \u015fi\u015fesi alt\u0131n detaylarla s\u00fcslenmi\u015ftir.<\/p>","protected":false},"featured_media":13565,"comment_status":"open","ping_status":"closed","template":"","meta":[],"product_brand":[],"product_cat":[144,112],"product_tag":[],"class_list":{"0":"post-13509","1":"product","2":"type-product","3":"status-publish","4":"has-post-thumbnail","6":"product_cat-ithal-kadin-parfum","7":"product_cat-ithal-parfum","9":"first","10":"instock","11":"sale","12":"shipping-taxable","13":"purchasable","14":"product-type-simple"},"jetpack_sharing_enabled":true,"_links":{"self":[{"href":"https:\/\/www.europesstore.com\/en\/wp-json\/wp\/v2\/product\/13509","targetHints":{"allow":["GET"]}}],"collection":[{"href":"https:\/\/www.europesstore.com\/en\/wp-json\/wp\/v2\/product"}],"about":[{"href":"https:\/\/www.europesstore.com\/en\/wp-json\/wp\/v2\/types\/product"}],"replies":[{"embeddable":true,"href":"https:\/\/www.europesstore.com\/en\/wp-json\/wp\/v2\/comments?post=13509"}],"wp:featuredmedia":[{"embeddable":true,"href":"https:\/\/www.europesstore.com\/en\/wp-json\/wp\/v2\/media\/13565"}],"wp:attachment":[{"href":"https:\/\/www.europesstore.com\/en\/wp-json\/wp\/v2\/media?parent=13509"}],"wp:term":[{"taxonomy":"product_brand","embeddable":true,"href":"https:\/\/www.europesstore.com\/en\/wp-json\/wp\/v2\/product_brand?post=13509"},{"taxonomy":"product_cat","embeddable":true,"href":"https:\/\/www.europesstore.com\/en\/wp-json\/wp\/v2\/product_cat?post=13509"},{"taxonomy":"product_tag","embeddable":true,"href":"https:\/\/www.europesstore.com\/en\/wp-json\/wp\/v2\/product_tag?post=13509"}],"curies":[{"name":"wp","href":"https:\/\/api.w.org\/{rel}","templated":true}]}}