{"id":13510,"date":"2025-12-06T10:26:39","date_gmt":"2025-12-06T10:26:39","guid":{"rendered":"https:\/\/europesstore.com\/?post_type=product&#038;p=13510"},"modified":"2025-12-06T10:26:39","modified_gmt":"2025-12-06T10:26:39","slug":"kayali-yum-pistachio-gelato-33-eau-de-kadin-tester-parfum-100-ml","status":"publish","type":"product","link":"https:\/\/www.europesstore.com\/en\/product\/kayali-yum-pistachio-gelato-33-eau-de-kadin-tester-parfum-100-ml\/","title":{"rendered":"Kayali Yum Pistachio Gelato 33 &#8211; Eau de Kad\u0131n Tester Parf\u00fcm 100 ML"},"content":{"rendered":"<p><span style=\"font-family:AvantGardeMedium, Arial, sans-serif;font-size:16px\"><span style=\"float:none;font-style:normal;font-weight:400;letter-spacing:0.4px;text-align:start;text-indent:0px;text-transform:none\">Yum Antep F\u0131st\u0131\u011f\u0131 Gelato | 33 Eau de Parfum Intense, f\u0131st\u0131k, \u015fehvetli \u00e7\u0131rp\u0131lm\u0131\u015f krema, kavrulmu\u015f f\u0131nd\u0131k, tatl\u0131 rom, kabar\u0131k hatmi ve gazl\u0131 pamuk \u015feker gibi kar\u015f\u0131 konulamaz ve yenilebilir notalar\u0131n lezzetli bir patlamas\u0131d\u0131r. Unutulmaz derecede yo\u011fun, b\u00fcy\u00fcleyici, ger\u00e7ekten nefis bir koku. Yemek i\u00e7in yeterince g\u00fczel kokman\u0131z\u0131 sa\u011flayacak gurme koku izi!&nbsp;<\/span><\/span><\/p>","protected":false},"excerpt":{"rendered":"<p>Yum Antep F\u0131st\u0131\u011f\u0131 Gelato | 33 Eau de Parfum Intense, f\u0131st\u0131k, \u015fehvetli \u00e7\u0131rp\u0131lm\u0131\u015f krema, kavrulmu\u015f f\u0131nd\u0131k, tatl\u0131 rom, kabar\u0131k hatmi ve gazl\u0131 pamuk \u015feker gibi kar\u015f\u0131 konulamaz ve yenilebilir notalar\u0131n lezzetli bir patlamas\u0131d\u0131r. Unutulmaz derecede yo\u011fun, b\u00fcy\u00fcleyici, ger\u00e7ekten nefis bir koku. Yemek i\u00e7in yeterince g\u00fczel kokman\u0131z\u0131 sa\u011flayacak gurme koku izi!&nbsp;<\/p>","protected":false},"featured_media":13566,"comment_status":"open","ping_status":"closed","template":"","meta":[],"product_brand":[],"product_cat":[144,112],"product_tag":[],"class_list":{"0":"post-13510","1":"product","2":"type-product","3":"status-publish","4":"has-post-thumbnail","6":"product_cat-ithal-kadin-parfum","7":"product_cat-ithal-parfum","9":"first","10":"instock","11":"sale","12":"shipping-taxable","13":"purchasable","14":"product-type-simple"},"jetpack_sharing_enabled":true,"_links":{"self":[{"href":"https:\/\/www.europesstore.com\/en\/wp-json\/wp\/v2\/product\/13510","targetHints":{"allow":["GET"]}}],"collection":[{"href":"https:\/\/www.europesstore.com\/en\/wp-json\/wp\/v2\/product"}],"about":[{"href":"https:\/\/www.europesstore.com\/en\/wp-json\/wp\/v2\/types\/product"}],"replies":[{"embeddable":true,"href":"https:\/\/www.europesstore.com\/en\/wp-json\/wp\/v2\/comments?post=13510"}],"wp:featuredmedia":[{"embeddable":true,"href":"https:\/\/www.europesstore.com\/en\/wp-json\/wp\/v2\/media\/13566"}],"wp:attachment":[{"href":"https:\/\/www.europesstore.com\/en\/wp-json\/wp\/v2\/media?parent=13510"}],"wp:term":[{"taxonomy":"product_brand","embeddable":true,"href":"https:\/\/www.europesstore.com\/en\/wp-json\/wp\/v2\/product_brand?post=13510"},{"taxonomy":"product_cat","embeddable":true,"href":"https:\/\/www.europesstore.com\/en\/wp-json\/wp\/v2\/product_cat?post=13510"},{"taxonomy":"product_tag","embeddable":true,"href":"https:\/\/www.europesstore.com\/en\/wp-json\/wp\/v2\/product_tag?post=13510"}],"curies":[{"name":"wp","href":"https:\/\/api.w.org\/{rel}","templated":true}]}}