{"id":13511,"date":"2025-12-06T10:26:39","date_gmt":"2025-12-06T10:26:39","guid":{"rendered":"https:\/\/europesstore.com\/?post_type=product&#038;p=13511"},"modified":"2025-12-06T10:26:39","modified_gmt":"2025-12-06T10:26:39","slug":"kayali-vanilla-candy-rock-sugar-l-42-eau-de-kadin-tester-parfum-100-ml","status":"publish","type":"product","link":"https:\/\/www.europesstore.com\/en\/product\/kayali-vanilla-candy-rock-sugar-l-42-eau-de-kadin-tester-parfum-100-ml\/","title":{"rendered":"Kayali Vanilla Candy Rock Sugar l 42- Eau de Kad\u0131n Tester Parf\u00fcm 100 ML"},"content":{"rendered":"<p style=\"font-family:AvantGardeMedium, Arial, sans-serif;font-size:16px;font-style:normal;font-weight:400;letter-spacing:0.4px;line-height:24px;margin:0px 0px 1.5em;padding:0px;text-align:start;text-indent:0px;text-transform:none\">ekerlenmi\u015f armut ve sak\u0131z aromalar\u0131, tonka fasulyesi, sandal a\u011fac\u0131 ve pa\u00e7ulinin s\u0131cak, odunsu notalar\u0131yla b\u00fcy\u00fct\u00fclm\u00fc\u015f, \u00f6z\u00fcndeki b\u00fcy\u00fcleyici <span style=\"font-family:AvantGardeMedium, Arial, sans-serif;font-size:1rem\"><span style=\"letter-spacing:0.4px;line-height:24px\"><strong>vanilya patlamas\u0131yla<\/strong><\/span><\/span> \u015fekerlerin meyveli tatl\u0131l\u0131\u011f\u0131n\u0131 e\u011flenceli bir \u015fekilde art\u0131r\u0131yor.<\/p>\n<p style=\"font-family:AvantGardeMedium, Arial, sans-serif;font-size:16px;font-style:normal;font-weight:400;letter-spacing:0.4px;line-height:24px;margin:0px 0px 1.5em;padding:0px;text-align:start;text-indent:0px;text-transform:none\"><span style=\"font-family:AvantGardeMedium, Arial, sans-serif;font-size:1rem\"><span style=\"letter-spacing:0.4px;line-height:24px\"><strong>PROF\u0130L:<\/strong><\/span><\/span> \u015eekerli. Lezzetli. Cazibeli.<\/p>\n<p style=\"font-family:AvantGardeMedium, Arial, sans-serif;font-size:16px;font-style:normal;font-weight:400;letter-spacing:0.4px;line-height:24px;margin:0px 0px 1.5em;padding:0px;text-align:start;text-indent:0px;text-transform:none\"><span style=\"font-family:AvantGardeMedium, Arial, sans-serif;font-size:1rem\"><span style=\"letter-spacing:0.4px;line-height:24px\"><strong>KOKU A\u0130LES\u0130:<\/strong><\/span><\/span> S\u0131cak ve baharatl\u0131.<\/p>\n<p style=\"font-family:AvantGardeMedium, Arial, sans-serif;font-size:16px;font-style:normal;font-weight:400;letter-spacing:0.4px;line-height:24px;margin:0px 0px 1.5em;padding:0px;text-align:start;text-indent:0px;text-transform:none\"><span style=\"font-family:AvantGardeMedium, Arial, sans-serif;font-size:1rem\"><span style=\"letter-spacing:0.4px;line-height:24px\"><strong>KOKU T\u0130P\u0130: <\/strong><\/span><\/span>S\u0131cak ve lezzetli.<\/p>\n<p style=\"font-family:AvantGardeMedium, Arial, sans-serif;font-size:16px;font-style:normal;font-weight:400;letter-spacing:0.4px;line-height:24px;margin:0px 0px 1.5em;padding:0px;text-align:start;text-indent:0px;text-transform:none\"><span style=\"font-family:AvantGardeMedium, Arial, sans-serif;font-size:1rem\"><span style=\"letter-spacing:0.4px;line-height:24px\"><strong>ANA NOTALAR:<\/strong><\/span><\/span> Armut \u015fekerlemesi, Sak\u0131z, Akide \u015fekeri.<\/p>","protected":false},"excerpt":{"rendered":"<p>ekerlenmi\u015f armut ve sak\u0131z aromalar\u0131, tonka fasulyesi, sandal a\u011fac\u0131 ve pa\u00e7ulinin s\u0131cak, odunsu notalar\u0131yla b\u00fcy\u00fct\u00fclm\u00fc\u015f, \u00f6z\u00fcndeki b\u00fcy\u00fcleyici vanilya patlamas\u0131yla \u015fekerlerin meyveli tatl\u0131l\u0131\u011f\u0131n\u0131 e\u011flenceli bir \u015fekilde art\u0131r\u0131yor. PROF\u0130L: \u015eekerli. Lezzetli. Cazibeli. KOKU A\u0130LES\u0130: S\u0131cak ve baharatl\u0131. KOKU T\u0130P\u0130: S\u0131cak ve lezzetli. ANA NOTALAR: Armut \u015fekerlemesi, Sak\u0131z, Akide \u015fekeri.<\/p>","protected":false},"featured_media":13567,"comment_status":"open","ping_status":"closed","template":"","meta":[],"product_brand":[],"product_cat":[144,112],"product_tag":[],"class_list":{"0":"post-13511","1":"product","2":"type-product","3":"status-publish","4":"has-post-thumbnail","6":"product_cat-ithal-kadin-parfum","7":"product_cat-ithal-parfum","9":"first","10":"instock","11":"sale","12":"shipping-taxable","13":"purchasable","14":"product-type-simple"},"jetpack_sharing_enabled":true,"_links":{"self":[{"href":"https:\/\/www.europesstore.com\/en\/wp-json\/wp\/v2\/product\/13511","targetHints":{"allow":["GET"]}}],"collection":[{"href":"https:\/\/www.europesstore.com\/en\/wp-json\/wp\/v2\/product"}],"about":[{"href":"https:\/\/www.europesstore.com\/en\/wp-json\/wp\/v2\/types\/product"}],"replies":[{"embeddable":true,"href":"https:\/\/www.europesstore.com\/en\/wp-json\/wp\/v2\/comments?post=13511"}],"wp:featuredmedia":[{"embeddable":true,"href":"https:\/\/www.europesstore.com\/en\/wp-json\/wp\/v2\/media\/13567"}],"wp:attachment":[{"href":"https:\/\/www.europesstore.com\/en\/wp-json\/wp\/v2\/media?parent=13511"}],"wp:term":[{"taxonomy":"product_brand","embeddable":true,"href":"https:\/\/www.europesstore.com\/en\/wp-json\/wp\/v2\/product_brand?post=13511"},{"taxonomy":"product_cat","embeddable":true,"href":"https:\/\/www.europesstore.com\/en\/wp-json\/wp\/v2\/product_cat?post=13511"},{"taxonomy":"product_tag","embeddable":true,"href":"https:\/\/www.europesstore.com\/en\/wp-json\/wp\/v2\/product_tag?post=13511"}],"curies":[{"name":"wp","href":"https:\/\/api.w.org\/{rel}","templated":true}]}}