{"id":13517,"date":"2025-12-06T10:26:39","date_gmt":"2025-12-06T10:26:39","guid":{"rendered":"https:\/\/europesstore.com\/?post_type=product&#038;p=13517"},"modified":"2025-12-06T10:26:39","modified_gmt":"2025-12-06T10:26:39","slug":"kayali-eden-juicy-apple-01-eau-de-kadin-tester-parfum-100-ml","status":"publish","type":"product","link":"https:\/\/www.europesstore.com\/en\/product\/kayali-eden-juicy-apple-01-eau-de-kadin-tester-parfum-100-ml\/","title":{"rendered":"Kayali Eden Juicy Apple 01- Eau de Kad\u0131n Tester Parf\u00fcm 100 ML"},"content":{"rendered":"<p style=\"font-family:AvantGardeMedium, Arial, sans-serif;font-size:16px;font-style:normal;font-weight:400;letter-spacing:0.4px;line-height:24px;margin:0px 0px 1.5em;padding:0px;text-align:start;text-indent:0px;text-transform:none\">Oyuncu ve b\u00fcy\u00fcleyici bu lezzetli koku, \u00e7\u0131t\u0131r ve sulu k\u0131rm\u0131z\u0131 elmalar ve tatl\u0131 meyvelerin notalar\u0131n\u0131n yan\u0131 s\u0131ra a\u011fz\u0131n\u0131z\u0131 suland\u0131racak taze \u00e7i\u00e7ek notalar\u0131n\u0131 bir araya getiriyor!<\/p>\n<p style=\"font-family:AvantGardeMedium, Arial, sans-serif;font-size:16px;font-style:normal;font-weight:400;letter-spacing:0.4px;line-height:24px;margin:0px 0px 1.5em;padding:0px;text-align:start;text-indent:0px;text-transform:none\">\u00dcst notalar\u0131nda sulu k\u0131rm\u0131z\u0131 elma, egzotik li\u00e7i, \u0131\u015f\u0131lt\u0131l\u0131 pembe greyfurt ve keskin cassis ile bu lezzetli koku a\u011fz\u0131n\u0131z\u0131 suland\u0131racak. Tatl\u0131 yabani \u00e7ilek, ahududu \u015fehvetli \u00e7i\u00e7ekleri ve sarho\u015f edici yasemin Dayan\u0131lmaz kalp notlar\u0131, parf\u00fcme \u0131\u015f\u0131lt\u0131 vermek p\u00fcr\u00fczs\u00fcz vanilya \u00e7i\u00e7e\u011fi iken, k\u00fck\u00fcrtl\u00fc kehribar ve ate\u015fli misk zarf b\u00fct\u00fcn v\u00fccudu. Oyunbaz ve unapologetic mutluluk bir devlet ortaya \u00e7\u0131karmak i\u00e7in buket.<\/p>","protected":false},"excerpt":{"rendered":"<p>Oyuncu ve b\u00fcy\u00fcleyici bu lezzetli koku, \u00e7\u0131t\u0131r ve sulu k\u0131rm\u0131z\u0131 elmalar ve tatl\u0131 meyvelerin notalar\u0131n\u0131n yan\u0131 s\u0131ra a\u011fz\u0131n\u0131z\u0131 suland\u0131racak taze \u00e7i\u00e7ek notalar\u0131n\u0131 bir araya getiriyor! \u00dcst notalar\u0131nda sulu k\u0131rm\u0131z\u0131 elma, egzotik li\u00e7i, \u0131\u015f\u0131lt\u0131l\u0131 pembe greyfurt ve keskin cassis ile bu lezzetli koku a\u011fz\u0131n\u0131z\u0131 suland\u0131racak. Tatl\u0131 yabani \u00e7ilek, ahududu \u015fehvetli \u00e7i\u00e7ekleri ve sarho\u015f edici yasemin Dayan\u0131lmaz [&hellip;]<\/p>","protected":false},"featured_media":13568,"comment_status":"open","ping_status":"closed","template":"","meta":[],"product_brand":[],"product_cat":[144,112],"product_tag":[],"class_list":{"0":"post-13517","1":"product","2":"type-product","3":"status-publish","4":"has-post-thumbnail","6":"product_cat-ithal-kadin-parfum","7":"product_cat-ithal-parfum","9":"first","10":"instock","11":"sale","12":"shipping-taxable","13":"purchasable","14":"product-type-simple"},"jetpack_sharing_enabled":true,"_links":{"self":[{"href":"https:\/\/www.europesstore.com\/en\/wp-json\/wp\/v2\/product\/13517","targetHints":{"allow":["GET"]}}],"collection":[{"href":"https:\/\/www.europesstore.com\/en\/wp-json\/wp\/v2\/product"}],"about":[{"href":"https:\/\/www.europesstore.com\/en\/wp-json\/wp\/v2\/types\/product"}],"replies":[{"embeddable":true,"href":"https:\/\/www.europesstore.com\/en\/wp-json\/wp\/v2\/comments?post=13517"}],"wp:featuredmedia":[{"embeddable":true,"href":"https:\/\/www.europesstore.com\/en\/wp-json\/wp\/v2\/media\/13568"}],"wp:attachment":[{"href":"https:\/\/www.europesstore.com\/en\/wp-json\/wp\/v2\/media?parent=13517"}],"wp:term":[{"taxonomy":"product_brand","embeddable":true,"href":"https:\/\/www.europesstore.com\/en\/wp-json\/wp\/v2\/product_brand?post=13517"},{"taxonomy":"product_cat","embeddable":true,"href":"https:\/\/www.europesstore.com\/en\/wp-json\/wp\/v2\/product_cat?post=13517"},{"taxonomy":"product_tag","embeddable":true,"href":"https:\/\/www.europesstore.com\/en\/wp-json\/wp\/v2\/product_tag?post=13517"}],"curies":[{"name":"wp","href":"https:\/\/api.w.org\/{rel}","templated":true}]}}