{"id":13518,"date":"2025-12-06T10:26:39","date_gmt":"2025-12-06T10:26:39","guid":{"rendered":"https:\/\/europesstore.com\/?post_type=product&#038;p=13518"},"modified":"2025-12-06T10:26:39","modified_gmt":"2025-12-06T10:26:39","slug":"kayali-the-wedding-silk-santal-36-eau-de-kadin-tester-parfum-100-ml","status":"publish","type":"product","link":"https:\/\/www.europesstore.com\/en\/product\/kayali-the-wedding-silk-santal-36-eau-de-kadin-tester-parfum-100-ml\/","title":{"rendered":"Kayali The Wedding Silk Santal 36 &#8211; Eau de Kad\u0131n Tester Parf\u00fcm 100 ML"},"content":{"rendered":"<p><span style=\"font-family:AvantGardeMedium, Arial, sans-serif;font-size:16px\"><span style=\"float:none;font-style:normal;font-weight:400;letter-spacing:0.4px;text-align:start;text-indent:0px;text-transform:none\">Mutlu koku, k\u00f6p\u00fckl\u00fc \u015fampanya ve ipeksi beyaz frezya notalar\u0131yla a\u00e7\u0131l\u0131rken, pembe pralin ve yemye\u015fil nektarin bu romantik kokunun \u00f6z\u00fcne hakim oluyor. Tatl\u0131 misk ve kremsi sandal a\u011fac\u0131n\u0131n yumu\u015fakl\u0131\u011f\u0131, a\u015fk\u0131n bir kutlamas\u0131 olan bu g\u00f6z kama\u015ft\u0131r\u0131c\u0131 kokuyu m\u00fckemmel bir \u015fekilde tamaml\u0131yor.<\/span><\/span><br \/><span style=\"font-family:AvantGardeMedium, Arial, sans-serif;font-size:16px\"><span style=\"float:none;font-style:normal;font-weight:400;letter-spacing:0.4px;text-align:start;text-indent:0px;text-transform:none\">PROF\u0130L:<\/span><\/span><br \/><span style=\"font-family:AvantGardeMedium, Arial, sans-serif;font-size:16px\"><span style=\"float:none;font-style:normal;font-weight:400;letter-spacing:0.4px;text-align:start;text-indent:0px;text-transform:none\">Ayd\u0131nl\u0131k, canland\u0131r\u0131c\u0131, zarif<\/span><\/span><br \/><span style=\"font-family:AvantGardeMedium, Arial, sans-serif;font-size:16px\"><span style=\"float:none;font-style:normal;font-weight:400;letter-spacing:0.4px;text-align:start;text-indent:0px;text-transform:none\">PARF\u00dcM A\u0130LES\u0130:<\/span><\/span><br \/><span style=\"font-family:AvantGardeMedium, Arial, sans-serif;font-size:16px\"><span style=\"float:none;font-style:normal;font-weight:400;letter-spacing:0.4px;text-align:start;text-indent:0px;text-transform:none\">S\u0131cak \u00e7i\u00e7eksi<\/span><\/span><\/p>\n<p><span style=\"font-family:AvantGardeMedium, Arial, sans-serif;font-size:16px\"><span style=\"float:none;font-style:normal;font-weight:400;letter-spacing:0.4px;text-align:start;text-indent:0px;text-transform:none\">BASKIN NOTALAR:<\/span><\/span><br \/><span style=\"font-family:AvantGardeMedium, Arial, sans-serif;font-size:16px\"><span style=\"float:none;font-style:normal;font-weight:400;letter-spacing:0.4px;text-align:start;text-indent:0px;text-transform:none\">-K\u00f6p\u00fckl\u00fc \u015fampanya<\/span><\/span><br \/><span style=\"font-family:AvantGardeMedium, Arial, sans-serif;font-size:16px\"><span style=\"float:none;font-style:normal;font-weight:400;letter-spacing:0.4px;text-align:start;text-indent:0px;text-transform:none\">-Beyaz frezya<\/span><\/span><br \/><span style=\"font-family:AvantGardeMedium, Arial, sans-serif;font-size:16px\"><span style=\"float:none;font-style:normal;font-weight:400;letter-spacing:0.4px;text-align:start;text-indent:0px;text-transform:none\">-Sandal a\u011fac\u0131<\/span><\/span><\/p>","protected":false},"excerpt":{"rendered":"<p>Mutlu koku, k\u00f6p\u00fckl\u00fc \u015fampanya ve ipeksi beyaz frezya notalar\u0131yla a\u00e7\u0131l\u0131rken, pembe pralin ve yemye\u015fil nektarin bu romantik kokunun \u00f6z\u00fcne hakim oluyor. Tatl\u0131 misk ve kremsi sandal a\u011fac\u0131n\u0131n yumu\u015fakl\u0131\u011f\u0131, a\u015fk\u0131n bir kutlamas\u0131 olan bu g\u00f6z kama\u015ft\u0131r\u0131c\u0131 kokuyu m\u00fckemmel bir \u015fekilde tamaml\u0131yor.PROF\u0130L:Ayd\u0131nl\u0131k, canland\u0131r\u0131c\u0131, zarifPARF\u00dcM A\u0130LES\u0130:S\u0131cak \u00e7i\u00e7eksi BASKIN NOTALAR:-K\u00f6p\u00fckl\u00fc \u015fampanya-Beyaz frezya-Sandal a\u011fac\u0131<\/p>","protected":false},"featured_media":13569,"comment_status":"open","ping_status":"closed","template":"","meta":[],"product_brand":[],"product_cat":[144,112],"product_tag":[],"class_list":{"0":"post-13518","1":"product","2":"type-product","3":"status-publish","4":"has-post-thumbnail","6":"product_cat-ithal-kadin-parfum","7":"product_cat-ithal-parfum","9":"first","10":"instock","11":"sale","12":"shipping-taxable","13":"purchasable","14":"product-type-simple"},"jetpack_sharing_enabled":true,"_links":{"self":[{"href":"https:\/\/www.europesstore.com\/en\/wp-json\/wp\/v2\/product\/13518","targetHints":{"allow":["GET"]}}],"collection":[{"href":"https:\/\/www.europesstore.com\/en\/wp-json\/wp\/v2\/product"}],"about":[{"href":"https:\/\/www.europesstore.com\/en\/wp-json\/wp\/v2\/types\/product"}],"replies":[{"embeddable":true,"href":"https:\/\/www.europesstore.com\/en\/wp-json\/wp\/v2\/comments?post=13518"}],"wp:featuredmedia":[{"embeddable":true,"href":"https:\/\/www.europesstore.com\/en\/wp-json\/wp\/v2\/media\/13569"}],"wp:attachment":[{"href":"https:\/\/www.europesstore.com\/en\/wp-json\/wp\/v2\/media?parent=13518"}],"wp:term":[{"taxonomy":"product_brand","embeddable":true,"href":"https:\/\/www.europesstore.com\/en\/wp-json\/wp\/v2\/product_brand?post=13518"},{"taxonomy":"product_cat","embeddable":true,"href":"https:\/\/www.europesstore.com\/en\/wp-json\/wp\/v2\/product_cat?post=13518"},{"taxonomy":"product_tag","embeddable":true,"href":"https:\/\/www.europesstore.com\/en\/wp-json\/wp\/v2\/product_tag?post=13518"}],"curies":[{"name":"wp","href":"https:\/\/api.w.org\/{rel}","templated":true}]}}