{"id":13529,"date":"2025-12-06T10:29:14","date_gmt":"2025-12-06T10:29:14","guid":{"rendered":"https:\/\/europesstore.com\/?post_type=product&#038;p=13529"},"modified":"2025-12-06T10:29:14","modified_gmt":"2025-12-06T10:29:14","slug":"zara-violet-blossom-candy-eau-de-kadin-tester-parfum-100-ml","status":"publish","type":"product","link":"https:\/\/www.europesstore.com\/en\/product\/zara-violet-blossom-candy-eau-de-kadin-tester-parfum-100-ml\/","title":{"rendered":"Zara V\u0131olet Blossom Candy &#8211; Eau de Kad\u0131n Tester Parf\u00fcm 100 ML"},"content":{"rendered":"<div style=\"--tw-blur:;--tw-border-opacity:1;--tw-brightness:;--tw-contrast:;--tw-drop-shadow:;--tw-filter:;--tw-grayscale:;--tw-hue-rotate:;--tw-invert:;--tw-ring-offset-shadow:0 0 #0000;--tw-ring-shadow:0 0 #0000;--tw-rotate:0;--tw-saturate:;--tw-scale-x:1;--tw-scale-y:1;--tw-sepia:;--tw-shadow:0 0 #0000;--tw-skew-x:0;--tw-skew-y:0;--tw-translate-x:0;--tw-translate-y:0;, Arial, sans-serif;font-size:13px;font-style:normal;font-weight:400;letter-spacing:normal;margin:0px;padding:0px;text-align:start;text-indent:0px;text-transform:none\"><span style=\"color:#000000\"><b style=\"--tw-blur:;--tw-border-opacity:1;--tw-brightness:;--tw-contrast:;--tw-drop-shadow:;--tw-filter:;--tw-grayscale:;--tw-hue-rotate:;--tw-invert:;--tw-ring-offset-shadow:0 0 #0000;--tw-ring-shadow:0 0 #0000;--tw-rotate:0;--tw-saturate:;--tw-scale-x:1;--tw-scale-y:1;--tw-sepia:;--tw-shadow:0 0 #0000;--tw-skew-x:0;--tw-skew-y:0;--tw-translate-x:0;--tw-translate-y:0;font-weight:bolder;margin:0px;padding:0px\"><font style=\"--tw-blur:;--tw-border-opacity:1;--tw-brightness:;--tw-contrast:;--tw-drop-shadow:;--tw-filter:;--tw-grayscale:;--tw-hue-rotate:;--tw-invert:;--tw-ring-offset-shadow:0 0 #0000;--tw-ring-shadow:0 0 #0000;--tw-rotate:0;--tw-saturate:;--tw-scale-x:1;--tw-scale-y:1;--tw-sepia:;--tw-shadow:0 0 #0000;--tw-skew-x:0;--tw-skew-y:0;--tw-translate-x:0;--tw-translate-y:0;margin:0px;padding:0px\"><i style=\"--tw-blur:;--tw-border-opacity:1;--tw-brightness:;--tw-contrast:;--tw-drop-shadow:;--tw-filter:;--tw-grayscale:;--tw-hue-rotate:;--tw-invert:;--tw-ring-offset-shadow:0 0 #0000;--tw-ring-shadow:0 0 #0000;--tw-rotate:0;--tw-saturate:;--tw-scale-x:1;--tw-scale-y:1;--tw-sepia:;--tw-shadow:0 0 #0000;--tw-skew-x:0;--tw-skew-y:0;--tw-translate-x:0;--tw-translate-y:0;margin:0px;padding:0px\"><strong>Koku Profili :<\/strong><\/i><\/font><\/b><\/span><\/div>\n<div style=\"--tw-blur:;--tw-border-opacity:1;--tw-brightness:;--tw-contrast:;--tw-drop-shadow:;--tw-filter:;--tw-grayscale:;--tw-hue-rotate:;--tw-invert:;--tw-ring-offset-shadow:0 0 #0000;--tw-ring-shadow:0 0 #0000;--tw-rotate:0;--tw-saturate:;--tw-scale-x:1;--tw-scale-y:1;--tw-sepia:;--tw-shadow:0 0 #0000;--tw-skew-x:0;--tw-skew-y:0;--tw-translate-x:0;--tw-translate-y:0;, Arial, sans-serif;font-size:13px;font-style:normal;font-weight:400;letter-spacing:normal;margin:0px;padding:0px;text-align:start;text-indent:0px;text-transform:none\"><span style=\"font-size:13px\"><span style=\"float:none;font-style:normal;font-weight:300;letter-spacing:0.4px;text-align:start;text-indent:0px;text-transform:none\">Temel Koleksiyonu&#8217;nun ikonik Violet Blossom parf\u00fcm\u00fcn\u00fcn daha gurme bir versiyonu. Bu tatl\u0131 yeniden yorumlama, manolyan\u0131n ihti\u015fam\u0131n\u0131 badem ve bezenin narin notalar\u0131yla birle\u015ftirerek \u00e7i\u00e7ekleri enfes bir yumu\u015fakl\u0131kla sarmal\u0131yor. Sonu\u00e7, tatl\u0131, s\u0131cak ve ba\u011f\u0131ml\u0131l\u0131k yapan bir koku.<\/span><\/span><\/div>","protected":false},"excerpt":{"rendered":"<p>Koku Profili : Temel Koleksiyonu&#8217;nun ikonik Violet Blossom parf\u00fcm\u00fcn\u00fcn daha gurme bir versiyonu. Bu tatl\u0131 yeniden yorumlama, manolyan\u0131n ihti\u015fam\u0131n\u0131 badem ve bezenin narin notalar\u0131yla birle\u015ftirerek \u00e7i\u00e7ekleri enfes bir yumu\u015fakl\u0131kla sarmal\u0131yor. Sonu\u00e7, tatl\u0131, s\u0131cak ve ba\u011f\u0131ml\u0131l\u0131k yapan bir koku.<\/p>","protected":false},"featured_media":13580,"comment_status":"open","ping_status":"closed","template":"","meta":[],"product_brand":[],"product_cat":[144,112],"product_tag":[],"class_list":{"0":"post-13529","1":"product","2":"type-product","3":"status-publish","4":"has-post-thumbnail","6":"product_cat-ithal-kadin-parfum","7":"product_cat-ithal-parfum","9":"first","10":"instock","11":"sale","12":"shipping-taxable","13":"purchasable","14":"product-type-simple"},"jetpack_sharing_enabled":true,"_links":{"self":[{"href":"https:\/\/www.europesstore.com\/en\/wp-json\/wp\/v2\/product\/13529","targetHints":{"allow":["GET"]}}],"collection":[{"href":"https:\/\/www.europesstore.com\/en\/wp-json\/wp\/v2\/product"}],"about":[{"href":"https:\/\/www.europesstore.com\/en\/wp-json\/wp\/v2\/types\/product"}],"replies":[{"embeddable":true,"href":"https:\/\/www.europesstore.com\/en\/wp-json\/wp\/v2\/comments?post=13529"}],"wp:featuredmedia":[{"embeddable":true,"href":"https:\/\/www.europesstore.com\/en\/wp-json\/wp\/v2\/media\/13580"}],"wp:attachment":[{"href":"https:\/\/www.europesstore.com\/en\/wp-json\/wp\/v2\/media?parent=13529"}],"wp:term":[{"taxonomy":"product_brand","embeddable":true,"href":"https:\/\/www.europesstore.com\/en\/wp-json\/wp\/v2\/product_brand?post=13529"},{"taxonomy":"product_cat","embeddable":true,"href":"https:\/\/www.europesstore.com\/en\/wp-json\/wp\/v2\/product_cat?post=13529"},{"taxonomy":"product_tag","embeddable":true,"href":"https:\/\/www.europesstore.com\/en\/wp-json\/wp\/v2\/product_tag?post=13529"}],"curies":[{"name":"wp","href":"https:\/\/api.w.org\/{rel}","templated":true}]}}