{"id":13531,"date":"2025-12-06T10:29:14","date_gmt":"2025-12-06T10:29:14","guid":{"rendered":"https:\/\/europesstore.com\/?post_type=product&#038;p=13531"},"modified":"2025-12-06T10:29:14","modified_gmt":"2025-12-06T10:29:14","slug":"zara-red-vanilla-eau-de-kadin-tester-parfum-100-ml","status":"publish","type":"product","link":"https:\/\/www.europesstore.com\/en\/product\/zara-red-vanilla-eau-de-kadin-tester-parfum-100-ml\/","title":{"rendered":"Zara Red Vanilla &#8211; Eau de Kad\u0131n Tester Parf\u00fcm 100 ML"},"content":{"rendered":"<p><span style=\"font-size:13px\"><span style=\"float:none;font-style:normal;font-weight:300;letter-spacing:0.4px;text-align:start;text-indent:0px;text-transform:none\">\u00c7i\u00e7eksi ve tatl\u0131 notalarla sofistike, s\u0131cak ve baharatl\u0131 bir koku. Zarif s\u00fcsen ve k\u0131rm\u0131z\u0131 \u015fakay\u0131k \u00e7i\u00e7eklerinden olu\u015fan canl\u0131 buket, mandalinan\u0131n meyvemsi notalar\u0131 ve vanilya notalar\u0131yla birle\u015ftikten sonra tatl\u0131 ve zarif ahududu esintisiyle bulu\u015fuyor.<\/span><\/span><\/p>","protected":false},"excerpt":{"rendered":"<p>\u00c7i\u00e7eksi ve tatl\u0131 notalarla sofistike, s\u0131cak ve baharatl\u0131 bir koku. Zarif s\u00fcsen ve k\u0131rm\u0131z\u0131 \u015fakay\u0131k \u00e7i\u00e7eklerinden olu\u015fan canl\u0131 buket, mandalinan\u0131n meyvemsi notalar\u0131 ve vanilya notalar\u0131yla birle\u015ftikten sonra tatl\u0131 ve zarif ahududu esintisiyle bulu\u015fuyor.<\/p>","protected":false},"featured_media":13582,"comment_status":"open","ping_status":"closed","template":"","meta":[],"product_brand":[],"product_cat":[144,112],"product_tag":[],"class_list":{"0":"post-13531","1":"product","2":"type-product","3":"status-publish","4":"has-post-thumbnail","6":"product_cat-ithal-kadin-parfum","7":"product_cat-ithal-parfum","9":"first","10":"instock","11":"sale","12":"shipping-taxable","13":"purchasable","14":"product-type-simple"},"jetpack_sharing_enabled":true,"_links":{"self":[{"href":"https:\/\/www.europesstore.com\/en\/wp-json\/wp\/v2\/product\/13531","targetHints":{"allow":["GET"]}}],"collection":[{"href":"https:\/\/www.europesstore.com\/en\/wp-json\/wp\/v2\/product"}],"about":[{"href":"https:\/\/www.europesstore.com\/en\/wp-json\/wp\/v2\/types\/product"}],"replies":[{"embeddable":true,"href":"https:\/\/www.europesstore.com\/en\/wp-json\/wp\/v2\/comments?post=13531"}],"wp:featuredmedia":[{"embeddable":true,"href":"https:\/\/www.europesstore.com\/en\/wp-json\/wp\/v2\/media\/13582"}],"wp:attachment":[{"href":"https:\/\/www.europesstore.com\/en\/wp-json\/wp\/v2\/media?parent=13531"}],"wp:term":[{"taxonomy":"product_brand","embeddable":true,"href":"https:\/\/www.europesstore.com\/en\/wp-json\/wp\/v2\/product_brand?post=13531"},{"taxonomy":"product_cat","embeddable":true,"href":"https:\/\/www.europesstore.com\/en\/wp-json\/wp\/v2\/product_cat?post=13531"},{"taxonomy":"product_tag","embeddable":true,"href":"https:\/\/www.europesstore.com\/en\/wp-json\/wp\/v2\/product_tag?post=13531"}],"curies":[{"name":"wp","href":"https:\/\/api.w.org\/{rel}","templated":true}]}}