{"id":13533,"date":"2025-12-06T10:29:13","date_gmt":"2025-12-06T10:29:13","guid":{"rendered":"https:\/\/europesstore.com\/?post_type=product&#038;p=13533"},"modified":"2025-12-06T10:29:13","modified_gmt":"2025-12-06T10:29:13","slug":"zara-apple-juice-eau-de-kadin-tester-parfum-100-ml","status":"publish","type":"product","link":"https:\/\/www.europesstore.com\/en\/product\/zara-apple-juice-eau-de-kadin-tester-parfum-100-ml\/","title":{"rendered":"Zara Apple Ju\u0131ce &#8211; Eau de Kad\u0131n Tester Parf\u00fcm 100 ML"},"content":{"rendered":"<h3 data-start=\"44\" data-end=\"89\">Koku Notalar\u0131 :&nbsp;<\/h3>\n<ul data-start=\"90\" data-end=\"255\">\n<li data-start=\"90\" data-end=\"131\">\n<p data-start=\"92\" data-end=\"131\"><span class=\"relative -mx-px my-[-0.2rem] rounded px-px py-[0.2rem] transition-colors duration-100 ease-in-out\"><strong data-start=\"0\" data-end=\"16\" data-is-only-node=\"\">\u00dcst Notalar:<\/strong> Elma, Portakal, Pembe Greyfurt<\/span><\/p>\n<\/li>\n<li data-start=\"132\" data-end=\"173\">\n<p data-start=\"134\" data-end=\"173\"><span class=\"relative -mx-px my-[-0.2rem] rounded px-px py-[0.2rem] transition-colors duration-100 ease-in-out\"><strong data-start=\"0\" data-end=\"17\" data-is-only-node=\"\">Orta Notalar:<\/strong> \u015eakay\u0131k (Peony), Yasemin, Menek\u015fe, G\u00fcl<\/span><\/p>\n<\/li>\n<li data-start=\"174\" data-end=\"255\">\n<p data-start=\"176\" data-end=\"255\"><span class=\"relative -mx-px my-[-0.2rem] rounded px-px py-[0.2rem] transition-colors duration-100 ease-in-out\"><strong data-start=\"0\" data-end=\"16\" data-is-only-node=\"\">Baz Notalar:<\/strong> Sedir, Sandal A\u011fac\u0131, Misk<\/span><\/p>\n<\/li>\n<\/ul>","protected":false},"excerpt":{"rendered":"<p>Koku Notalar\u0131 :&nbsp; \u00dcst Notalar: Elma, Portakal, Pembe Greyfurt Orta Notalar: \u015eakay\u0131k (Peony), Yasemin, Menek\u015fe, G\u00fcl Baz Notalar: Sedir, Sandal A\u011fac\u0131, Misk<\/p>","protected":false},"featured_media":13584,"comment_status":"open","ping_status":"closed","template":"","meta":[],"product_brand":[],"product_cat":[144,112],"product_tag":[],"class_list":{"0":"post-13533","1":"product","2":"type-product","3":"status-publish","4":"has-post-thumbnail","6":"product_cat-ithal-kadin-parfum","7":"product_cat-ithal-parfum","9":"first","10":"instock","11":"sale","12":"shipping-taxable","13":"purchasable","14":"product-type-simple"},"jetpack_sharing_enabled":true,"_links":{"self":[{"href":"https:\/\/www.europesstore.com\/en\/wp-json\/wp\/v2\/product\/13533","targetHints":{"allow":["GET"]}}],"collection":[{"href":"https:\/\/www.europesstore.com\/en\/wp-json\/wp\/v2\/product"}],"about":[{"href":"https:\/\/www.europesstore.com\/en\/wp-json\/wp\/v2\/types\/product"}],"replies":[{"embeddable":true,"href":"https:\/\/www.europesstore.com\/en\/wp-json\/wp\/v2\/comments?post=13533"}],"wp:featuredmedia":[{"embeddable":true,"href":"https:\/\/www.europesstore.com\/en\/wp-json\/wp\/v2\/media\/13584"}],"wp:attachment":[{"href":"https:\/\/www.europesstore.com\/en\/wp-json\/wp\/v2\/media?parent=13533"}],"wp:term":[{"taxonomy":"product_brand","embeddable":true,"href":"https:\/\/www.europesstore.com\/en\/wp-json\/wp\/v2\/product_brand?post=13533"},{"taxonomy":"product_cat","embeddable":true,"href":"https:\/\/www.europesstore.com\/en\/wp-json\/wp\/v2\/product_cat?post=13533"},{"taxonomy":"product_tag","embeddable":true,"href":"https:\/\/www.europesstore.com\/en\/wp-json\/wp\/v2\/product_tag?post=13533"}],"curies":[{"name":"wp","href":"https:\/\/api.w.org\/{rel}","templated":true}]}}