{"id":13534,"date":"2025-12-06T10:29:13","date_gmt":"2025-12-06T10:29:13","guid":{"rendered":"https:\/\/europesstore.com\/?post_type=product&#038;p=13534"},"modified":"2025-12-06T10:29:13","modified_gmt":"2025-12-06T10:29:13","slug":"zara-fruity-eau-de-kadin-tester-parfum-100-ml","status":"publish","type":"product","link":"https:\/\/www.europesstore.com\/en\/product\/zara-fruity-eau-de-kadin-tester-parfum-100-ml\/","title":{"rendered":"Zara Fruity- Eau de Kad\u0131n Tester Parf\u00fcm 100 ML"},"content":{"rendered":"<h3 data-start=\"44\" data-end=\"62\">Koku Notas\u0131 :&nbsp;<\/h3>\n<ul data-start=\"63\" data-end=\"209\">\n<li data-start=\"63\" data-end=\"88\">\n<p data-start=\"65\" data-end=\"88\">Greyfurt (Grapefruit)<\/p>\n<\/li>\n<li data-start=\"89\" data-end=\"114\">\n<p data-start=\"91\" data-end=\"114\">Mandalina (Tangerine)<\/p>\n<\/li>\n<li data-start=\"115\" data-end=\"156\">\n<p data-start=\"117\" data-end=\"156\"><span class=\"relative -mx-px my-[-0.2rem] rounded px-px py-[0.2rem] transition-colors duration-100 ease-in-out\">K\u0131rm\u0131z\u0131 Frenk \u00dcz\u00fcm\u00fc (Red Currant)<\/span><\/p>\n<\/li>\n<li data-start=\"157\" data-end=\"209\">\n<p data-start=\"159\" data-end=\"209\">G\u00fcl (Rose)<\/p>\n<\/li>\n<\/ul>","protected":false},"excerpt":{"rendered":"<p>Koku Notas\u0131 :&nbsp; Greyfurt (Grapefruit) Mandalina (Tangerine) K\u0131rm\u0131z\u0131 Frenk \u00dcz\u00fcm\u00fc (Red Currant) G\u00fcl (Rose)<\/p>","protected":false},"featured_media":13585,"comment_status":"open","ping_status":"closed","template":"","meta":[],"product_brand":[],"product_cat":[144,112],"product_tag":[],"class_list":{"0":"post-13534","1":"product","2":"type-product","3":"status-publish","4":"has-post-thumbnail","6":"product_cat-ithal-kadin-parfum","7":"product_cat-ithal-parfum","9":"first","10":"instock","11":"sale","12":"shipping-taxable","13":"purchasable","14":"product-type-simple"},"jetpack_sharing_enabled":true,"_links":{"self":[{"href":"https:\/\/www.europesstore.com\/en\/wp-json\/wp\/v2\/product\/13534","targetHints":{"allow":["GET"]}}],"collection":[{"href":"https:\/\/www.europesstore.com\/en\/wp-json\/wp\/v2\/product"}],"about":[{"href":"https:\/\/www.europesstore.com\/en\/wp-json\/wp\/v2\/types\/product"}],"replies":[{"embeddable":true,"href":"https:\/\/www.europesstore.com\/en\/wp-json\/wp\/v2\/comments?post=13534"}],"wp:featuredmedia":[{"embeddable":true,"href":"https:\/\/www.europesstore.com\/en\/wp-json\/wp\/v2\/media\/13585"}],"wp:attachment":[{"href":"https:\/\/www.europesstore.com\/en\/wp-json\/wp\/v2\/media?parent=13534"}],"wp:term":[{"taxonomy":"product_brand","embeddable":true,"href":"https:\/\/www.europesstore.com\/en\/wp-json\/wp\/v2\/product_brand?post=13534"},{"taxonomy":"product_cat","embeddable":true,"href":"https:\/\/www.europesstore.com\/en\/wp-json\/wp\/v2\/product_cat?post=13534"},{"taxonomy":"product_tag","embeddable":true,"href":"https:\/\/www.europesstore.com\/en\/wp-json\/wp\/v2\/product_tag?post=13534"}],"curies":[{"name":"wp","href":"https:\/\/api.w.org\/{rel}","templated":true}]}}