{"id":13535,"date":"2025-12-06T10:29:13","date_gmt":"2025-12-06T10:29:13","guid":{"rendered":"https:\/\/europesstore.com\/?post_type=product&#038;p=13535"},"modified":"2025-12-06T10:29:13","modified_gmt":"2025-12-06T10:29:13","slug":"zara-twlight-mauve-eau-de-kadin-tester-parfum-100-ml","status":"publish","type":"product","link":"https:\/\/www.europesstore.com\/en\/product\/zara-twlight-mauve-eau-de-kadin-tester-parfum-100-ml\/","title":{"rendered":"Zara Twl\u0131ght Mauve- Eau de Kad\u0131n Tester Parf\u00fcm 100 ML"},"content":{"rendered":"<ul>\n<li data-start=\"578\" data-end=\"619\">\n<p data-start=\"580\" data-end=\"619\"><span class=\"relative -mx-px my-[-0.2rem] rounded px-px py-[0.2rem] transition-colors duration-100 ease-in-out\"><strong data-start=\"0\" data-end=\"17\" data-is-only-node=\"\">Koku Profili:<\/strong> Canl\u0131 meyvemsi \u00fcste ge\u00e7i\u015f, pudral\u0131 \u00e7i\u00e7ek sarcastan bir kalp, ard\u0131ndan temiz &amp; hafif s\u0131cak odunsu\u2011ambra alt ton.<\/span><\/p>\n<\/li>\n<li data-start=\"621\" data-end=\"662\">\n<p data-start=\"623\" data-end=\"662\"><span class=\"relative -mx-px my-[-0.2rem] rounded px-px py-[0.2rem] transition-colors duration-100 ease-in-out\"><strong data-start=\"0\" data-end=\"20\" data-is-only-node=\"\">Kullan\u0131m Zaman\u0131:<\/strong> G\u00fcnd\u00fcz &amp; yaz\u2011ilkbahar i\u00e7in ideal, ferah ve gen\u00e7 enerjili.<\/span><\/p>\n<\/li>\n<li data-start=\"664\" data-end=\"745\">\n<p data-start=\"666\" data-end=\"745\"><span class=\"relative -mx-px my-[-0.2rem] rounded px-px py-[0.2rem] transition-colors duration-100 ease-in-out\"><strong data-start=\"0\" data-end=\"15\" data-is-only-node=\"\">Performans:<\/strong> Orta kal\u0131c\u0131l\u0131k; tazelik ve hafif yay\u0131l\u0131m arayanlara uygun.<\/span><\/p>\n<\/li>\n<\/ul>","protected":false},"excerpt":{"rendered":"<p>Koku Profili: Canl\u0131 meyvemsi \u00fcste ge\u00e7i\u015f, pudral\u0131 \u00e7i\u00e7ek sarcastan bir kalp, ard\u0131ndan temiz &amp; hafif s\u0131cak odunsu\u2011ambra alt ton. Kullan\u0131m Zaman\u0131: G\u00fcnd\u00fcz &amp; yaz\u2011ilkbahar i\u00e7in ideal, ferah ve gen\u00e7 enerjili. Performans: Orta kal\u0131c\u0131l\u0131k; tazelik ve hafif yay\u0131l\u0131m arayanlara uygun.<\/p>","protected":false},"featured_media":13586,"comment_status":"open","ping_status":"closed","template":"","meta":[],"product_brand":[],"product_cat":[144,112],"product_tag":[],"class_list":{"0":"post-13535","1":"product","2":"type-product","3":"status-publish","4":"has-post-thumbnail","6":"product_cat-ithal-kadin-parfum","7":"product_cat-ithal-parfum","9":"first","10":"instock","11":"sale","12":"shipping-taxable","13":"purchasable","14":"product-type-simple"},"jetpack_sharing_enabled":true,"_links":{"self":[{"href":"https:\/\/www.europesstore.com\/en\/wp-json\/wp\/v2\/product\/13535","targetHints":{"allow":["GET"]}}],"collection":[{"href":"https:\/\/www.europesstore.com\/en\/wp-json\/wp\/v2\/product"}],"about":[{"href":"https:\/\/www.europesstore.com\/en\/wp-json\/wp\/v2\/types\/product"}],"replies":[{"embeddable":true,"href":"https:\/\/www.europesstore.com\/en\/wp-json\/wp\/v2\/comments?post=13535"}],"wp:featuredmedia":[{"embeddable":true,"href":"https:\/\/www.europesstore.com\/en\/wp-json\/wp\/v2\/media\/13586"}],"wp:attachment":[{"href":"https:\/\/www.europesstore.com\/en\/wp-json\/wp\/v2\/media?parent=13535"}],"wp:term":[{"taxonomy":"product_brand","embeddable":true,"href":"https:\/\/www.europesstore.com\/en\/wp-json\/wp\/v2\/product_brand?post=13535"},{"taxonomy":"product_cat","embeddable":true,"href":"https:\/\/www.europesstore.com\/en\/wp-json\/wp\/v2\/product_cat?post=13535"},{"taxonomy":"product_tag","embeddable":true,"href":"https:\/\/www.europesstore.com\/en\/wp-json\/wp\/v2\/product_tag?post=13535"}],"curies":[{"name":"wp","href":"https:\/\/api.w.org\/{rel}","templated":true}]}}